{"id":18755,"date":"2025-02-12T12:43:35","date_gmt":"2025-02-12T11:43:35","guid":{"rendered":"https:\/\/nonsansraison.com\/tableware\/uncategorized\/magma-cobalt-et-or-bol-petit-dejeuner\/"},"modified":"2025-02-20T10:44:39","modified_gmt":"2025-02-20T09:44:39","slug":"magma-cobalt-et-or-bol-petit-dejeuner","status":"publish","type":"product","link":"https:\/\/nonsansraison.com\/en\/tableware\/gift-ideas\/for-coffee\/magma-cobalt-et-or-bol-petit-dejeuner\/","title":{"rendered":"Magma cobalt and gold Small breakfast bowl"},"content":{"rendered":"<p>&nbsp;<\/p>\n<p>&nbsp;<\/p>\n","protected":false},"excerpt":{"rendered":"<p><strong>Small breakfast bowl Magma cobalt and gold<\/strong><\/p>\n<p><span style=\"font-family: Montserrat, sans-serif; font-variant-ligatures: normal; orphans: 2; widows: 2; text-decoration-thickness: initial;\">With the Magma collection, entirely hand-crafted, Non Sans Raison used the color as a starting point in its manufacture process as opposed to a final surface treatment on the enamel porcelain, so as to be a texture, a key element in the finished object. Its marbled design fully handmade makes each piece unique allowing to provide a singular and varied arrangement around and the center of the table.<\/span><\/p>\n","protected":false},"featured_media":18235,"comment_status":"closed","ping_status":"closed","template":"","meta":{"_links_to":"","_links_to_target":""},"product_brand":[],"product_cat":[243,359,360,400,244,322],"product_tag":[],"class_list":{"0":"post-18755","1":"product","2":"type-product","3":"status-publish","4":"has-post-thumbnail","6":"product_cat-tableware","7":"product_cat-for-coffee","8":"product_cat-for-tea","9":"product_cat-pour-laperitif-en","10":"product_cat-gift-ideas","11":"product_cat-magma-cobalt-and-gold","13":"first","14":"instock","15":"taxable","16":"shipping-taxable","17":"purchasable","18":"product-type-simple"},"yoast_head":"<!-- This site is optimized with the Yoast SEO plugin v27.1.1 - https:\/\/yoast.com\/product\/yoast-seo-wordpress\/ -->\n<title>Magma cobalt and gold Small breakfast bowl - Non Sans Raison<\/title>\n<meta name=\"description\" content=\"Non Sans Raison, cr\u00e9ateur, fabricant et \u00e9diteur d&#039;art de la table et d&#039;objets design de haute facture artisanale en porcelaine de Limoges commercialis\u00e9es dans le monde entier et r\u00e9alis\u00e9es \u00e0 partir de mat\u00e9riaux nobles. Vente en ligne d&#039;art de la table moderne, assiettes, objets cadeaux design, porcelaine contemporaine et Wall Plates.\" \/>\n<meta name=\"robots\" content=\"index, follow, max-snippet:-1, max-image-preview:large, max-video-preview:-1\" \/>\n<link rel=\"canonical\" href=\"https:\/\/nonsansraison.com\/en\/tableware\/gift-ideas\/for-coffee\/magma-cobalt-et-or-bol-petit-dejeuner\/\" \/>\n<meta property=\"og:locale\" content=\"en_US\" \/>\n<meta property=\"og:type\" content=\"article\" \/>\n<meta property=\"og:title\" content=\"Magma cobalt and gold Small breakfast bowl - Non Sans Raison\" \/>\n<meta property=\"og:description\" content=\"Non Sans Raison, cr\u00e9ateur, fabricant et \u00e9diteur d&#039;art de la table et d&#039;objets design de haute facture artisanale en porcelaine de Limoges commercialis\u00e9es dans le monde entier et r\u00e9alis\u00e9es \u00e0 partir de mat\u00e9riaux nobles. Vente en ligne d&#039;art de la table moderne, assiettes, objets cadeaux design, porcelaine contemporaine et Wall Plates.\" \/>\n<meta property=\"og:url\" content=\"https:\/\/nonsansraison.com\/en\/tableware\/gift-ideas\/for-coffee\/magma-cobalt-et-or-bol-petit-dejeuner\/\" \/>\n<meta property=\"og:site_name\" content=\"Non Sans Raison\" \/>\n<meta property=\"article:publisher\" content=\"https:\/\/www.facebook.com\/nonsansraison\" \/>\n<meta property=\"article:modified_time\" content=\"2025-02-20T09:44:39+00:00\" \/>\n<meta property=\"og:image\" content=\"https:\/\/nonsansraison.com\/wp-content\/uploads\/2025\/02\/Bol-a-petit-dejeuner-Magma-bleu-or-Porcelaine-Limoges.png\" \/>\n\t<meta property=\"og:image:width\" content=\"1600\" \/>\n\t<meta property=\"og:image:height\" content=\"1067\" \/>\n\t<meta property=\"og:image:type\" content=\"image\/png\" \/>\n<meta name=\"twitter:card\" content=\"summary_large_image\" \/>\n<meta name=\"twitter:site\" content=\"@nonsansraison\" \/>\n<meta name=\"twitter:label1\" content=\"Est. reading time\" \/>\n\t<meta name=\"twitter:data1\" content=\"1 minute\" \/>\n<script type=\"application\/ld+json\" class=\"yoast-schema-graph\">{\"@context\":\"https:\/\/schema.org\",\"@graph\":[{\"@type\":\"WebPage\",\"@id\":\"https:\/\/nonsansraison.com\/en\/tableware\/gift-ideas\/for-coffee\/magma-cobalt-et-or-bol-petit-dejeuner\/\",\"url\":\"https:\/\/nonsansraison.com\/en\/tableware\/gift-ideas\/for-coffee\/magma-cobalt-et-or-bol-petit-dejeuner\/\",\"name\":\"Magma cobalt and gold Small breakfast bowl - Non Sans Raison\",\"isPartOf\":{\"@id\":\"https:\/\/nonsansraison.com\/#website\"},\"primaryImageOfPage\":{\"@id\":\"https:\/\/nonsansraison.com\/en\/tableware\/gift-ideas\/for-coffee\/magma-cobalt-et-or-bol-petit-dejeuner\/#primaryimage\"},\"image\":{\"@id\":\"https:\/\/nonsansraison.com\/en\/tableware\/gift-ideas\/for-coffee\/magma-cobalt-et-or-bol-petit-dejeuner\/#primaryimage\"},\"thumbnailUrl\":\"https:\/\/nonsansraison.com\/wp-content\/uploads\/2025\/02\/Bol-a-petit-dejeuner-Magma-bleu-or-Porcelaine-Limoges.png\",\"datePublished\":\"2025-02-12T11:43:35+00:00\",\"dateModified\":\"2025-02-20T09:44:39+00:00\",\"description\":\"Non Sans Raison, cr\u00e9ateur, fabricant et \u00e9diteur d'art de la table et d'objets design de haute facture artisanale en porcelaine de Limoges commercialis\u00e9es dans le monde entier et r\u00e9alis\u00e9es \u00e0 partir de mat\u00e9riaux nobles. Vente en ligne d'art de la table moderne, assiettes, objets cadeaux design, porcelaine contemporaine et Wall Plates.\",\"breadcrumb\":{\"@id\":\"https:\/\/nonsansraison.com\/en\/tableware\/gift-ideas\/for-coffee\/magma-cobalt-et-or-bol-petit-dejeuner\/#breadcrumb\"},\"inLanguage\":\"en-US\",\"potentialAction\":[{\"@type\":\"ReadAction\",\"target\":[\"https:\/\/nonsansraison.com\/en\/tableware\/gift-ideas\/for-coffee\/magma-cobalt-et-or-bol-petit-dejeuner\/\"]}]},{\"@type\":\"ImageObject\",\"inLanguage\":\"en-US\",\"@id\":\"https:\/\/nonsansraison.com\/en\/tableware\/gift-ideas\/for-coffee\/magma-cobalt-et-or-bol-petit-dejeuner\/#primaryimage\",\"url\":\"https:\/\/nonsansraison.com\/wp-content\/uploads\/2025\/02\/Bol-a-petit-dejeuner-Magma-bleu-or-Porcelaine-Limoges.png\",\"contentUrl\":\"https:\/\/nonsansraison.com\/wp-content\/uploads\/2025\/02\/Bol-a-petit-dejeuner-Magma-bleu-or-Porcelaine-Limoges.png\",\"width\":1600,\"height\":1067},{\"@type\":\"BreadcrumbList\",\"@id\":\"https:\/\/nonsansraison.com\/en\/tableware\/gift-ideas\/for-coffee\/magma-cobalt-et-or-bol-petit-dejeuner\/#breadcrumb\",\"itemListElement\":[{\"@type\":\"ListItem\",\"position\":1,\"name\":\"Accueil\",\"item\":\"https:\/\/nonsansraison.com\/en\/\"},{\"@type\":\"ListItem\",\"position\":2,\"name\":\"Shop\",\"item\":\"https:\/\/nonsansraison.com\/en\/shop-3\/\"},{\"@type\":\"ListItem\",\"position\":3,\"name\":\"Magma cobalt and gold Small breakfast bowl\"}]},{\"@type\":\"WebSite\",\"@id\":\"https:\/\/nonsansraison.com\/#website\",\"url\":\"https:\/\/nonsansraison.com\/\",\"name\":\"Non Sans Raison\",\"description\":\"Porcelaine de Limoges\",\"publisher\":{\"@id\":\"https:\/\/nonsansraison.com\/#organization\"},\"potentialAction\":[{\"@type\":\"SearchAction\",\"target\":{\"@type\":\"EntryPoint\",\"urlTemplate\":\"https:\/\/nonsansraison.com\/?s={search_term_string}\"},\"query-input\":{\"@type\":\"PropertyValueSpecification\",\"valueRequired\":true,\"valueName\":\"search_term_string\"}}],\"inLanguage\":\"en-US\"},{\"@type\":\"Organization\",\"@id\":\"https:\/\/nonsansraison.com\/#organization\",\"name\":\"Non Sans Raison\",\"url\":\"https:\/\/nonsansraison.com\/\",\"logo\":{\"@type\":\"ImageObject\",\"inLanguage\":\"en-US\",\"@id\":\"https:\/\/nonsansraison.com\/#\/schema\/logo\/image\/\",\"url\":\"https:\/\/nonsansraison.com\/wp-content\/uploads\/2021\/07\/logo-Non-Sans-Raison-porcelaine-Limoges-France.jpg\",\"contentUrl\":\"https:\/\/nonsansraison.com\/wp-content\/uploads\/2021\/07\/logo-Non-Sans-Raison-porcelaine-Limoges-France.jpg\",\"width\":500,\"height\":500,\"caption\":\"Non Sans Raison\"},\"image\":{\"@id\":\"https:\/\/nonsansraison.com\/#\/schema\/logo\/image\/\"},\"sameAs\":[\"https:\/\/www.facebook.com\/nonsansraison\",\"https:\/\/x.com\/nonsansraison\",\"https:\/\/www.instagram.com\/nonsansraison\/\",\"https:\/\/www.linkedin.com\/company\/non-sans-raison\",\"https:\/\/fr.pinterest.com\/nonsansraison\/\"]}]}<\/script>\n<!-- \/ Yoast SEO plugin. -->","yoast_head_json":{"title":"Magma cobalt and gold Small breakfast bowl - Non Sans Raison","description":"Non Sans Raison, cr\u00e9ateur, fabricant et \u00e9diteur d'art de la table et d'objets design de haute facture artisanale en porcelaine de Limoges commercialis\u00e9es dans le monde entier et r\u00e9alis\u00e9es \u00e0 partir de mat\u00e9riaux nobles. Vente en ligne d'art de la table moderne, assiettes, objets cadeaux design, porcelaine contemporaine et Wall Plates.","robots":{"index":"index","follow":"follow","max-snippet":"max-snippet:-1","max-image-preview":"max-image-preview:large","max-video-preview":"max-video-preview:-1"},"canonical":"https:\/\/nonsansraison.com\/en\/tableware\/gift-ideas\/for-coffee\/magma-cobalt-et-or-bol-petit-dejeuner\/","og_locale":"en_US","og_type":"article","og_title":"Magma cobalt and gold Small breakfast bowl - Non Sans Raison","og_description":"Non Sans Raison, cr\u00e9ateur, fabricant et \u00e9diteur d'art de la table et d'objets design de haute facture artisanale en porcelaine de Limoges commercialis\u00e9es dans le monde entier et r\u00e9alis\u00e9es \u00e0 partir de mat\u00e9riaux nobles. Vente en ligne d'art de la table moderne, assiettes, objets cadeaux design, porcelaine contemporaine et Wall Plates.","og_url":"https:\/\/nonsansraison.com\/en\/tableware\/gift-ideas\/for-coffee\/magma-cobalt-et-or-bol-petit-dejeuner\/","og_site_name":"Non Sans Raison","article_publisher":"https:\/\/www.facebook.com\/nonsansraison","article_modified_time":"2025-02-20T09:44:39+00:00","og_image":[{"width":1600,"height":1067,"url":"https:\/\/nonsansraison.com\/wp-content\/uploads\/2025\/02\/Bol-a-petit-dejeuner-Magma-bleu-or-Porcelaine-Limoges.png","type":"image\/png"}],"twitter_card":"summary_large_image","twitter_site":"@nonsansraison","twitter_misc":{"Est. reading time":"1 minute"},"schema":{"@context":"https:\/\/schema.org","@graph":[{"@type":"WebPage","@id":"https:\/\/nonsansraison.com\/en\/tableware\/gift-ideas\/for-coffee\/magma-cobalt-et-or-bol-petit-dejeuner\/","url":"https:\/\/nonsansraison.com\/en\/tableware\/gift-ideas\/for-coffee\/magma-cobalt-et-or-bol-petit-dejeuner\/","name":"Magma cobalt and gold Small breakfast bowl - Non Sans Raison","isPartOf":{"@id":"https:\/\/nonsansraison.com\/#website"},"primaryImageOfPage":{"@id":"https:\/\/nonsansraison.com\/en\/tableware\/gift-ideas\/for-coffee\/magma-cobalt-et-or-bol-petit-dejeuner\/#primaryimage"},"image":{"@id":"https:\/\/nonsansraison.com\/en\/tableware\/gift-ideas\/for-coffee\/magma-cobalt-et-or-bol-petit-dejeuner\/#primaryimage"},"thumbnailUrl":"https:\/\/nonsansraison.com\/wp-content\/uploads\/2025\/02\/Bol-a-petit-dejeuner-Magma-bleu-or-Porcelaine-Limoges.png","datePublished":"2025-02-12T11:43:35+00:00","dateModified":"2025-02-20T09:44:39+00:00","description":"Non Sans Raison, cr\u00e9ateur, fabricant et \u00e9diteur d'art de la table et d'objets design de haute facture artisanale en porcelaine de Limoges commercialis\u00e9es dans le monde entier et r\u00e9alis\u00e9es \u00e0 partir de mat\u00e9riaux nobles. Vente en ligne d'art de la table moderne, assiettes, objets cadeaux design, porcelaine contemporaine et Wall Plates.","breadcrumb":{"@id":"https:\/\/nonsansraison.com\/en\/tableware\/gift-ideas\/for-coffee\/magma-cobalt-et-or-bol-petit-dejeuner\/#breadcrumb"},"inLanguage":"en-US","potentialAction":[{"@type":"ReadAction","target":["https:\/\/nonsansraison.com\/en\/tableware\/gift-ideas\/for-coffee\/magma-cobalt-et-or-bol-petit-dejeuner\/"]}]},{"@type":"ImageObject","inLanguage":"en-US","@id":"https:\/\/nonsansraison.com\/en\/tableware\/gift-ideas\/for-coffee\/magma-cobalt-et-or-bol-petit-dejeuner\/#primaryimage","url":"https:\/\/nonsansraison.com\/wp-content\/uploads\/2025\/02\/Bol-a-petit-dejeuner-Magma-bleu-or-Porcelaine-Limoges.png","contentUrl":"https:\/\/nonsansraison.com\/wp-content\/uploads\/2025\/02\/Bol-a-petit-dejeuner-Magma-bleu-or-Porcelaine-Limoges.png","width":1600,"height":1067},{"@type":"BreadcrumbList","@id":"https:\/\/nonsansraison.com\/en\/tableware\/gift-ideas\/for-coffee\/magma-cobalt-et-or-bol-petit-dejeuner\/#breadcrumb","itemListElement":[{"@type":"ListItem","position":1,"name":"Accueil","item":"https:\/\/nonsansraison.com\/en\/"},{"@type":"ListItem","position":2,"name":"Shop","item":"https:\/\/nonsansraison.com\/en\/shop-3\/"},{"@type":"ListItem","position":3,"name":"Magma cobalt and gold Small breakfast bowl"}]},{"@type":"WebSite","@id":"https:\/\/nonsansraison.com\/#website","url":"https:\/\/nonsansraison.com\/","name":"Non Sans Raison","description":"Porcelaine de Limoges","publisher":{"@id":"https:\/\/nonsansraison.com\/#organization"},"potentialAction":[{"@type":"SearchAction","target":{"@type":"EntryPoint","urlTemplate":"https:\/\/nonsansraison.com\/?s={search_term_string}"},"query-input":{"@type":"PropertyValueSpecification","valueRequired":true,"valueName":"search_term_string"}}],"inLanguage":"en-US"},{"@type":"Organization","@id":"https:\/\/nonsansraison.com\/#organization","name":"Non Sans Raison","url":"https:\/\/nonsansraison.com\/","logo":{"@type":"ImageObject","inLanguage":"en-US","@id":"https:\/\/nonsansraison.com\/#\/schema\/logo\/image\/","url":"https:\/\/nonsansraison.com\/wp-content\/uploads\/2021\/07\/logo-Non-Sans-Raison-porcelaine-Limoges-France.jpg","contentUrl":"https:\/\/nonsansraison.com\/wp-content\/uploads\/2021\/07\/logo-Non-Sans-Raison-porcelaine-Limoges-France.jpg","width":500,"height":500,"caption":"Non Sans Raison"},"image":{"@id":"https:\/\/nonsansraison.com\/#\/schema\/logo\/image\/"},"sameAs":["https:\/\/www.facebook.com\/nonsansraison","https:\/\/x.com\/nonsansraison","https:\/\/www.instagram.com\/nonsansraison\/","https:\/\/www.linkedin.com\/company\/non-sans-raison","https:\/\/fr.pinterest.com\/nonsansraison\/"]}]}},"_links":{"self":[{"href":"https:\/\/nonsansraison.com\/en\/wp-json\/wp\/v2\/product\/18755","targetHints":{"allow":["GET"]}}],"collection":[{"href":"https:\/\/nonsansraison.com\/en\/wp-json\/wp\/v2\/product"}],"about":[{"href":"https:\/\/nonsansraison.com\/en\/wp-json\/wp\/v2\/types\/product"}],"replies":[{"embeddable":true,"href":"https:\/\/nonsansraison.com\/en\/wp-json\/wp\/v2\/comments?post=18755"}],"wp:featuredmedia":[{"embeddable":true,"href":"https:\/\/nonsansraison.com\/en\/wp-json\/wp\/v2\/media\/18235"}],"wp:attachment":[{"href":"https:\/\/nonsansraison.com\/en\/wp-json\/wp\/v2\/media?parent=18755"}],"wp:term":[{"taxonomy":"product_brand","embeddable":true,"href":"https:\/\/nonsansraison.com\/en\/wp-json\/wp\/v2\/product_brand?post=18755"},{"taxonomy":"product_cat","embeddable":true,"href":"https:\/\/nonsansraison.com\/en\/wp-json\/wp\/v2\/product_cat?post=18755"},{"taxonomy":"product_tag","embeddable":true,"href":"https:\/\/nonsansraison.com\/en\/wp-json\/wp\/v2\/product_tag?post=18755"}],"curies":[{"name":"wp","href":"https:\/\/api.w.org\/{rel}","templated":true}]}}