{"id":15995,"date":"2021-07-13T16:08:39","date_gmt":"2021-07-13T15:08:39","guid":{"rendered":"https:\/\/nonsansraison.com\/tableware\/uncategorized\/avant-ici-maintenant-gold-cup-xl\/"},"modified":"2021-07-13T16:08:39","modified_gmt":"2021-07-13T15:08:39","slug":"avant-ici-maintenant-gold-cup-xl","status":"publish","type":"product","link":"https:\/\/nonsansraison.com\/en\/tableware\/gift-ideas\/for-coffee\/avant-ici-maintenant-gold-cup-xl\/","title":{"rendered":"Avant, Ici, Maintenant gold cup XL"},"content":{"rendered":"","protected":false},"excerpt":{"rendered":"<p><strong>Avant, Ici, Maintenant gold cup XL<\/strong><\/p>\n<p>Inspired from the Dripping technique, a form of action painting driven by Jackson Pollock in the 50s , the service Avant, Ici, Maintenant exults the past, plays with space and fixes the present. Its graphic pattern frame, splash dispersed, enhances the clean lines of the service by platinum refinement. At the table : Avant, Ici, Maintenant, conjures melancholy, promotes hedonism, invites rebellion and the art of building their own freedom .<\/p>\n<p>Polyvalent depending on your desires. Teas and coffees. Appetizers and gazpacho. Condiments and appetizers. Caviar and egg casserole. Fruit salads or vegetables. Whipped cream, sauces, broths, velvet cream. Grout, sorbets, sweets, tiramisu, panna cotta\u2026 But also as a candle pot, pen pot, flower pot\u2026 In extra white kaolin, our cup is ultra thin, transparent and light, a perfect gift for any occasion.<\/p>\n","protected":false},"featured_media":14961,"comment_status":"closed","ping_status":"closed","template":"","meta":{"_links_to":"","_links_to_target":""},"product_brand":[],"product_cat":[207,346,359,244],"product_tag":[],"class_list":{"0":"post-15995","1":"product","2":"type-product","3":"status-publish","4":"has-post-thumbnail","6":"product_cat-avant-ici-maintenant-gold-en","7":"product_cat-cups","8":"product_cat-for-coffee","9":"product_cat-gift-ideas","11":"first","12":"instock","13":"taxable","14":"shipping-taxable","15":"purchasable","16":"product-type-simple"},"yoast_head":"<!-- This site is optimized with the Yoast SEO plugin v27.1.1 - https:\/\/yoast.com\/product\/yoast-seo-wordpress\/ -->\n<title>Avant, Ici, Maintenant gold cup XL - Non Sans Raison<\/title>\n<meta name=\"description\" content=\"Non Sans Raison, cr\u00e9ateur, fabricant et \u00e9diteur d&#039;art de la table et d&#039;objets design de haute facture artisanale en porcelaine de Limoges commercialis\u00e9es dans le monde entier et r\u00e9alis\u00e9es \u00e0 partir de mat\u00e9riaux nobles. Vente en ligne d&#039;art de la table moderne, assiettes, objets cadeaux design, porcelaine contemporaine et Wall Plates.\" \/>\n<meta name=\"robots\" content=\"index, follow, max-snippet:-1, max-image-preview:large, max-video-preview:-1\" \/>\n<link rel=\"canonical\" href=\"https:\/\/nonsansraison.com\/boutique\/packs-originaux\/pour-le-cafe\/timbale-xl-avant-ici-maintenant-or\/\" \/>\n<meta property=\"og:locale\" content=\"en_US\" \/>\n<meta property=\"og:type\" content=\"article\" \/>\n<meta property=\"og:title\" content=\"Avant, Ici, Maintenant gold cup XL - Non Sans Raison\" \/>\n<meta property=\"og:description\" content=\"Non Sans Raison, cr\u00e9ateur, fabricant et \u00e9diteur d&#039;art de la table et d&#039;objets design de haute facture artisanale en porcelaine de Limoges commercialis\u00e9es dans le monde entier et r\u00e9alis\u00e9es \u00e0 partir de mat\u00e9riaux nobles. Vente en ligne d&#039;art de la table moderne, assiettes, objets cadeaux design, porcelaine contemporaine et Wall Plates.\" \/>\n<meta property=\"og:url\" content=\"https:\/\/nonsansraison.com\/boutique\/packs-originaux\/pour-le-cafe\/timbale-xl-avant-ici-maintenant-or\/\" \/>\n<meta property=\"og:site_name\" content=\"Non Sans Raison\" \/>\n<meta property=\"article:publisher\" content=\"https:\/\/www.facebook.com\/nonsansraison\" \/>\n<meta property=\"og:image\" content=\"https:\/\/nonsansraison.com\/wp-content\/uploads\/2021\/07\/nonsansraison41219-1828.png\" \/>\n\t<meta property=\"og:image:width\" content=\"1600\" \/>\n\t<meta property=\"og:image:height\" content=\"1200\" \/>\n\t<meta property=\"og:image:type\" content=\"image\/png\" \/>\n<meta name=\"twitter:card\" content=\"summary_large_image\" \/>\n<meta name=\"twitter:site\" content=\"@nonsansraison\" \/>\n<script type=\"application\/ld+json\" class=\"yoast-schema-graph\">{\"@context\":\"https:\/\/schema.org\",\"@graph\":[{\"@type\":\"WebPage\",\"@id\":\"https:\/\/nonsansraison.com\/boutique\/packs-originaux\/pour-le-cafe\/timbale-xl-avant-ici-maintenant-or\/\",\"url\":\"https:\/\/nonsansraison.com\/boutique\/packs-originaux\/pour-le-cafe\/timbale-xl-avant-ici-maintenant-or\/\",\"name\":\"Avant, Ici, Maintenant gold cup XL - Non Sans Raison\",\"isPartOf\":{\"@id\":\"https:\/\/nonsansraison.com\/#website\"},\"primaryImageOfPage\":{\"@id\":\"https:\/\/nonsansraison.com\/boutique\/packs-originaux\/pour-le-cafe\/timbale-xl-avant-ici-maintenant-or\/#primaryimage\"},\"image\":{\"@id\":\"https:\/\/nonsansraison.com\/boutique\/packs-originaux\/pour-le-cafe\/timbale-xl-avant-ici-maintenant-or\/#primaryimage\"},\"thumbnailUrl\":\"https:\/\/nonsansraison.com\/wp-content\/uploads\/2021\/07\/nonsansraison41219-1828.png\",\"datePublished\":\"2021-07-13T15:08:39+00:00\",\"description\":\"Non Sans Raison, cr\u00e9ateur, fabricant et \u00e9diteur d'art de la table et d'objets design de haute facture artisanale en porcelaine de Limoges commercialis\u00e9es dans le monde entier et r\u00e9alis\u00e9es \u00e0 partir de mat\u00e9riaux nobles. Vente en ligne d'art de la table moderne, assiettes, objets cadeaux design, porcelaine contemporaine et Wall Plates.\",\"breadcrumb\":{\"@id\":\"https:\/\/nonsansraison.com\/boutique\/packs-originaux\/pour-le-cafe\/timbale-xl-avant-ici-maintenant-or\/#breadcrumb\"},\"inLanguage\":\"en-US\",\"potentialAction\":[{\"@type\":\"ReadAction\",\"target\":[\"https:\/\/nonsansraison.com\/boutique\/packs-originaux\/pour-le-cafe\/timbale-xl-avant-ici-maintenant-or\/\"]}]},{\"@type\":\"ImageObject\",\"inLanguage\":\"en-US\",\"@id\":\"https:\/\/nonsansraison.com\/boutique\/packs-originaux\/pour-le-cafe\/timbale-xl-avant-ici-maintenant-or\/#primaryimage\",\"url\":\"https:\/\/nonsansraison.com\/wp-content\/uploads\/2021\/07\/nonsansraison41219-1828.png\",\"contentUrl\":\"https:\/\/nonsansraison.com\/wp-content\/uploads\/2021\/07\/nonsansraison41219-1828.png\",\"width\":1600,\"height\":1200},{\"@type\":\"BreadcrumbList\",\"@id\":\"https:\/\/nonsansraison.com\/boutique\/packs-originaux\/pour-le-cafe\/timbale-xl-avant-ici-maintenant-or\/#breadcrumb\",\"itemListElement\":[{\"@type\":\"ListItem\",\"position\":1,\"name\":\"Accueil\",\"item\":\"https:\/\/nonsansraison.com\/en\/\"},{\"@type\":\"ListItem\",\"position\":2,\"name\":\"Shop\",\"item\":\"https:\/\/nonsansraison.com\/en\/shop-3\/\"},{\"@type\":\"ListItem\",\"position\":3,\"name\":\"Avant, Ici, Maintenant gold cup XL\"}]},{\"@type\":\"WebSite\",\"@id\":\"https:\/\/nonsansraison.com\/#website\",\"url\":\"https:\/\/nonsansraison.com\/\",\"name\":\"Non Sans Raison\",\"description\":\"Porcelaine de Limoges\",\"publisher\":{\"@id\":\"https:\/\/nonsansraison.com\/#organization\"},\"potentialAction\":[{\"@type\":\"SearchAction\",\"target\":{\"@type\":\"EntryPoint\",\"urlTemplate\":\"https:\/\/nonsansraison.com\/?s={search_term_string}\"},\"query-input\":{\"@type\":\"PropertyValueSpecification\",\"valueRequired\":true,\"valueName\":\"search_term_string\"}}],\"inLanguage\":\"en-US\"},{\"@type\":\"Organization\",\"@id\":\"https:\/\/nonsansraison.com\/#organization\",\"name\":\"Non Sans Raison\",\"url\":\"https:\/\/nonsansraison.com\/\",\"logo\":{\"@type\":\"ImageObject\",\"inLanguage\":\"en-US\",\"@id\":\"https:\/\/nonsansraison.com\/#\/schema\/logo\/image\/\",\"url\":\"https:\/\/nonsansraison.com\/wp-content\/uploads\/2021\/07\/logo-Non-Sans-Raison-porcelaine-Limoges-France.jpg\",\"contentUrl\":\"https:\/\/nonsansraison.com\/wp-content\/uploads\/2021\/07\/logo-Non-Sans-Raison-porcelaine-Limoges-France.jpg\",\"width\":500,\"height\":500,\"caption\":\"Non Sans Raison\"},\"image\":{\"@id\":\"https:\/\/nonsansraison.com\/#\/schema\/logo\/image\/\"},\"sameAs\":[\"https:\/\/www.facebook.com\/nonsansraison\",\"https:\/\/x.com\/nonsansraison\",\"https:\/\/www.instagram.com\/nonsansraison\/\",\"https:\/\/www.linkedin.com\/company\/non-sans-raison\",\"https:\/\/fr.pinterest.com\/nonsansraison\/\"]}]}<\/script>\n<!-- \/ Yoast SEO plugin. -->","yoast_head_json":{"title":"Avant, Ici, Maintenant gold cup XL - Non Sans Raison","description":"Non Sans Raison, cr\u00e9ateur, fabricant et \u00e9diteur d'art de la table et d'objets design de haute facture artisanale en porcelaine de Limoges commercialis\u00e9es dans le monde entier et r\u00e9alis\u00e9es \u00e0 partir de mat\u00e9riaux nobles. Vente en ligne d'art de la table moderne, assiettes, objets cadeaux design, porcelaine contemporaine et Wall Plates.","robots":{"index":"index","follow":"follow","max-snippet":"max-snippet:-1","max-image-preview":"max-image-preview:large","max-video-preview":"max-video-preview:-1"},"canonical":"https:\/\/nonsansraison.com\/boutique\/packs-originaux\/pour-le-cafe\/timbale-xl-avant-ici-maintenant-or\/","og_locale":"en_US","og_type":"article","og_title":"Avant, Ici, Maintenant gold cup XL - Non Sans Raison","og_description":"Non Sans Raison, cr\u00e9ateur, fabricant et \u00e9diteur d'art de la table et d'objets design de haute facture artisanale en porcelaine de Limoges commercialis\u00e9es dans le monde entier et r\u00e9alis\u00e9es \u00e0 partir de mat\u00e9riaux nobles. Vente en ligne d'art de la table moderne, assiettes, objets cadeaux design, porcelaine contemporaine et Wall Plates.","og_url":"https:\/\/nonsansraison.com\/boutique\/packs-originaux\/pour-le-cafe\/timbale-xl-avant-ici-maintenant-or\/","og_site_name":"Non Sans Raison","article_publisher":"https:\/\/www.facebook.com\/nonsansraison","og_image":[{"width":1600,"height":1200,"url":"https:\/\/nonsansraison.com\/wp-content\/uploads\/2021\/07\/nonsansraison41219-1828.png","type":"image\/png"}],"twitter_card":"summary_large_image","twitter_site":"@nonsansraison","schema":{"@context":"https:\/\/schema.org","@graph":[{"@type":"WebPage","@id":"https:\/\/nonsansraison.com\/boutique\/packs-originaux\/pour-le-cafe\/timbale-xl-avant-ici-maintenant-or\/","url":"https:\/\/nonsansraison.com\/boutique\/packs-originaux\/pour-le-cafe\/timbale-xl-avant-ici-maintenant-or\/","name":"Avant, Ici, Maintenant gold cup XL - Non Sans Raison","isPartOf":{"@id":"https:\/\/nonsansraison.com\/#website"},"primaryImageOfPage":{"@id":"https:\/\/nonsansraison.com\/boutique\/packs-originaux\/pour-le-cafe\/timbale-xl-avant-ici-maintenant-or\/#primaryimage"},"image":{"@id":"https:\/\/nonsansraison.com\/boutique\/packs-originaux\/pour-le-cafe\/timbale-xl-avant-ici-maintenant-or\/#primaryimage"},"thumbnailUrl":"https:\/\/nonsansraison.com\/wp-content\/uploads\/2021\/07\/nonsansraison41219-1828.png","datePublished":"2021-07-13T15:08:39+00:00","description":"Non Sans Raison, cr\u00e9ateur, fabricant et \u00e9diteur d'art de la table et d'objets design de haute facture artisanale en porcelaine de Limoges commercialis\u00e9es dans le monde entier et r\u00e9alis\u00e9es \u00e0 partir de mat\u00e9riaux nobles. Vente en ligne d'art de la table moderne, assiettes, objets cadeaux design, porcelaine contemporaine et Wall Plates.","breadcrumb":{"@id":"https:\/\/nonsansraison.com\/boutique\/packs-originaux\/pour-le-cafe\/timbale-xl-avant-ici-maintenant-or\/#breadcrumb"},"inLanguage":"en-US","potentialAction":[{"@type":"ReadAction","target":["https:\/\/nonsansraison.com\/boutique\/packs-originaux\/pour-le-cafe\/timbale-xl-avant-ici-maintenant-or\/"]}]},{"@type":"ImageObject","inLanguage":"en-US","@id":"https:\/\/nonsansraison.com\/boutique\/packs-originaux\/pour-le-cafe\/timbale-xl-avant-ici-maintenant-or\/#primaryimage","url":"https:\/\/nonsansraison.com\/wp-content\/uploads\/2021\/07\/nonsansraison41219-1828.png","contentUrl":"https:\/\/nonsansraison.com\/wp-content\/uploads\/2021\/07\/nonsansraison41219-1828.png","width":1600,"height":1200},{"@type":"BreadcrumbList","@id":"https:\/\/nonsansraison.com\/boutique\/packs-originaux\/pour-le-cafe\/timbale-xl-avant-ici-maintenant-or\/#breadcrumb","itemListElement":[{"@type":"ListItem","position":1,"name":"Accueil","item":"https:\/\/nonsansraison.com\/en\/"},{"@type":"ListItem","position":2,"name":"Shop","item":"https:\/\/nonsansraison.com\/en\/shop-3\/"},{"@type":"ListItem","position":3,"name":"Avant, Ici, Maintenant gold cup XL"}]},{"@type":"WebSite","@id":"https:\/\/nonsansraison.com\/#website","url":"https:\/\/nonsansraison.com\/","name":"Non Sans Raison","description":"Porcelaine de Limoges","publisher":{"@id":"https:\/\/nonsansraison.com\/#organization"},"potentialAction":[{"@type":"SearchAction","target":{"@type":"EntryPoint","urlTemplate":"https:\/\/nonsansraison.com\/?s={search_term_string}"},"query-input":{"@type":"PropertyValueSpecification","valueRequired":true,"valueName":"search_term_string"}}],"inLanguage":"en-US"},{"@type":"Organization","@id":"https:\/\/nonsansraison.com\/#organization","name":"Non Sans Raison","url":"https:\/\/nonsansraison.com\/","logo":{"@type":"ImageObject","inLanguage":"en-US","@id":"https:\/\/nonsansraison.com\/#\/schema\/logo\/image\/","url":"https:\/\/nonsansraison.com\/wp-content\/uploads\/2021\/07\/logo-Non-Sans-Raison-porcelaine-Limoges-France.jpg","contentUrl":"https:\/\/nonsansraison.com\/wp-content\/uploads\/2021\/07\/logo-Non-Sans-Raison-porcelaine-Limoges-France.jpg","width":500,"height":500,"caption":"Non Sans Raison"},"image":{"@id":"https:\/\/nonsansraison.com\/#\/schema\/logo\/image\/"},"sameAs":["https:\/\/www.facebook.com\/nonsansraison","https:\/\/x.com\/nonsansraison","https:\/\/www.instagram.com\/nonsansraison\/","https:\/\/www.linkedin.com\/company\/non-sans-raison","https:\/\/fr.pinterest.com\/nonsansraison\/"]}]}},"_links":{"self":[{"href":"https:\/\/nonsansraison.com\/en\/wp-json\/wp\/v2\/product\/15995","targetHints":{"allow":["GET"]}}],"collection":[{"href":"https:\/\/nonsansraison.com\/en\/wp-json\/wp\/v2\/product"}],"about":[{"href":"https:\/\/nonsansraison.com\/en\/wp-json\/wp\/v2\/types\/product"}],"replies":[{"embeddable":true,"href":"https:\/\/nonsansraison.com\/en\/wp-json\/wp\/v2\/comments?post=15995"}],"wp:featuredmedia":[{"embeddable":true,"href":"https:\/\/nonsansraison.com\/en\/wp-json\/wp\/v2\/media\/14961"}],"wp:attachment":[{"href":"https:\/\/nonsansraison.com\/en\/wp-json\/wp\/v2\/media?parent=15995"}],"wp:term":[{"taxonomy":"product_brand","embeddable":true,"href":"https:\/\/nonsansraison.com\/en\/wp-json\/wp\/v2\/product_brand?post=15995"},{"taxonomy":"product_cat","embeddable":true,"href":"https:\/\/nonsansraison.com\/en\/wp-json\/wp\/v2\/product_cat?post=15995"},{"taxonomy":"product_tag","embeddable":true,"href":"https:\/\/nonsansraison.com\/en\/wp-json\/wp\/v2\/product_tag?post=15995"}],"curies":[{"name":"wp","href":"https:\/\/api.w.org\/{rel}","templated":true}]}}