{"id":15444,"date":"2021-07-27T15:11:25","date_gmt":"2021-07-27T14:11:25","guid":{"rendered":"https:\/\/nonsansraison.com\/tableware\/uncategorized\/magma-blue-gradation-hollow-plate\/"},"modified":"2021-07-27T15:11:25","modified_gmt":"2021-07-27T14:11:25","slug":"magma-blue-gradation-hollow-plate","status":"publish","type":"product","link":"https:\/\/nonsansraison.com\/en\/tableware\/tableware\/magma-blue-gradation\/magma-blue-gradation-hollow-plate\/","title":{"rendered":"Magma blue gradation Hollow plate"},"content":{"rendered":"","protected":false},"excerpt":{"rendered":"<p><b>Magma blue gradation Hollow plate<\/b><\/p>\n<p>The Magma Gradation collection is the degraded version of Magma. Applied manually in the manner of Jackson Pollock&#8217;s drip and splash, the pigments, scattered over the entire surface of the bisque porcelain, are in this version worked in gradation.<\/p>\n","protected":false},"featured_media":14971,"comment_status":"closed","ping_status":"closed","template":"","meta":{"_links_to":"","_links_to_target":""},"product_brand":[],"product_cat":[348,450],"product_tag":[],"class_list":{"0":"post-15444","1":"product","2":"type-product","3":"status-publish","4":"has-post-thumbnail","6":"product_cat-magma-blue-gradation","7":"product_cat-soup-plates","9":"first","10":"instock","11":"taxable","12":"shipping-taxable","13":"purchasable","14":"product-type-simple"},"yoast_head":"<!-- This site is optimized with the Yoast SEO plugin v27.1.1 - https:\/\/yoast.com\/product\/yoast-seo-wordpress\/ -->\n<title>Magma blue gradation Hollow plate - Non Sans Raison<\/title>\n<meta name=\"description\" content=\"Non Sans Raison, cr\u00e9ateur, fabricant et \u00e9diteur d&#039;art de la table et d&#039;objets design de haute facture artisanale en porcelaine de Limoges commercialis\u00e9es dans le monde entier et r\u00e9alis\u00e9es \u00e0 partir de mat\u00e9riaux nobles. Vente en ligne d&#039;art de la table moderne, assiettes, objets cadeaux design, porcelaine contemporaine et Wall Plates.\" \/>\n<meta name=\"robots\" content=\"index, follow, max-snippet:-1, max-image-preview:large, max-video-preview:-1\" \/>\n<link rel=\"canonical\" href=\"https:\/\/nonsansraison.com\/boutique\/art-de-la-table\/magma-bleu-degrade\/assiette-creuse-magma-bleu-degrade\/\" \/>\n<meta property=\"og:locale\" content=\"en_US\" \/>\n<meta property=\"og:type\" content=\"article\" \/>\n<meta property=\"og:title\" content=\"Magma blue gradation Hollow plate - Non Sans Raison\" \/>\n<meta property=\"og:description\" content=\"Non Sans Raison, cr\u00e9ateur, fabricant et \u00e9diteur d&#039;art de la table et d&#039;objets design de haute facture artisanale en porcelaine de Limoges commercialis\u00e9es dans le monde entier et r\u00e9alis\u00e9es \u00e0 partir de mat\u00e9riaux nobles. Vente en ligne d&#039;art de la table moderne, assiettes, objets cadeaux design, porcelaine contemporaine et Wall Plates.\" \/>\n<meta property=\"og:url\" content=\"https:\/\/nonsansraison.com\/boutique\/art-de-la-table\/magma-bleu-degrade\/assiette-creuse-magma-bleu-degrade\/\" \/>\n<meta property=\"og:site_name\" content=\"Non Sans Raison\" \/>\n<meta property=\"article:publisher\" content=\"https:\/\/www.facebook.com\/nonsansraison\" \/>\n<meta property=\"og:image\" content=\"https:\/\/nonsansraison.com\/wp-content\/uploads\/2021\/07\/nonsansraison41219-1699.png\" \/>\n\t<meta property=\"og:image:width\" content=\"1600\" \/>\n\t<meta property=\"og:image:height\" content=\"1200\" \/>\n\t<meta property=\"og:image:type\" content=\"image\/png\" \/>\n<meta name=\"twitter:card\" content=\"summary_large_image\" \/>\n<meta name=\"twitter:site\" content=\"@nonsansraison\" \/>\n<script type=\"application\/ld+json\" class=\"yoast-schema-graph\">{\"@context\":\"https:\/\/schema.org\",\"@graph\":[{\"@type\":\"WebPage\",\"@id\":\"https:\/\/nonsansraison.com\/boutique\/art-de-la-table\/magma-bleu-degrade\/assiette-creuse-magma-bleu-degrade\/\",\"url\":\"https:\/\/nonsansraison.com\/boutique\/art-de-la-table\/magma-bleu-degrade\/assiette-creuse-magma-bleu-degrade\/\",\"name\":\"Magma blue gradation Hollow plate - Non Sans Raison\",\"isPartOf\":{\"@id\":\"https:\/\/nonsansraison.com\/#website\"},\"primaryImageOfPage\":{\"@id\":\"https:\/\/nonsansraison.com\/boutique\/art-de-la-table\/magma-bleu-degrade\/assiette-creuse-magma-bleu-degrade\/#primaryimage\"},\"image\":{\"@id\":\"https:\/\/nonsansraison.com\/boutique\/art-de-la-table\/magma-bleu-degrade\/assiette-creuse-magma-bleu-degrade\/#primaryimage\"},\"thumbnailUrl\":\"https:\/\/nonsansraison.com\/wp-content\/uploads\/2021\/07\/nonsansraison41219-1699.png\",\"datePublished\":\"2021-07-27T14:11:25+00:00\",\"description\":\"Non Sans Raison, cr\u00e9ateur, fabricant et \u00e9diteur d'art de la table et d'objets design de haute facture artisanale en porcelaine de Limoges commercialis\u00e9es dans le monde entier et r\u00e9alis\u00e9es \u00e0 partir de mat\u00e9riaux nobles. Vente en ligne d'art de la table moderne, assiettes, objets cadeaux design, porcelaine contemporaine et Wall Plates.\",\"breadcrumb\":{\"@id\":\"https:\/\/nonsansraison.com\/boutique\/art-de-la-table\/magma-bleu-degrade\/assiette-creuse-magma-bleu-degrade\/#breadcrumb\"},\"inLanguage\":\"en-US\",\"potentialAction\":[{\"@type\":\"ReadAction\",\"target\":[\"https:\/\/nonsansraison.com\/boutique\/art-de-la-table\/magma-bleu-degrade\/assiette-creuse-magma-bleu-degrade\/\"]}]},{\"@type\":\"ImageObject\",\"inLanguage\":\"en-US\",\"@id\":\"https:\/\/nonsansraison.com\/boutique\/art-de-la-table\/magma-bleu-degrade\/assiette-creuse-magma-bleu-degrade\/#primaryimage\",\"url\":\"https:\/\/nonsansraison.com\/wp-content\/uploads\/2021\/07\/nonsansraison41219-1699.png\",\"contentUrl\":\"https:\/\/nonsansraison.com\/wp-content\/uploads\/2021\/07\/nonsansraison41219-1699.png\",\"width\":1600,\"height\":1200},{\"@type\":\"BreadcrumbList\",\"@id\":\"https:\/\/nonsansraison.com\/boutique\/art-de-la-table\/magma-bleu-degrade\/assiette-creuse-magma-bleu-degrade\/#breadcrumb\",\"itemListElement\":[{\"@type\":\"ListItem\",\"position\":1,\"name\":\"Accueil\",\"item\":\"https:\/\/nonsansraison.com\/en\/\"},{\"@type\":\"ListItem\",\"position\":2,\"name\":\"Shop\",\"item\":\"https:\/\/nonsansraison.com\/en\/shop-3\/\"},{\"@type\":\"ListItem\",\"position\":3,\"name\":\"Magma blue gradation Hollow plate\"}]},{\"@type\":\"WebSite\",\"@id\":\"https:\/\/nonsansraison.com\/#website\",\"url\":\"https:\/\/nonsansraison.com\/\",\"name\":\"Non Sans Raison\",\"description\":\"Porcelaine de Limoges\",\"publisher\":{\"@id\":\"https:\/\/nonsansraison.com\/#organization\"},\"potentialAction\":[{\"@type\":\"SearchAction\",\"target\":{\"@type\":\"EntryPoint\",\"urlTemplate\":\"https:\/\/nonsansraison.com\/?s={search_term_string}\"},\"query-input\":{\"@type\":\"PropertyValueSpecification\",\"valueRequired\":true,\"valueName\":\"search_term_string\"}}],\"inLanguage\":\"en-US\"},{\"@type\":\"Organization\",\"@id\":\"https:\/\/nonsansraison.com\/#organization\",\"name\":\"Non Sans Raison\",\"url\":\"https:\/\/nonsansraison.com\/\",\"logo\":{\"@type\":\"ImageObject\",\"inLanguage\":\"en-US\",\"@id\":\"https:\/\/nonsansraison.com\/#\/schema\/logo\/image\/\",\"url\":\"https:\/\/nonsansraison.com\/wp-content\/uploads\/2021\/07\/logo-Non-Sans-Raison-porcelaine-Limoges-France.jpg\",\"contentUrl\":\"https:\/\/nonsansraison.com\/wp-content\/uploads\/2021\/07\/logo-Non-Sans-Raison-porcelaine-Limoges-France.jpg\",\"width\":500,\"height\":500,\"caption\":\"Non Sans Raison\"},\"image\":{\"@id\":\"https:\/\/nonsansraison.com\/#\/schema\/logo\/image\/\"},\"sameAs\":[\"https:\/\/www.facebook.com\/nonsansraison\",\"https:\/\/x.com\/nonsansraison\",\"https:\/\/www.instagram.com\/nonsansraison\/\",\"https:\/\/www.linkedin.com\/company\/non-sans-raison\",\"https:\/\/fr.pinterest.com\/nonsansraison\/\"]}]}<\/script>\n<!-- \/ Yoast SEO plugin. -->","yoast_head_json":{"title":"Magma blue gradation Hollow plate - Non Sans Raison","description":"Non Sans Raison, cr\u00e9ateur, fabricant et \u00e9diteur d'art de la table et d'objets design de haute facture artisanale en porcelaine de Limoges commercialis\u00e9es dans le monde entier et r\u00e9alis\u00e9es \u00e0 partir de mat\u00e9riaux nobles. Vente en ligne d'art de la table moderne, assiettes, objets cadeaux design, porcelaine contemporaine et Wall Plates.","robots":{"index":"index","follow":"follow","max-snippet":"max-snippet:-1","max-image-preview":"max-image-preview:large","max-video-preview":"max-video-preview:-1"},"canonical":"https:\/\/nonsansraison.com\/boutique\/art-de-la-table\/magma-bleu-degrade\/assiette-creuse-magma-bleu-degrade\/","og_locale":"en_US","og_type":"article","og_title":"Magma blue gradation Hollow plate - Non Sans Raison","og_description":"Non Sans Raison, cr\u00e9ateur, fabricant et \u00e9diteur d'art de la table et d'objets design de haute facture artisanale en porcelaine de Limoges commercialis\u00e9es dans le monde entier et r\u00e9alis\u00e9es \u00e0 partir de mat\u00e9riaux nobles. Vente en ligne d'art de la table moderne, assiettes, objets cadeaux design, porcelaine contemporaine et Wall Plates.","og_url":"https:\/\/nonsansraison.com\/boutique\/art-de-la-table\/magma-bleu-degrade\/assiette-creuse-magma-bleu-degrade\/","og_site_name":"Non Sans Raison","article_publisher":"https:\/\/www.facebook.com\/nonsansraison","og_image":[{"width":1600,"height":1200,"url":"https:\/\/nonsansraison.com\/wp-content\/uploads\/2021\/07\/nonsansraison41219-1699.png","type":"image\/png"}],"twitter_card":"summary_large_image","twitter_site":"@nonsansraison","schema":{"@context":"https:\/\/schema.org","@graph":[{"@type":"WebPage","@id":"https:\/\/nonsansraison.com\/boutique\/art-de-la-table\/magma-bleu-degrade\/assiette-creuse-magma-bleu-degrade\/","url":"https:\/\/nonsansraison.com\/boutique\/art-de-la-table\/magma-bleu-degrade\/assiette-creuse-magma-bleu-degrade\/","name":"Magma blue gradation Hollow plate - Non Sans Raison","isPartOf":{"@id":"https:\/\/nonsansraison.com\/#website"},"primaryImageOfPage":{"@id":"https:\/\/nonsansraison.com\/boutique\/art-de-la-table\/magma-bleu-degrade\/assiette-creuse-magma-bleu-degrade\/#primaryimage"},"image":{"@id":"https:\/\/nonsansraison.com\/boutique\/art-de-la-table\/magma-bleu-degrade\/assiette-creuse-magma-bleu-degrade\/#primaryimage"},"thumbnailUrl":"https:\/\/nonsansraison.com\/wp-content\/uploads\/2021\/07\/nonsansraison41219-1699.png","datePublished":"2021-07-27T14:11:25+00:00","description":"Non Sans Raison, cr\u00e9ateur, fabricant et \u00e9diteur d'art de la table et d'objets design de haute facture artisanale en porcelaine de Limoges commercialis\u00e9es dans le monde entier et r\u00e9alis\u00e9es \u00e0 partir de mat\u00e9riaux nobles. Vente en ligne d'art de la table moderne, assiettes, objets cadeaux design, porcelaine contemporaine et Wall Plates.","breadcrumb":{"@id":"https:\/\/nonsansraison.com\/boutique\/art-de-la-table\/magma-bleu-degrade\/assiette-creuse-magma-bleu-degrade\/#breadcrumb"},"inLanguage":"en-US","potentialAction":[{"@type":"ReadAction","target":["https:\/\/nonsansraison.com\/boutique\/art-de-la-table\/magma-bleu-degrade\/assiette-creuse-magma-bleu-degrade\/"]}]},{"@type":"ImageObject","inLanguage":"en-US","@id":"https:\/\/nonsansraison.com\/boutique\/art-de-la-table\/magma-bleu-degrade\/assiette-creuse-magma-bleu-degrade\/#primaryimage","url":"https:\/\/nonsansraison.com\/wp-content\/uploads\/2021\/07\/nonsansraison41219-1699.png","contentUrl":"https:\/\/nonsansraison.com\/wp-content\/uploads\/2021\/07\/nonsansraison41219-1699.png","width":1600,"height":1200},{"@type":"BreadcrumbList","@id":"https:\/\/nonsansraison.com\/boutique\/art-de-la-table\/magma-bleu-degrade\/assiette-creuse-magma-bleu-degrade\/#breadcrumb","itemListElement":[{"@type":"ListItem","position":1,"name":"Accueil","item":"https:\/\/nonsansraison.com\/en\/"},{"@type":"ListItem","position":2,"name":"Shop","item":"https:\/\/nonsansraison.com\/en\/shop-3\/"},{"@type":"ListItem","position":3,"name":"Magma blue gradation Hollow plate"}]},{"@type":"WebSite","@id":"https:\/\/nonsansraison.com\/#website","url":"https:\/\/nonsansraison.com\/","name":"Non Sans Raison","description":"Porcelaine de Limoges","publisher":{"@id":"https:\/\/nonsansraison.com\/#organization"},"potentialAction":[{"@type":"SearchAction","target":{"@type":"EntryPoint","urlTemplate":"https:\/\/nonsansraison.com\/?s={search_term_string}"},"query-input":{"@type":"PropertyValueSpecification","valueRequired":true,"valueName":"search_term_string"}}],"inLanguage":"en-US"},{"@type":"Organization","@id":"https:\/\/nonsansraison.com\/#organization","name":"Non Sans Raison","url":"https:\/\/nonsansraison.com\/","logo":{"@type":"ImageObject","inLanguage":"en-US","@id":"https:\/\/nonsansraison.com\/#\/schema\/logo\/image\/","url":"https:\/\/nonsansraison.com\/wp-content\/uploads\/2021\/07\/logo-Non-Sans-Raison-porcelaine-Limoges-France.jpg","contentUrl":"https:\/\/nonsansraison.com\/wp-content\/uploads\/2021\/07\/logo-Non-Sans-Raison-porcelaine-Limoges-France.jpg","width":500,"height":500,"caption":"Non Sans Raison"},"image":{"@id":"https:\/\/nonsansraison.com\/#\/schema\/logo\/image\/"},"sameAs":["https:\/\/www.facebook.com\/nonsansraison","https:\/\/x.com\/nonsansraison","https:\/\/www.instagram.com\/nonsansraison\/","https:\/\/www.linkedin.com\/company\/non-sans-raison","https:\/\/fr.pinterest.com\/nonsansraison\/"]}]}},"_links":{"self":[{"href":"https:\/\/nonsansraison.com\/en\/wp-json\/wp\/v2\/product\/15444","targetHints":{"allow":["GET"]}}],"collection":[{"href":"https:\/\/nonsansraison.com\/en\/wp-json\/wp\/v2\/product"}],"about":[{"href":"https:\/\/nonsansraison.com\/en\/wp-json\/wp\/v2\/types\/product"}],"replies":[{"embeddable":true,"href":"https:\/\/nonsansraison.com\/en\/wp-json\/wp\/v2\/comments?post=15444"}],"wp:featuredmedia":[{"embeddable":true,"href":"https:\/\/nonsansraison.com\/en\/wp-json\/wp\/v2\/media\/14971"}],"wp:attachment":[{"href":"https:\/\/nonsansraison.com\/en\/wp-json\/wp\/v2\/media?parent=15444"}],"wp:term":[{"taxonomy":"product_brand","embeddable":true,"href":"https:\/\/nonsansraison.com\/en\/wp-json\/wp\/v2\/product_brand?post=15444"},{"taxonomy":"product_cat","embeddable":true,"href":"https:\/\/nonsansraison.com\/en\/wp-json\/wp\/v2\/product_cat?post=15444"},{"taxonomy":"product_tag","embeddable":true,"href":"https:\/\/nonsansraison.com\/en\/wp-json\/wp\/v2\/product_tag?post=15444"}],"curies":[{"name":"wp","href":"https:\/\/api.w.org\/{rel}","templated":true}]}}