{"id":12422,"date":"2018-04-05T13:32:42","date_gmt":"2018-04-05T12:32:42","guid":{"rendered":"https:\/\/nonsansraison.com\/?post_type=product&#038;p=12422"},"modified":"2022-11-03T18:02:16","modified_gmt":"2022-11-03T17:02:16","slug":"the-space-oddity-wall-plates","status":"publish","type":"product","link":"https:\/\/nonsansraison.com\/en\/tableware\/wall-plates-en\/the-space-oddity-wall-plates\/","title":{"rendered":"The Space Oddity Wall Plates"},"content":{"rendered":"<p>The spatial journey has started in October 1957 with the first artificial satellite launched into orbit: Spoutnik 1 by the Soviet Union then it was Spoutnik 2 in\u00a0November 1957 with the fist living being into space, La\u00efka the dog. That is how started one of the most incredible human and technological adventure of all\u00a0the times : the space conquest.<\/p>\n<p>Septembre 1959, the spacecraft Luna 2 from the soviet program has crushed in accordance with the mission on the lunar floor.<\/p>\n<p>October 1959, the spacecraft Luna 3 transmitted the first pictures of the hidden face of the moon.<\/p>\n<p>Janvier 1961, the American rocket Mercury Redstone carried Ham, the first chimpanzee and the first animal who did a round trip successfully.<\/p>\n<p>February 1961, the first french rocket spacecraft, Veronique, took off with Hector the rat inside.<\/p>\n<p>April 1961, the first orbital flight of a human being, Youri Gagarine, a Russian astronaut, in the Vostok 1 space capsule.<\/p>\n<p>January 1966, Luna 9 is the first spacecraft to land gently on the moon. She transmitted pictures and relative informations during four days.<\/p>\n<p>May 1966, the American spacecraft Surveyvor 1 succeed its landing and transmitted informations during more than six weeks.<\/p>\n<p>August 1966, Lunar Orbiter 1 is the first American orbiter.<\/p>\n<p>October 1966, the spacecraft Luna 12 collected data and photographs from the lunar orbit.<\/p>\n<p>January 1967, the rocket Apollo 1 was the first to carry a crew (Virgil Grissom, Edward White and Roger Chaffee) who died after a test on the ground.<\/p>\n<p>December 1968, the astronauts Franck Borman, Jim Lovell and William Anders became the first men in the lunar orbit with Apollo 8.<\/p>\n<p>July 1969, the first steps on the moon of the American astronauts Neil Armstrong and Edwin E. Buzz during the Apollo 11 mission.<\/p>\n<p>April 1970, during the Apollo 11 mission, an explosion occurred, while returning in the spaceship Odyssey, the astronauts will be saved and they will be able to go back to Earth.<\/p>\n<p>September 1970, the spacecraft Luna 16 dit the first automated return of the sample of the ground from another celestial body than the Earth.<\/p>\n<p>November 1970, the spacecraft Luna 17 carried the first Sovietic space robotic vehicles who have driven kilometers on the moon surface.<\/p>\n<p>July 1971, Apollo 15 was the first American mission involving a lunar rover LRV, vehicle made to explore the moon surface.<\/p>\n<p>July 1975, the rocket Apollo Soyouz is the first space mission joint between the Soviet Union and the United States after several years of an intense competition<\/p>\n<p>during the Cold War.<\/p>\n<p>December 1972, the lunar module Apollo 17 is the last mission on the Moon. The astronaut Eugene Cernan and his partner Harrison Schmitt, an American<\/p>\n<p>civil geologist, the only one scientific astronaut of the Apollo program to fly. There are the last men who walked on the Moon : they stood 22h05min,<\/p>\n<p>making, thanks to the lunar Jeep, 36 kilometers in the region of the mountains Taurus, next to the crater of Littrow. It is the crew who has bring back the more<\/p>\n<p>moon rocks (11 kg) and who stood out of the vehicle the longest time.<\/p>\n<p>Now, it is time to leave the capsule. You are ready to dinner and to discover the nineteen missions of the space age. Immediate takeoff!<\/p>\n","protected":false},"excerpt":{"rendered":"<p>The spatial journey has started in October 1957 with the first artificial satellite launched into orbit: Spoutnik 1 by the Soviet Union then it was Spoutnik 2 in\u00a0November 1957 with the fist living being into space, La\u00efka the dog. That is how started one of the most incredible human and technological adventure of all\u00a0the times : the space conquest. Septembre [&hellip;]<\/p>\n","protected":false},"featured_media":12423,"comment_status":"closed","ping_status":"closed","template":"","meta":{"_links_to":"","_links_to_target":""},"product_brand":[],"product_cat":[23],"product_tag":[],"class_list":{"0":"post-12422","1":"product","2":"type-product","3":"status-publish","4":"has-post-thumbnail","6":"product_cat-wall-plates-en","8":"first","9":"instock","10":"taxable","11":"shipping-taxable","12":"purchasable","13":"product-type-simple"},"yoast_head":"<!-- This site is optimized with the Yoast SEO plugin v27.1.1 - https:\/\/yoast.com\/product\/yoast-seo-wordpress\/ -->\n<title>The Space Oddity Wall Plates - Non Sans Raison<\/title>\n<meta name=\"description\" content=\"Non Sans Raison, cr\u00e9ateur, fabricant et \u00e9diteur d&#039;art de la table et d&#039;objets design de haute facture artisanale en porcelaine de Limoges commercialis\u00e9es dans le monde entier et r\u00e9alis\u00e9es \u00e0 partir de mat\u00e9riaux nobles. Vente en ligne d&#039;art de la table moderne, assiettes, objets cadeaux design, porcelaine contemporaine et Wall Plates.\" \/>\n<meta name=\"robots\" content=\"index, follow, max-snippet:-1, max-image-preview:large, max-video-preview:-1\" \/>\n<link rel=\"canonical\" href=\"https:\/\/nonsansraison.com\/en\/tableware\/wall-plates-en\/the-space-oddity-wall-plates\/\" \/>\n<meta property=\"og:locale\" content=\"en_US\" \/>\n<meta property=\"og:type\" content=\"article\" \/>\n<meta property=\"og:title\" content=\"The Space Oddity Wall Plates - Non Sans Raison\" \/>\n<meta property=\"og:description\" content=\"Non Sans Raison, cr\u00e9ateur, fabricant et \u00e9diteur d&#039;art de la table et d&#039;objets design de haute facture artisanale en porcelaine de Limoges commercialis\u00e9es dans le monde entier et r\u00e9alis\u00e9es \u00e0 partir de mat\u00e9riaux nobles. Vente en ligne d&#039;art de la table moderne, assiettes, objets cadeaux design, porcelaine contemporaine et Wall Plates.\" \/>\n<meta property=\"og:url\" content=\"https:\/\/nonsansraison.com\/en\/tableware\/wall-plates-en\/the-space-oddity-wall-plates\/\" \/>\n<meta property=\"og:site_name\" content=\"Non Sans Raison\" \/>\n<meta property=\"article:publisher\" content=\"https:\/\/www.facebook.com\/nonsansraison\" \/>\n<meta property=\"article:modified_time\" content=\"2022-11-03T17:02:16+00:00\" \/>\n<meta property=\"og:image\" content=\"https:\/\/nonsansraison.com\/wp-content\/uploads\/2018\/04\/Wallplate-Space-Oddity.jpg\" \/>\n\t<meta property=\"og:image:width\" content=\"1920\" \/>\n\t<meta property=\"og:image:height\" content=\"1292\" \/>\n\t<meta property=\"og:image:type\" content=\"image\/jpeg\" \/>\n<meta name=\"twitter:card\" content=\"summary_large_image\" \/>\n<meta name=\"twitter:site\" content=\"@nonsansraison\" \/>\n<meta name=\"twitter:label1\" content=\"Est. reading time\" \/>\n\t<meta name=\"twitter:data1\" content=\"3 minutes\" \/>\n<script type=\"application\/ld+json\" class=\"yoast-schema-graph\">{\"@context\":\"https:\/\/schema.org\",\"@graph\":[{\"@type\":\"WebPage\",\"@id\":\"https:\/\/nonsansraison.com\/en\/tableware\/wall-plates-en\/the-space-oddity-wall-plates\/\",\"url\":\"https:\/\/nonsansraison.com\/en\/tableware\/wall-plates-en\/the-space-oddity-wall-plates\/\",\"name\":\"The Space Oddity Wall Plates - Non Sans Raison\",\"isPartOf\":{\"@id\":\"https:\/\/nonsansraison.com\/#website\"},\"primaryImageOfPage\":{\"@id\":\"https:\/\/nonsansraison.com\/en\/tableware\/wall-plates-en\/the-space-oddity-wall-plates\/#primaryimage\"},\"image\":{\"@id\":\"https:\/\/nonsansraison.com\/en\/tableware\/wall-plates-en\/the-space-oddity-wall-plates\/#primaryimage\"},\"thumbnailUrl\":\"https:\/\/nonsansraison.com\/wp-content\/uploads\/2018\/04\/Wallplate-Space-Oddity.jpg\",\"datePublished\":\"2018-04-05T12:32:42+00:00\",\"dateModified\":\"2022-11-03T17:02:16+00:00\",\"description\":\"Non Sans Raison, cr\u00e9ateur, fabricant et \u00e9diteur d'art de la table et d'objets design de haute facture artisanale en porcelaine de Limoges commercialis\u00e9es dans le monde entier et r\u00e9alis\u00e9es \u00e0 partir de mat\u00e9riaux nobles. Vente en ligne d'art de la table moderne, assiettes, objets cadeaux design, porcelaine contemporaine et Wall Plates.\",\"breadcrumb\":{\"@id\":\"https:\/\/nonsansraison.com\/en\/tableware\/wall-plates-en\/the-space-oddity-wall-plates\/#breadcrumb\"},\"inLanguage\":\"en-US\",\"potentialAction\":[{\"@type\":\"ReadAction\",\"target\":[\"https:\/\/nonsansraison.com\/en\/tableware\/wall-plates-en\/the-space-oddity-wall-plates\/\"]}]},{\"@type\":\"ImageObject\",\"inLanguage\":\"en-US\",\"@id\":\"https:\/\/nonsansraison.com\/en\/tableware\/wall-plates-en\/the-space-oddity-wall-plates\/#primaryimage\",\"url\":\"https:\/\/nonsansraison.com\/wp-content\/uploads\/2018\/04\/Wallplate-Space-Oddity.jpg\",\"contentUrl\":\"https:\/\/nonsansraison.com\/wp-content\/uploads\/2018\/04\/Wallplate-Space-Oddity.jpg\",\"width\":1920,\"height\":1292},{\"@type\":\"BreadcrumbList\",\"@id\":\"https:\/\/nonsansraison.com\/en\/tableware\/wall-plates-en\/the-space-oddity-wall-plates\/#breadcrumb\",\"itemListElement\":[{\"@type\":\"ListItem\",\"position\":1,\"name\":\"Accueil\",\"item\":\"https:\/\/nonsansraison.com\/en\/\"},{\"@type\":\"ListItem\",\"position\":2,\"name\":\"Shop\",\"item\":\"https:\/\/nonsansraison.com\/en\/shop-3\/\"},{\"@type\":\"ListItem\",\"position\":3,\"name\":\"The Space Oddity Wall Plates\"}]},{\"@type\":\"WebSite\",\"@id\":\"https:\/\/nonsansraison.com\/#website\",\"url\":\"https:\/\/nonsansraison.com\/\",\"name\":\"Non Sans Raison\",\"description\":\"Porcelaine de Limoges\",\"publisher\":{\"@id\":\"https:\/\/nonsansraison.com\/#organization\"},\"potentialAction\":[{\"@type\":\"SearchAction\",\"target\":{\"@type\":\"EntryPoint\",\"urlTemplate\":\"https:\/\/nonsansraison.com\/?s={search_term_string}\"},\"query-input\":{\"@type\":\"PropertyValueSpecification\",\"valueRequired\":true,\"valueName\":\"search_term_string\"}}],\"inLanguage\":\"en-US\"},{\"@type\":\"Organization\",\"@id\":\"https:\/\/nonsansraison.com\/#organization\",\"name\":\"Non Sans Raison\",\"url\":\"https:\/\/nonsansraison.com\/\",\"logo\":{\"@type\":\"ImageObject\",\"inLanguage\":\"en-US\",\"@id\":\"https:\/\/nonsansraison.com\/#\/schema\/logo\/image\/\",\"url\":\"https:\/\/nonsansraison.com\/wp-content\/uploads\/2021\/07\/logo-Non-Sans-Raison-porcelaine-Limoges-France.jpg\",\"contentUrl\":\"https:\/\/nonsansraison.com\/wp-content\/uploads\/2021\/07\/logo-Non-Sans-Raison-porcelaine-Limoges-France.jpg\",\"width\":500,\"height\":500,\"caption\":\"Non Sans Raison\"},\"image\":{\"@id\":\"https:\/\/nonsansraison.com\/#\/schema\/logo\/image\/\"},\"sameAs\":[\"https:\/\/www.facebook.com\/nonsansraison\",\"https:\/\/x.com\/nonsansraison\",\"https:\/\/www.instagram.com\/nonsansraison\/\",\"https:\/\/www.linkedin.com\/company\/non-sans-raison\",\"https:\/\/fr.pinterest.com\/nonsansraison\/\"]}]}<\/script>\n<!-- \/ Yoast SEO plugin. -->","yoast_head_json":{"title":"The Space Oddity Wall Plates - Non Sans Raison","description":"Non Sans Raison, cr\u00e9ateur, fabricant et \u00e9diteur d'art de la table et d'objets design de haute facture artisanale en porcelaine de Limoges commercialis\u00e9es dans le monde entier et r\u00e9alis\u00e9es \u00e0 partir de mat\u00e9riaux nobles. Vente en ligne d'art de la table moderne, assiettes, objets cadeaux design, porcelaine contemporaine et Wall Plates.","robots":{"index":"index","follow":"follow","max-snippet":"max-snippet:-1","max-image-preview":"max-image-preview:large","max-video-preview":"max-video-preview:-1"},"canonical":"https:\/\/nonsansraison.com\/en\/tableware\/wall-plates-en\/the-space-oddity-wall-plates\/","og_locale":"en_US","og_type":"article","og_title":"The Space Oddity Wall Plates - Non Sans Raison","og_description":"Non Sans Raison, cr\u00e9ateur, fabricant et \u00e9diteur d'art de la table et d'objets design de haute facture artisanale en porcelaine de Limoges commercialis\u00e9es dans le monde entier et r\u00e9alis\u00e9es \u00e0 partir de mat\u00e9riaux nobles. Vente en ligne d'art de la table moderne, assiettes, objets cadeaux design, porcelaine contemporaine et Wall Plates.","og_url":"https:\/\/nonsansraison.com\/en\/tableware\/wall-plates-en\/the-space-oddity-wall-plates\/","og_site_name":"Non Sans Raison","article_publisher":"https:\/\/www.facebook.com\/nonsansraison","article_modified_time":"2022-11-03T17:02:16+00:00","og_image":[{"width":1920,"height":1292,"url":"https:\/\/nonsansraison.com\/wp-content\/uploads\/2018\/04\/Wallplate-Space-Oddity.jpg","type":"image\/jpeg"}],"twitter_card":"summary_large_image","twitter_site":"@nonsansraison","twitter_misc":{"Est. reading time":"3 minutes"},"schema":{"@context":"https:\/\/schema.org","@graph":[{"@type":"WebPage","@id":"https:\/\/nonsansraison.com\/en\/tableware\/wall-plates-en\/the-space-oddity-wall-plates\/","url":"https:\/\/nonsansraison.com\/en\/tableware\/wall-plates-en\/the-space-oddity-wall-plates\/","name":"The Space Oddity Wall Plates - Non Sans Raison","isPartOf":{"@id":"https:\/\/nonsansraison.com\/#website"},"primaryImageOfPage":{"@id":"https:\/\/nonsansraison.com\/en\/tableware\/wall-plates-en\/the-space-oddity-wall-plates\/#primaryimage"},"image":{"@id":"https:\/\/nonsansraison.com\/en\/tableware\/wall-plates-en\/the-space-oddity-wall-plates\/#primaryimage"},"thumbnailUrl":"https:\/\/nonsansraison.com\/wp-content\/uploads\/2018\/04\/Wallplate-Space-Oddity.jpg","datePublished":"2018-04-05T12:32:42+00:00","dateModified":"2022-11-03T17:02:16+00:00","description":"Non Sans Raison, cr\u00e9ateur, fabricant et \u00e9diteur d'art de la table et d'objets design de haute facture artisanale en porcelaine de Limoges commercialis\u00e9es dans le monde entier et r\u00e9alis\u00e9es \u00e0 partir de mat\u00e9riaux nobles. Vente en ligne d'art de la table moderne, assiettes, objets cadeaux design, porcelaine contemporaine et Wall Plates.","breadcrumb":{"@id":"https:\/\/nonsansraison.com\/en\/tableware\/wall-plates-en\/the-space-oddity-wall-plates\/#breadcrumb"},"inLanguage":"en-US","potentialAction":[{"@type":"ReadAction","target":["https:\/\/nonsansraison.com\/en\/tableware\/wall-plates-en\/the-space-oddity-wall-plates\/"]}]},{"@type":"ImageObject","inLanguage":"en-US","@id":"https:\/\/nonsansraison.com\/en\/tableware\/wall-plates-en\/the-space-oddity-wall-plates\/#primaryimage","url":"https:\/\/nonsansraison.com\/wp-content\/uploads\/2018\/04\/Wallplate-Space-Oddity.jpg","contentUrl":"https:\/\/nonsansraison.com\/wp-content\/uploads\/2018\/04\/Wallplate-Space-Oddity.jpg","width":1920,"height":1292},{"@type":"BreadcrumbList","@id":"https:\/\/nonsansraison.com\/en\/tableware\/wall-plates-en\/the-space-oddity-wall-plates\/#breadcrumb","itemListElement":[{"@type":"ListItem","position":1,"name":"Accueil","item":"https:\/\/nonsansraison.com\/en\/"},{"@type":"ListItem","position":2,"name":"Shop","item":"https:\/\/nonsansraison.com\/en\/shop-3\/"},{"@type":"ListItem","position":3,"name":"The Space Oddity Wall Plates"}]},{"@type":"WebSite","@id":"https:\/\/nonsansraison.com\/#website","url":"https:\/\/nonsansraison.com\/","name":"Non Sans Raison","description":"Porcelaine de Limoges","publisher":{"@id":"https:\/\/nonsansraison.com\/#organization"},"potentialAction":[{"@type":"SearchAction","target":{"@type":"EntryPoint","urlTemplate":"https:\/\/nonsansraison.com\/?s={search_term_string}"},"query-input":{"@type":"PropertyValueSpecification","valueRequired":true,"valueName":"search_term_string"}}],"inLanguage":"en-US"},{"@type":"Organization","@id":"https:\/\/nonsansraison.com\/#organization","name":"Non Sans Raison","url":"https:\/\/nonsansraison.com\/","logo":{"@type":"ImageObject","inLanguage":"en-US","@id":"https:\/\/nonsansraison.com\/#\/schema\/logo\/image\/","url":"https:\/\/nonsansraison.com\/wp-content\/uploads\/2021\/07\/logo-Non-Sans-Raison-porcelaine-Limoges-France.jpg","contentUrl":"https:\/\/nonsansraison.com\/wp-content\/uploads\/2021\/07\/logo-Non-Sans-Raison-porcelaine-Limoges-France.jpg","width":500,"height":500,"caption":"Non Sans Raison"},"image":{"@id":"https:\/\/nonsansraison.com\/#\/schema\/logo\/image\/"},"sameAs":["https:\/\/www.facebook.com\/nonsansraison","https:\/\/x.com\/nonsansraison","https:\/\/www.instagram.com\/nonsansraison\/","https:\/\/www.linkedin.com\/company\/non-sans-raison","https:\/\/fr.pinterest.com\/nonsansraison\/"]}]}},"_links":{"self":[{"href":"https:\/\/nonsansraison.com\/en\/wp-json\/wp\/v2\/product\/12422","targetHints":{"allow":["GET"]}}],"collection":[{"href":"https:\/\/nonsansraison.com\/en\/wp-json\/wp\/v2\/product"}],"about":[{"href":"https:\/\/nonsansraison.com\/en\/wp-json\/wp\/v2\/types\/product"}],"replies":[{"embeddable":true,"href":"https:\/\/nonsansraison.com\/en\/wp-json\/wp\/v2\/comments?post=12422"}],"wp:featuredmedia":[{"embeddable":true,"href":"https:\/\/nonsansraison.com\/en\/wp-json\/wp\/v2\/media\/12423"}],"wp:attachment":[{"href":"https:\/\/nonsansraison.com\/en\/wp-json\/wp\/v2\/media?parent=12422"}],"wp:term":[{"taxonomy":"product_brand","embeddable":true,"href":"https:\/\/nonsansraison.com\/en\/wp-json\/wp\/v2\/product_brand?post=12422"},{"taxonomy":"product_cat","embeddable":true,"href":"https:\/\/nonsansraison.com\/en\/wp-json\/wp\/v2\/product_cat?post=12422"},{"taxonomy":"product_tag","embeddable":true,"href":"https:\/\/nonsansraison.com\/en\/wp-json\/wp\/v2\/product_tag?post=12422"}],"curies":[{"name":"wp","href":"https:\/\/api.w.org\/{rel}","templated":true}]}}