{"id":12370,"date":"2016-09-16T14:43:36","date_gmt":"2016-09-16T13:43:36","guid":{"rendered":"https:\/\/nonsansraison.com\/tableware\/non%20class\u00e9\/eye-light-assiette-a-diner\/"},"modified":"2024-04-03T14:23:20","modified_gmt":"2024-04-03T13:23:20","slug":"dinner-plate-light","status":"publish","type":"product","link":"https:\/\/nonsansraison.com\/en\/tableware\/tableware\/eye-light-black-en\/dinner-plate-light\/","title":{"rendered":"Eye Light Dinner plate light color gradient"},"content":{"rendered":"","protected":false},"excerpt":{"rendered":"","protected":false},"featured_media":9377,"comment_status":"closed","ping_status":"closed","template":"","meta":{"_links_to":"","_links_to_target":""},"product_brand":[],"product_cat":[289,284],"product_tag":[],"class_list":{"0":"post-12370","1":"product","2":"type-product","3":"status-publish","4":"has-post-thumbnail","6":"product_cat-select-diner-en","7":"product_cat-eye-light-black-en","9":"first","10":"instock","11":"taxable","12":"shipping-taxable","13":"purchasable","14":"product-type-simple"},"yoast_head":"<!-- This site is optimized with the Yoast SEO plugin v27.1.1 - https:\/\/yoast.com\/product\/yoast-seo-wordpress\/ -->\n<title>Eye Light Dinner plate light color gradient - Non Sans Raison<\/title>\n<meta name=\"description\" content=\"Non Sans Raison, cr\u00e9ateur, fabricant et \u00e9diteur d&#039;art de la table et d&#039;objets design de haute facture artisanale en porcelaine de Limoges commercialis\u00e9es dans le monde entier et r\u00e9alis\u00e9es \u00e0 partir de mat\u00e9riaux nobles. Vente en ligne d&#039;art de la table moderne, assiettes, objets cadeaux design, porcelaine contemporaine et Wall Plates.\" \/>\n<meta name=\"robots\" content=\"index, follow, max-snippet:-1, max-image-preview:large, max-video-preview:-1\" \/>\n<link rel=\"canonical\" href=\"https:\/\/nonsansraison.com\/boutique\/art-de-la-table\/eye-light-black\/eye-light-assiette-a-diner\/\" \/>\n<meta property=\"og:locale\" content=\"en_US\" \/>\n<meta property=\"og:type\" content=\"article\" \/>\n<meta property=\"og:title\" content=\"Eye Light Dinner plate light color gradient - Non Sans Raison\" \/>\n<meta property=\"og:description\" content=\"Non Sans Raison, cr\u00e9ateur, fabricant et \u00e9diteur d&#039;art de la table et d&#039;objets design de haute facture artisanale en porcelaine de Limoges commercialis\u00e9es dans le monde entier et r\u00e9alis\u00e9es \u00e0 partir de mat\u00e9riaux nobles. Vente en ligne d&#039;art de la table moderne, assiettes, objets cadeaux design, porcelaine contemporaine et Wall Plates.\" \/>\n<meta property=\"og:url\" content=\"https:\/\/nonsansraison.com\/boutique\/art-de-la-table\/eye-light-black\/eye-light-assiette-a-diner\/\" \/>\n<meta property=\"og:site_name\" content=\"Non Sans Raison\" \/>\n<meta property=\"article:publisher\" content=\"https:\/\/www.facebook.com\/nonsansraison\" \/>\n<meta property=\"article:modified_time\" content=\"2024-04-03T13:23:20+00:00\" \/>\n<meta property=\"og:image\" content=\"https:\/\/nonsansraison.com\/wp-content\/uploads\/2016\/09\/eye-light-noir-diner-1-face.png\" \/>\n\t<meta property=\"og:image:width\" content=\"1600\" \/>\n\t<meta property=\"og:image:height\" content=\"1200\" \/>\n\t<meta property=\"og:image:type\" content=\"image\/png\" \/>\n<meta name=\"twitter:card\" content=\"summary_large_image\" \/>\n<meta name=\"twitter:site\" content=\"@nonsansraison\" \/>\n<meta name=\"twitter:label1\" content=\"Est. reading time\" \/>\n\t<meta name=\"twitter:data1\" content=\"1 minute\" \/>\n<script type=\"application\/ld+json\" class=\"yoast-schema-graph\">{\"@context\":\"https:\/\/schema.org\",\"@graph\":[{\"@type\":\"WebPage\",\"@id\":\"https:\/\/nonsansraison.com\/boutique\/art-de-la-table\/eye-light-black\/eye-light-assiette-a-diner\/\",\"url\":\"https:\/\/nonsansraison.com\/boutique\/art-de-la-table\/eye-light-black\/eye-light-assiette-a-diner\/\",\"name\":\"Eye Light Dinner plate light color gradient - Non Sans Raison\",\"isPartOf\":{\"@id\":\"https:\/\/nonsansraison.com\/#website\"},\"primaryImageOfPage\":{\"@id\":\"https:\/\/nonsansraison.com\/boutique\/art-de-la-table\/eye-light-black\/eye-light-assiette-a-diner\/#primaryimage\"},\"image\":{\"@id\":\"https:\/\/nonsansraison.com\/boutique\/art-de-la-table\/eye-light-black\/eye-light-assiette-a-diner\/#primaryimage\"},\"thumbnailUrl\":\"https:\/\/nonsansraison.com\/wp-content\/uploads\/2016\/09\/eye-light-noir-diner-1-face.png\",\"datePublished\":\"2016-09-16T13:43:36+00:00\",\"dateModified\":\"2024-04-03T13:23:20+00:00\",\"description\":\"Non Sans Raison, cr\u00e9ateur, fabricant et \u00e9diteur d'art de la table et d'objets design de haute facture artisanale en porcelaine de Limoges commercialis\u00e9es dans le monde entier et r\u00e9alis\u00e9es \u00e0 partir de mat\u00e9riaux nobles. Vente en ligne d'art de la table moderne, assiettes, objets cadeaux design, porcelaine contemporaine et Wall Plates.\",\"breadcrumb\":{\"@id\":\"https:\/\/nonsansraison.com\/boutique\/art-de-la-table\/eye-light-black\/eye-light-assiette-a-diner\/#breadcrumb\"},\"inLanguage\":\"en-US\",\"potentialAction\":[{\"@type\":\"ReadAction\",\"target\":[\"https:\/\/nonsansraison.com\/boutique\/art-de-la-table\/eye-light-black\/eye-light-assiette-a-diner\/\"]}]},{\"@type\":\"ImageObject\",\"inLanguage\":\"en-US\",\"@id\":\"https:\/\/nonsansraison.com\/boutique\/art-de-la-table\/eye-light-black\/eye-light-assiette-a-diner\/#primaryimage\",\"url\":\"https:\/\/nonsansraison.com\/wp-content\/uploads\/2016\/09\/eye-light-noir-diner-1-face.png\",\"contentUrl\":\"https:\/\/nonsansraison.com\/wp-content\/uploads\/2016\/09\/eye-light-noir-diner-1-face.png\",\"width\":1600,\"height\":1200},{\"@type\":\"BreadcrumbList\",\"@id\":\"https:\/\/nonsansraison.com\/boutique\/art-de-la-table\/eye-light-black\/eye-light-assiette-a-diner\/#breadcrumb\",\"itemListElement\":[{\"@type\":\"ListItem\",\"position\":1,\"name\":\"Accueil\",\"item\":\"https:\/\/nonsansraison.com\/en\/\"},{\"@type\":\"ListItem\",\"position\":2,\"name\":\"Shop\",\"item\":\"https:\/\/nonsansraison.com\/en\/shop-3\/\"},{\"@type\":\"ListItem\",\"position\":3,\"name\":\"Eye Light Dinner plate light color gradient\"}]},{\"@type\":\"WebSite\",\"@id\":\"https:\/\/nonsansraison.com\/#website\",\"url\":\"https:\/\/nonsansraison.com\/\",\"name\":\"Non Sans Raison\",\"description\":\"Porcelaine de Limoges\",\"publisher\":{\"@id\":\"https:\/\/nonsansraison.com\/#organization\"},\"potentialAction\":[{\"@type\":\"SearchAction\",\"target\":{\"@type\":\"EntryPoint\",\"urlTemplate\":\"https:\/\/nonsansraison.com\/?s={search_term_string}\"},\"query-input\":{\"@type\":\"PropertyValueSpecification\",\"valueRequired\":true,\"valueName\":\"search_term_string\"}}],\"inLanguage\":\"en-US\"},{\"@type\":\"Organization\",\"@id\":\"https:\/\/nonsansraison.com\/#organization\",\"name\":\"Non Sans Raison\",\"url\":\"https:\/\/nonsansraison.com\/\",\"logo\":{\"@type\":\"ImageObject\",\"inLanguage\":\"en-US\",\"@id\":\"https:\/\/nonsansraison.com\/#\/schema\/logo\/image\/\",\"url\":\"https:\/\/nonsansraison.com\/wp-content\/uploads\/2021\/07\/logo-Non-Sans-Raison-porcelaine-Limoges-France.jpg\",\"contentUrl\":\"https:\/\/nonsansraison.com\/wp-content\/uploads\/2021\/07\/logo-Non-Sans-Raison-porcelaine-Limoges-France.jpg\",\"width\":500,\"height\":500,\"caption\":\"Non Sans Raison\"},\"image\":{\"@id\":\"https:\/\/nonsansraison.com\/#\/schema\/logo\/image\/\"},\"sameAs\":[\"https:\/\/www.facebook.com\/nonsansraison\",\"https:\/\/x.com\/nonsansraison\",\"https:\/\/www.instagram.com\/nonsansraison\/\",\"https:\/\/www.linkedin.com\/company\/non-sans-raison\",\"https:\/\/fr.pinterest.com\/nonsansraison\/\"]}]}<\/script>\n<!-- \/ Yoast SEO plugin. -->","yoast_head_json":{"title":"Eye Light Dinner plate light color gradient - Non Sans Raison","description":"Non Sans Raison, cr\u00e9ateur, fabricant et \u00e9diteur d'art de la table et d'objets design de haute facture artisanale en porcelaine de Limoges commercialis\u00e9es dans le monde entier et r\u00e9alis\u00e9es \u00e0 partir de mat\u00e9riaux nobles. Vente en ligne d'art de la table moderne, assiettes, objets cadeaux design, porcelaine contemporaine et Wall Plates.","robots":{"index":"index","follow":"follow","max-snippet":"max-snippet:-1","max-image-preview":"max-image-preview:large","max-video-preview":"max-video-preview:-1"},"canonical":"https:\/\/nonsansraison.com\/boutique\/art-de-la-table\/eye-light-black\/eye-light-assiette-a-diner\/","og_locale":"en_US","og_type":"article","og_title":"Eye Light Dinner plate light color gradient - Non Sans Raison","og_description":"Non Sans Raison, cr\u00e9ateur, fabricant et \u00e9diteur d'art de la table et d'objets design de haute facture artisanale en porcelaine de Limoges commercialis\u00e9es dans le monde entier et r\u00e9alis\u00e9es \u00e0 partir de mat\u00e9riaux nobles. Vente en ligne d'art de la table moderne, assiettes, objets cadeaux design, porcelaine contemporaine et Wall Plates.","og_url":"https:\/\/nonsansraison.com\/boutique\/art-de-la-table\/eye-light-black\/eye-light-assiette-a-diner\/","og_site_name":"Non Sans Raison","article_publisher":"https:\/\/www.facebook.com\/nonsansraison","article_modified_time":"2024-04-03T13:23:20+00:00","og_image":[{"width":1600,"height":1200,"url":"https:\/\/nonsansraison.com\/wp-content\/uploads\/2016\/09\/eye-light-noir-diner-1-face.png","type":"image\/png"}],"twitter_card":"summary_large_image","twitter_site":"@nonsansraison","twitter_misc":{"Est. reading time":"1 minute"},"schema":{"@context":"https:\/\/schema.org","@graph":[{"@type":"WebPage","@id":"https:\/\/nonsansraison.com\/boutique\/art-de-la-table\/eye-light-black\/eye-light-assiette-a-diner\/","url":"https:\/\/nonsansraison.com\/boutique\/art-de-la-table\/eye-light-black\/eye-light-assiette-a-diner\/","name":"Eye Light Dinner plate light color gradient - Non Sans Raison","isPartOf":{"@id":"https:\/\/nonsansraison.com\/#website"},"primaryImageOfPage":{"@id":"https:\/\/nonsansraison.com\/boutique\/art-de-la-table\/eye-light-black\/eye-light-assiette-a-diner\/#primaryimage"},"image":{"@id":"https:\/\/nonsansraison.com\/boutique\/art-de-la-table\/eye-light-black\/eye-light-assiette-a-diner\/#primaryimage"},"thumbnailUrl":"https:\/\/nonsansraison.com\/wp-content\/uploads\/2016\/09\/eye-light-noir-diner-1-face.png","datePublished":"2016-09-16T13:43:36+00:00","dateModified":"2024-04-03T13:23:20+00:00","description":"Non Sans Raison, cr\u00e9ateur, fabricant et \u00e9diteur d'art de la table et d'objets design de haute facture artisanale en porcelaine de Limoges commercialis\u00e9es dans le monde entier et r\u00e9alis\u00e9es \u00e0 partir de mat\u00e9riaux nobles. Vente en ligne d'art de la table moderne, assiettes, objets cadeaux design, porcelaine contemporaine et Wall Plates.","breadcrumb":{"@id":"https:\/\/nonsansraison.com\/boutique\/art-de-la-table\/eye-light-black\/eye-light-assiette-a-diner\/#breadcrumb"},"inLanguage":"en-US","potentialAction":[{"@type":"ReadAction","target":["https:\/\/nonsansraison.com\/boutique\/art-de-la-table\/eye-light-black\/eye-light-assiette-a-diner\/"]}]},{"@type":"ImageObject","inLanguage":"en-US","@id":"https:\/\/nonsansraison.com\/boutique\/art-de-la-table\/eye-light-black\/eye-light-assiette-a-diner\/#primaryimage","url":"https:\/\/nonsansraison.com\/wp-content\/uploads\/2016\/09\/eye-light-noir-diner-1-face.png","contentUrl":"https:\/\/nonsansraison.com\/wp-content\/uploads\/2016\/09\/eye-light-noir-diner-1-face.png","width":1600,"height":1200},{"@type":"BreadcrumbList","@id":"https:\/\/nonsansraison.com\/boutique\/art-de-la-table\/eye-light-black\/eye-light-assiette-a-diner\/#breadcrumb","itemListElement":[{"@type":"ListItem","position":1,"name":"Accueil","item":"https:\/\/nonsansraison.com\/en\/"},{"@type":"ListItem","position":2,"name":"Shop","item":"https:\/\/nonsansraison.com\/en\/shop-3\/"},{"@type":"ListItem","position":3,"name":"Eye Light Dinner plate light color gradient"}]},{"@type":"WebSite","@id":"https:\/\/nonsansraison.com\/#website","url":"https:\/\/nonsansraison.com\/","name":"Non Sans Raison","description":"Porcelaine de Limoges","publisher":{"@id":"https:\/\/nonsansraison.com\/#organization"},"potentialAction":[{"@type":"SearchAction","target":{"@type":"EntryPoint","urlTemplate":"https:\/\/nonsansraison.com\/?s={search_term_string}"},"query-input":{"@type":"PropertyValueSpecification","valueRequired":true,"valueName":"search_term_string"}}],"inLanguage":"en-US"},{"@type":"Organization","@id":"https:\/\/nonsansraison.com\/#organization","name":"Non Sans Raison","url":"https:\/\/nonsansraison.com\/","logo":{"@type":"ImageObject","inLanguage":"en-US","@id":"https:\/\/nonsansraison.com\/#\/schema\/logo\/image\/","url":"https:\/\/nonsansraison.com\/wp-content\/uploads\/2021\/07\/logo-Non-Sans-Raison-porcelaine-Limoges-France.jpg","contentUrl":"https:\/\/nonsansraison.com\/wp-content\/uploads\/2021\/07\/logo-Non-Sans-Raison-porcelaine-Limoges-France.jpg","width":500,"height":500,"caption":"Non Sans Raison"},"image":{"@id":"https:\/\/nonsansraison.com\/#\/schema\/logo\/image\/"},"sameAs":["https:\/\/www.facebook.com\/nonsansraison","https:\/\/x.com\/nonsansraison","https:\/\/www.instagram.com\/nonsansraison\/","https:\/\/www.linkedin.com\/company\/non-sans-raison","https:\/\/fr.pinterest.com\/nonsansraison\/"]}]}},"_links":{"self":[{"href":"https:\/\/nonsansraison.com\/en\/wp-json\/wp\/v2\/product\/12370","targetHints":{"allow":["GET"]}}],"collection":[{"href":"https:\/\/nonsansraison.com\/en\/wp-json\/wp\/v2\/product"}],"about":[{"href":"https:\/\/nonsansraison.com\/en\/wp-json\/wp\/v2\/types\/product"}],"replies":[{"embeddable":true,"href":"https:\/\/nonsansraison.com\/en\/wp-json\/wp\/v2\/comments?post=12370"}],"wp:featuredmedia":[{"embeddable":true,"href":"https:\/\/nonsansraison.com\/en\/wp-json\/wp\/v2\/media\/9377"}],"wp:attachment":[{"href":"https:\/\/nonsansraison.com\/en\/wp-json\/wp\/v2\/media?parent=12370"}],"wp:term":[{"taxonomy":"product_brand","embeddable":true,"href":"https:\/\/nonsansraison.com\/en\/wp-json\/wp\/v2\/product_brand?post=12370"},{"taxonomy":"product_cat","embeddable":true,"href":"https:\/\/nonsansraison.com\/en\/wp-json\/wp\/v2\/product_cat?post=12370"},{"taxonomy":"product_tag","embeddable":true,"href":"https:\/\/nonsansraison.com\/en\/wp-json\/wp\/v2\/product_tag?post=12370"}],"curies":[{"name":"wp","href":"https:\/\/api.w.org\/{rel}","templated":true}]}}