{"id":9692,"date":"2013-10-11T16:45:28","date_gmt":"2013-10-11T15:45:28","guid":{"rendered":"http:\/\/store.nonsansraison.com\/en\/mentions-legales\/"},"modified":"2022-06-16T13:58:53","modified_gmt":"2022-06-16T12:58:53","slug":"terms-conditions","status":"publish","type":"page","link":"https:\/\/nonsansraison.com\/en\/terms-conditions\/","title":{"rendered":"Terms &#038; Conditions"},"content":{"rendered":"[spb_text_block title=&#8221;TERMS AND CONDITIONS OF USE&#8221; pb_margin_bottom=&#8221;no&#8221; pb_border_bottom=&#8221;no&#8221; width=&#8221;1\/1&#8243; el_position=&#8221;first last&#8221;]\n<p>The offer and sale of products on our website (\u201cnonsansraison.com&#8221;) are governed by the current Terms and Conditions of use.<\/p>\n<p>Products bought on nonsansraison.com\u00a0are sold directly by Deuxi\u00e8me Chambre SARL, 5 Impasse d&#8217;Isly 87000 Limoges, registered with the RCS Limoges\u00a0504 650 938 00039, under the VAT number FR 095 046 5909 38.<\/p>\n<p><strong>Non Sans Raison\u00a0<\/strong>sells products on nonsansraison.com\u00a0and practices its own e-commerce activity directed exclusively toward the final consumer. The \u201cfinal consumer\u201d is any individual who makes purchases for purposes unrelated to any business or professional activity eventually performed. If you are not a \u201cfinal consumer,\u201d we ask you to refrain from entering into transactions with nonsansraison.com. Given the commercial policy described above, Non Sans Raison reserves the right not to respond to purchases made from anyone who is not considered a \u201cfinal consumer\u201d or any non-compliant orders according to its commercial policy as defined herein.<\/p>\n<p>The terms and conditions of use may be amended, particularly to abide by possible legislative changes. New terms and conditions of use apply to all sales made after their publication on\u00a0nonsansraison.com<\/p>\n<p>You can view the current version of the terms and conditions of use at any time by clicking on \u201cTerms and Conditions.\u201d<\/p>\n<p>Furthermore, for each order made on nonsansraison.com, you will be asked to confirm your agreement to the terms and conditions of use in place during the time that you place your order.<\/p>\n<p>&nbsp;<\/p>\n<div id=\"main\"><\/div>\n[\/spb_text_block] [spb_accordion width=&#8221;1\/1&#8243; el_position=&#8221;first last&#8221;] [spb_accordion_tab title=&#8221;Article 1 &#8211; Price&#8221; accordion_id=&#8221;&#8221; icon=&#8221;&#8221;] [spb_text_block pb_margin_bottom=&#8221;no&#8221; pb_border_bottom=&#8221;no&#8221; width=&#8221;1\/1&#8243; el_position=&#8221;first last&#8221;]\n<p>1.1\u00a0&#8211; The prices of our products are indicated in Euros, all inclusive of tax, excluding processing fees and shipping.<\/p>\n<p>1.2\u00a0&#8211;\u00a0For orders outside of metropolitan France, the client is the importer of the products purchased. For all products shipped outside of the European Union and French overseas territories (DOM-TOM), the price will be calculated excluding taxes automatically on the invoice. Customs duties, local taxes, import duties or state taxes may be charged. nonsansraison.com is not responsible for paying these taxes and fees. Instead, they are the client\u2019s responsibility, both in terms of declaration and payment to the authorities and powers within the client\u2019s country nonsansraison.com advises that clients inquire about these issues with local authorities in their home country.<\/p>\n<p>1.3\u00a0&#8211; \u00a0All orders must be paid in euros.<\/p>\n<p>1.4 \u2013 nonsansraison.com\u00a0reserves the right to modify prices at any time. However, products will be billed based on the rates in effect at the time the order is made, subject to availability.<\/p>\n[\/spb_text_block] [\/spb_accordion_tab] [spb_accordion_tab title=&#8221;Article 2 &#8211; Order&#8221; accordion_id=&#8221;&#8221; icon=&#8221;&#8221;] [spb_text_block pb_margin_bottom=&#8221;no&#8221; pb_border_bottom=&#8221;no&#8221; width=&#8221;1\/1&#8243; el_position=&#8221;first last&#8221;]\n<p style=\"text-align: justify;\">By validating his or her order online, the client accepts unconditionally and agrees to engage with and respect nonsansraison.com\u2019s current terms and conditions of use. If the customer does not agree with the terms specified in the terms and conditions of use, we ask the customer not to place orders on nonsansraison.com. By placing an order with nonsansraison.com, the client confirms to know and accept our terms and conditions without reservation.<\/p>\n[\/spb_text_block] [\/spb_accordion_tab] [spb_accordion_tab title=&#8221;Article 3 &#8211; Order completion&#8221; accordion_id=&#8221;&#8221; icon=&#8221;&#8221;] [spb_text_block pb_margin_bottom=&#8221;no&#8221; pb_border_bottom=&#8221;no&#8221; width=&#8221;1\/1&#8243; el_position=&#8221;first last&#8221;]\n<p>The data recorded by nonsansraison.com\u00a0constitute the proof of the whole of the transactions passed through nonsansraison.com\u00a0and its customers. The data recorded by the system of payment constitute the proof of the financial transactions.<\/p>\n<p>At any time, the customer can:<\/p>\n<p>Select an article by clicking on \u201cAdd to bag,\u201d and then clicking on \u201ccheckout.\u201d<\/p>\n<p>Add more items by clicking on \u201ccontinue shopping.\u201d<\/p>\n<p>Consult a list of your selected items by clicking on \u201cyour shopping bag.\u201d<\/p>\n<p>The customer may change the quantity of an item he or she wishes to buy by changing the number of units selected, or delete an item by clicking on the \u201cx.\u201d<\/p>\n<p>For each item selected on nonsansraison.com, a summary page will appear, showing an image of the product, its color and reference number, the quantity selected, its unit price and the total price of the order. nonsansraison.com\u00a0invites customers to thoroughly check the accuracy of their selection before confirming their order.<\/p>\n<p>Though every effort is made to ensure that the color and pattern of our items are accurately posted on our website, variations may occur, particularly because of computer screen limitations in accurately displaying color. For this reason, nonsansraison.com\u00a0is not liable for inaccuracies in the photographs or graphical representations of products on\u00a0nonsansraison.com.<\/p>\n<p>For questions about products, the customer may contact our customer service team.<\/p>\n<p>Each order made on nonsansraison.com requires that the customer provide us with accurate and complete information. The requested information includes: title, name, phone, email address, billing and shipping address.<\/p>\n<p>Once completed, your order will be sent directly for fulfillment.<\/p>\n<p>You may change or cancel your order by contacting Customer Service by phone or email.<\/p>\n<p>nonsansraison.com\u00a0reserves the right not to accept an order from a customer with whom there is a dispute on a previous order, or if nonsansraison.com\u00a0reasonably believes that a client has violated the terms and conditions, or for any other legitimate reason.<\/p>\n<p>A summary of your order will be sent by email. The message will contain the name of the products ordered, the quantity, price and amount of postage.<\/p>\n<p>You may create an account to save the billing and delivery information for your order. You will be asked to create your own password for future use of the account. By doing so, you agree, at your own risk, to keep the password and all other information confidential and never to disclose them to third parties. Accordingly, any purchase made through your account will be assumed to have been made by you. In case off loss, theft or unauthorized use of your account, you agree to relay this information to nonsansraison.com immediately.<\/p>\n<p>You can place an order without creating an account by clicking on \u201ccheckout as guest.\u201d You will need to fill in the necessary information for the delivery of the order: your name, address, phone number and email.<\/p>\n[\/spb_text_block] [\/spb_accordion_tab] [spb_accordion_tab title=&#8221;Article 4 &#8211; Availability&#8221; accordion_id=&#8221;&#8221; icon=&#8221;&#8221;] [spb_text_block pb_margin_bottom=&#8221;no&#8221; pb_border_bottom=&#8221;no&#8221; width=&#8221;1\/1&#8243; el_position=&#8221;first last&#8221;]\n<p style=\"text-align: justify;\">Product availability is based on the amount of available stock. Errors may exceptionally exist, especially in the case of simultaneous orders of the same product by several customers. If a product becomes unavailable after confirmation of the customer\u2019s order, we will make every effort to keep the customer informed by email or phone as soon as possible.<\/p>\n<p>When a product is no longer available on nonsansraison.com, customers will see a \u201cSold Out\u201d button appear on the page. However, if the product is scheduled to come back in stock, the customer may receive an email automatically to be kept informed by clicking on \u201cNotify me when available.\u201d<\/p>\n<p>nonsansraison.com\u00a0is not liable in the case of shortage or unavailability of products.<\/p>\n[\/spb_text_block] [\/spb_accordion_tab] [spb_accordion_tab title=&#8221;Article 5 &#8211; Information \/ Order follow up&#8221; accordion_id=&#8221;&#8221; icon=&#8221;&#8221;] [spb_text_block pb_margin_bottom=&#8221;no&#8221; pb_border_bottom=&#8221;no&#8221; width=&#8221;1\/1&#8243; el_position=&#8221;first last&#8221;]\n<p>For any information or question concerning the products and to follow an order :\u00a0<a href=\"mailto:mail@nonsansraison.com\">mail@nonsansraison.com<\/a><\/p>\n<p>Non Sans Raison<br \/>\n5 impasse d&#8217;Isly<br \/>\n87000 Limoges<br \/>\nFrance<\/p>\n<p>&nbsp;<\/p>\n[\/spb_text_block] [\/spb_accordion_tab] [spb_accordion_tab title=&#8221;Article 6 &#8211; Intellectual Property&#8221; accordion_id=&#8221;&#8221; icon=&#8221;&#8221;] [spb_text_block pb_margin_bottom=&#8221;no&#8221; pb_border_bottom=&#8221;no&#8221; width=&#8221;1\/1&#8243; el_position=&#8221;first last&#8221;]\n<p>All text, commentary, articles, illustrations and images produced on the nonsansraison.com website are all rights reserved. As such, in accordance with the Intellectual Property Code, only private use is tolerated.<\/p>\n<p>Any other use constitutes infringement and is punishable under Intellectual Property laws unless nonsansraison.com\u00a0gives permission before use.<\/p>\n<p>Total or partial reproduction of the nonsansraison.com\u00a0catalog is strictly prohibited. All rights reserved.<\/p>\n[\/spb_text_block] [\/spb_accordion_tab] [spb_accordion_tab title=&#8221;Article 7 &#8211; Responsibility&#8221; accordion_id=&#8221;&#8221; icon=&#8221;&#8221;] [spb_text_block pb_margin_bottom=&#8221;no&#8221; pb_border_bottom=&#8221;no&#8221; width=&#8221;1\/1&#8243; el_position=&#8221;first last&#8221;]\n<p style=\"text-align: justify;\">All items offered on nonsansraison.com\u00a0comply with French legislation. It is your responsibility to check with local authorities in your country to verify the possibility of delivery within your country and the use of the products you plan to order.<\/p>\n<p style=\"text-align: justify;\">The reproduced photographs and texts illustrating the products presented are not contractual. Consequently, the responsibility for\u00a0<a href=\"http:\/\/www.nonsansraison.com\/\">nonsansraison.com<\/a>\u00a0could not be committed in the event of error in one of these photographs or one of these texts.<a href=\"http:\/\/www.nonsansraison.com\/\">nonsansraison.com<\/a>\u00a0could not be held for person in charge for the inexecution of the contract concluded in the event of unavailability or out-of-stock condition of the product, of cause beyond control, disturbance or all-out strike or partial in particular of the mail service and means of transport and\/or communications, flood, fire.\u00a0<a href=\"http:\/\/www.nonsansraison.com\/\">nonsansraison.com<\/a>\u00a0will not incur any responsibility for all consequential damages because of present, trading loss, loss of profit, loss of chance, damage or expenses. Bonds hypertextes can return towards other sites that site\u00a0<a href=\"http:\/\/www.nonsansraison.com\/\">nonsansraison.com<\/a>\u00a0releases any responsibility if the contents of these sites would contravene the legal and lawful provisions into force.<\/p>\n[\/spb_text_block] [\/spb_accordion_tab] [spb_accordion_tab title=&#8221;Article 8 &#8211; Applicable Law- Disputes&#8221; accordion_id=&#8221;&#8221; icon=&#8221;&#8221;] [spb_text_block pb_margin_bottom=&#8221;no&#8221; pb_border_bottom=&#8221;no&#8221; width=&#8221;1\/1&#8243; el_position=&#8221;first last&#8221;]\n<p style=\"text-align: justify;\">This contract is subjected to the French law. The language of this contract is the French language. In the case of a legal dispute, the French courts have jurisdiction.<\/p>\n[\/spb_text_block] [\/spb_accordion_tab] [spb_accordion_tab title=&#8221;Article 9 &#8211; Personal Information&#8221; accordion_id=&#8221;&#8221; icon=&#8221;&#8221;] [spb_text_block pb_margin_bottom=&#8221;no&#8221; pb_border_bottom=&#8221;no&#8221; width=&#8221;1\/1&#8243; el_position=&#8221;first last&#8221;]\n<p>nonsansraison.com\u00a0agrees not to disclose any information provided to us to third parties. This information remains confidential, and will only be used by our internal departments to process your order, to personalize communication, or to offer specific products, including the nonsansraison.com newsletter which subscribes customers based on areas of interest.<\/p>\n<p>Consequently, and in accordance with the Data Protection Act of January 6th, 1978 (declaration number 1733208 v 0), you have the right to access, rectify and oppose to any personal data registered about you. To do this, simply send a request by email to: <a href=\"mailto:mail@nonsansraison.com\">mail@nonsansraison.com<\/a>.<\/p>\n<p>&nbsp;<\/p>\n[\/spb_text_block] [\/spb_accordion_tab] [\/spb_accordion]\n","protected":false},"excerpt":{"rendered":"<p>[spb_text_block title=&#8221;TERMS AND CONDITIONS OF USE&#8221; pb_margin_bottom=&#8221;no&#8221; pb_border_bottom=&#8221;no&#8221; width=&#8221;1\/1&#8243; el_position=&#8221;first last&#8221;] The offer and sale of products on our website (\u201cnonsansraison.com&#8221;) are governed by the current Terms and Conditions of use. Products bought on nonsansraison.com\u00a0are sold directly by Deuxi\u00e8me Chambre SARL, 5 Impasse d&#8217;Isly 87000 Limoges, registered with the RCS Limoges\u00a0504 650 938 00039, under the VAT number FR 095 [&hellip;]<\/p>\n","protected":false},"author":1,"featured_media":0,"parent":0,"menu_order":0,"comment_status":"closed","ping_status":"open","template":"","meta":{"footnotes":"","_links_to":"","_links_to_target":""},"class_list":["post-9692","page","type-page","status-publish","hentry"],"yoast_head":"<!-- This site is optimized with the Yoast SEO plugin v27.1.1 - https:\/\/yoast.com\/product\/yoast-seo-wordpress\/ -->\n<title>Terms &amp; Conditions - Non Sans Raison<\/title>\n<meta name=\"description\" content=\"Non Sans Raison, cr\u00e9ateur, fabricant et \u00e9diteur d&#039;art de la table et d&#039;objets design de haute facture artisanale en porcelaine de Limoges commercialis\u00e9es dans le monde entier et r\u00e9alis\u00e9es \u00e0 partir de mat\u00e9riaux nobles. Vente en ligne d&#039;art de la table moderne, assiettes, objets cadeaux design, porcelaine contemporaine et Wall Plates.\" \/>\n<meta name=\"robots\" content=\"index, follow, max-snippet:-1, max-image-preview:large, max-video-preview:-1\" \/>\n<link rel=\"canonical\" href=\"https:\/\/nonsansraison.com\/en\/terms-conditions\/\" \/>\n<meta property=\"og:locale\" content=\"en_US\" \/>\n<meta property=\"og:type\" content=\"article\" \/>\n<meta property=\"og:title\" content=\"Terms &amp; Conditions - Non Sans Raison\" \/>\n<meta property=\"og:description\" content=\"Non Sans Raison, cr\u00e9ateur, fabricant et \u00e9diteur d&#039;art de la table et d&#039;objets design de haute facture artisanale en porcelaine de Limoges commercialis\u00e9es dans le monde entier et r\u00e9alis\u00e9es \u00e0 partir de mat\u00e9riaux nobles. Vente en ligne d&#039;art de la table moderne, assiettes, objets cadeaux design, porcelaine contemporaine et Wall Plates.\" \/>\n<meta property=\"og:url\" content=\"https:\/\/nonsansraison.com\/en\/terms-conditions\/\" \/>\n<meta property=\"og:site_name\" content=\"Non Sans Raison\" \/>\n<meta property=\"article:publisher\" content=\"https:\/\/www.facebook.com\/nonsansraison\" \/>\n<meta property=\"article:modified_time\" content=\"2022-06-16T12:58:53+00:00\" \/>\n<meta property=\"og:image\" content=\"https:\/\/nonsansraison.com\/wp-content\/uploads\/2024\/11\/nonsansraisonedito22-427-1-scaled.jpg\" \/>\n\t<meta property=\"og:image:width\" content=\"2048\" \/>\n\t<meta property=\"og:image:height\" content=\"1365\" \/>\n\t<meta property=\"og:image:type\" content=\"image\/jpeg\" \/>\n<meta name=\"twitter:card\" content=\"summary_large_image\" \/>\n<meta name=\"twitter:site\" content=\"@nonsansraison\" \/>\n<meta name=\"twitter:label1\" content=\"Est. reading time\" \/>\n\t<meta name=\"twitter:data1\" content=\"9 minutes\" \/>\n<script type=\"application\/ld+json\" class=\"yoast-schema-graph\">{\"@context\":\"https:\/\/schema.org\",\"@graph\":[{\"@type\":\"WebPage\",\"@id\":\"https:\/\/nonsansraison.com\/en\/terms-conditions\/\",\"url\":\"https:\/\/nonsansraison.com\/en\/terms-conditions\/\",\"name\":\"Terms & Conditions - Non Sans Raison\",\"isPartOf\":{\"@id\":\"https:\/\/nonsansraison.com\/#website\"},\"datePublished\":\"2013-10-11T15:45:28+00:00\",\"dateModified\":\"2022-06-16T12:58:53+00:00\",\"description\":\"Non Sans Raison, cr\u00e9ateur, fabricant et \u00e9diteur d'art de la table et d'objets design de haute facture artisanale en porcelaine de Limoges commercialis\u00e9es dans le monde entier et r\u00e9alis\u00e9es \u00e0 partir de mat\u00e9riaux nobles. Vente en ligne d'art de la table moderne, assiettes, objets cadeaux design, porcelaine contemporaine et Wall Plates.\",\"breadcrumb\":{\"@id\":\"https:\/\/nonsansraison.com\/en\/terms-conditions\/#breadcrumb\"},\"inLanguage\":\"en-US\",\"potentialAction\":[{\"@type\":\"ReadAction\",\"target\":[\"https:\/\/nonsansraison.com\/en\/terms-conditions\/\"]}]},{\"@type\":\"BreadcrumbList\",\"@id\":\"https:\/\/nonsansraison.com\/en\/terms-conditions\/#breadcrumb\",\"itemListElement\":[{\"@type\":\"ListItem\",\"position\":1,\"name\":\"Accueil\",\"item\":\"https:\/\/nonsansraison.com\/en\/\"},{\"@type\":\"ListItem\",\"position\":2,\"name\":\"Terms &#038; Conditions\"}]},{\"@type\":\"WebSite\",\"@id\":\"https:\/\/nonsansraison.com\/#website\",\"url\":\"https:\/\/nonsansraison.com\/\",\"name\":\"Non Sans Raison\",\"description\":\"Porcelaine de Limoges\",\"publisher\":{\"@id\":\"https:\/\/nonsansraison.com\/#organization\"},\"potentialAction\":[{\"@type\":\"SearchAction\",\"target\":{\"@type\":\"EntryPoint\",\"urlTemplate\":\"https:\/\/nonsansraison.com\/?s={search_term_string}\"},\"query-input\":{\"@type\":\"PropertyValueSpecification\",\"valueRequired\":true,\"valueName\":\"search_term_string\"}}],\"inLanguage\":\"en-US\"},{\"@type\":\"Organization\",\"@id\":\"https:\/\/nonsansraison.com\/#organization\",\"name\":\"Non Sans Raison\",\"url\":\"https:\/\/nonsansraison.com\/\",\"logo\":{\"@type\":\"ImageObject\",\"inLanguage\":\"en-US\",\"@id\":\"https:\/\/nonsansraison.com\/#\/schema\/logo\/image\/\",\"url\":\"https:\/\/nonsansraison.com\/wp-content\/uploads\/2021\/07\/logo-Non-Sans-Raison-porcelaine-Limoges-France.jpg\",\"contentUrl\":\"https:\/\/nonsansraison.com\/wp-content\/uploads\/2021\/07\/logo-Non-Sans-Raison-porcelaine-Limoges-France.jpg\",\"width\":500,\"height\":500,\"caption\":\"Non Sans Raison\"},\"image\":{\"@id\":\"https:\/\/nonsansraison.com\/#\/schema\/logo\/image\/\"},\"sameAs\":[\"https:\/\/www.facebook.com\/nonsansraison\",\"https:\/\/x.com\/nonsansraison\",\"https:\/\/www.instagram.com\/nonsansraison\/\",\"https:\/\/www.linkedin.com\/company\/non-sans-raison\",\"https:\/\/fr.pinterest.com\/nonsansraison\/\"]}]}<\/script>\n<!-- \/ Yoast SEO plugin. -->","yoast_head_json":{"title":"Terms & Conditions - Non Sans Raison","description":"Non Sans Raison, cr\u00e9ateur, fabricant et \u00e9diteur d'art de la table et d'objets design de haute facture artisanale en porcelaine de Limoges commercialis\u00e9es dans le monde entier et r\u00e9alis\u00e9es \u00e0 partir de mat\u00e9riaux nobles. Vente en ligne d'art de la table moderne, assiettes, objets cadeaux design, porcelaine contemporaine et Wall Plates.","robots":{"index":"index","follow":"follow","max-snippet":"max-snippet:-1","max-image-preview":"max-image-preview:large","max-video-preview":"max-video-preview:-1"},"canonical":"https:\/\/nonsansraison.com\/en\/terms-conditions\/","og_locale":"en_US","og_type":"article","og_title":"Terms & Conditions - Non Sans Raison","og_description":"Non Sans Raison, cr\u00e9ateur, fabricant et \u00e9diteur d'art de la table et d'objets design de haute facture artisanale en porcelaine de Limoges commercialis\u00e9es dans le monde entier et r\u00e9alis\u00e9es \u00e0 partir de mat\u00e9riaux nobles. Vente en ligne d'art de la table moderne, assiettes, objets cadeaux design, porcelaine contemporaine et Wall Plates.","og_url":"https:\/\/nonsansraison.com\/en\/terms-conditions\/","og_site_name":"Non Sans Raison","article_publisher":"https:\/\/www.facebook.com\/nonsansraison","article_modified_time":"2022-06-16T12:58:53+00:00","og_image":[{"width":2048,"height":1365,"url":"https:\/\/nonsansraison.com\/wp-content\/uploads\/2024\/11\/nonsansraisonedito22-427-1-scaled.jpg","type":"image\/jpeg"}],"twitter_card":"summary_large_image","twitter_site":"@nonsansraison","twitter_misc":{"Est. reading time":"9 minutes"},"schema":{"@context":"https:\/\/schema.org","@graph":[{"@type":"WebPage","@id":"https:\/\/nonsansraison.com\/en\/terms-conditions\/","url":"https:\/\/nonsansraison.com\/en\/terms-conditions\/","name":"Terms & Conditions - Non Sans Raison","isPartOf":{"@id":"https:\/\/nonsansraison.com\/#website"},"datePublished":"2013-10-11T15:45:28+00:00","dateModified":"2022-06-16T12:58:53+00:00","description":"Non Sans Raison, cr\u00e9ateur, fabricant et \u00e9diteur d'art de la table et d'objets design de haute facture artisanale en porcelaine de Limoges commercialis\u00e9es dans le monde entier et r\u00e9alis\u00e9es \u00e0 partir de mat\u00e9riaux nobles. Vente en ligne d'art de la table moderne, assiettes, objets cadeaux design, porcelaine contemporaine et Wall Plates.","breadcrumb":{"@id":"https:\/\/nonsansraison.com\/en\/terms-conditions\/#breadcrumb"},"inLanguage":"en-US","potentialAction":[{"@type":"ReadAction","target":["https:\/\/nonsansraison.com\/en\/terms-conditions\/"]}]},{"@type":"BreadcrumbList","@id":"https:\/\/nonsansraison.com\/en\/terms-conditions\/#breadcrumb","itemListElement":[{"@type":"ListItem","position":1,"name":"Accueil","item":"https:\/\/nonsansraison.com\/en\/"},{"@type":"ListItem","position":2,"name":"Terms &#038; Conditions"}]},{"@type":"WebSite","@id":"https:\/\/nonsansraison.com\/#website","url":"https:\/\/nonsansraison.com\/","name":"Non Sans Raison","description":"Porcelaine de Limoges","publisher":{"@id":"https:\/\/nonsansraison.com\/#organization"},"potentialAction":[{"@type":"SearchAction","target":{"@type":"EntryPoint","urlTemplate":"https:\/\/nonsansraison.com\/?s={search_term_string}"},"query-input":{"@type":"PropertyValueSpecification","valueRequired":true,"valueName":"search_term_string"}}],"inLanguage":"en-US"},{"@type":"Organization","@id":"https:\/\/nonsansraison.com\/#organization","name":"Non Sans Raison","url":"https:\/\/nonsansraison.com\/","logo":{"@type":"ImageObject","inLanguage":"en-US","@id":"https:\/\/nonsansraison.com\/#\/schema\/logo\/image\/","url":"https:\/\/nonsansraison.com\/wp-content\/uploads\/2021\/07\/logo-Non-Sans-Raison-porcelaine-Limoges-France.jpg","contentUrl":"https:\/\/nonsansraison.com\/wp-content\/uploads\/2021\/07\/logo-Non-Sans-Raison-porcelaine-Limoges-France.jpg","width":500,"height":500,"caption":"Non Sans Raison"},"image":{"@id":"https:\/\/nonsansraison.com\/#\/schema\/logo\/image\/"},"sameAs":["https:\/\/www.facebook.com\/nonsansraison","https:\/\/x.com\/nonsansraison","https:\/\/www.instagram.com\/nonsansraison\/","https:\/\/www.linkedin.com\/company\/non-sans-raison","https:\/\/fr.pinterest.com\/nonsansraison\/"]}]}},"_links":{"self":[{"href":"https:\/\/nonsansraison.com\/en\/wp-json\/wp\/v2\/pages\/9692","targetHints":{"allow":["GET"]}}],"collection":[{"href":"https:\/\/nonsansraison.com\/en\/wp-json\/wp\/v2\/pages"}],"about":[{"href":"https:\/\/nonsansraison.com\/en\/wp-json\/wp\/v2\/types\/page"}],"author":[{"embeddable":true,"href":"https:\/\/nonsansraison.com\/en\/wp-json\/wp\/v2\/users\/1"}],"replies":[{"embeddable":true,"href":"https:\/\/nonsansraison.com\/en\/wp-json\/wp\/v2\/comments?post=9692"}],"version-history":[{"count":7,"href":"https:\/\/nonsansraison.com\/en\/wp-json\/wp\/v2\/pages\/9692\/revisions"}],"predecessor-version":[{"id":15498,"href":"https:\/\/nonsansraison.com\/en\/wp-json\/wp\/v2\/pages\/9692\/revisions\/15498"}],"wp:attachment":[{"href":"https:\/\/nonsansraison.com\/en\/wp-json\/wp\/v2\/media?parent=9692"}],"curies":[{"name":"wp","href":"https:\/\/api.w.org\/{rel}","templated":true}]}}