{"id":17,"date":"2013-10-09T17:14:46","date_gmt":"2013-10-09T16:14:46","guid":{"rendered":""},"modified":"2013-10-16T17:39:13","modified_gmt":"2013-10-16T16:39:13","slug":"wishlist","status":"publish","type":"page","link":"https:\/\/nonsansraison.com\/en\/wishlist\/","title":{"rendered":"Wishlist"},"content":{"rendered":"\n\n\n\n<form\n\tid=\"yith-wcwl-form\"\n\taction=\"https:\/\/nonsansraison.com\/en\/wishlist\/\"\n\tmethod=\"post\"\n\tclass=\"woocommerce yith-wcwl-form wishlist-fragment\"\n\tdata-fragment-options=\"{&quot;per_page&quot;:5,&quot;current_page&quot;:1,&quot;pagination&quot;:&quot;no&quot;,&quot;wishlist_id&quot;:false,&quot;action_params&quot;:false,&quot;no_interactions&quot;:false,&quot;layout&quot;:&quot;&quot;,&quot;wishlist&quot;:false,&quot;is_default&quot;:true,&quot;is_custom_list&quot;:false,&quot;wishlist_token&quot;:&quot;&quot;,&quot;is_private&quot;:false,&quot;count&quot;:0,&quot;page_title&quot;:&quot;My wishlist on Non Sans Raison Store - Porcelaine de Limoges&quot;,&quot;default_wishlsit_title&quot;:&quot;My wishlist on Non Sans Raison Store - Porcelaine de Limoges&quot;,&quot;page_links&quot;:false,&quot;is_user_logged_in&quot;:false,&quot;is_user_owner&quot;:true,&quot;can_user_edit_title&quot;:false,&quot;show_price&quot;:true,&quot;show_dateadded&quot;:false,&quot;show_stock_status&quot;:true,&quot;show_add_to_cart&quot;:true,&quot;show_remove_product&quot;:true,&quot;add_to_cart_text&quot;:&quot;Add to Cart&quot;,&quot;show_ask_estimate_button&quot;:false,&quot;ask_estimate_url&quot;:&quot;&quot;,&quot;price_excl_tax&quot;:false,&quot;show_cb&quot;:false,&quot;show_quantity&quot;:false,&quot;show_variation&quot;:false,&quot;show_price_variations&quot;:false,&quot;show_update&quot;:false,&quot;enable_drag_n_drop&quot;:false,&quot;enable_add_all_to_cart&quot;:false,&quot;move_to_another_wishlist&quot;:false,&quot;repeat_remove_button&quot;:false,&quot;show_last_column&quot;:true,&quot;heading_icon&quot;:&quot;&quot;,&quot;share_enabled&quot;:false,&quot;template_part&quot;:&quot;view&quot;,&quot;additional_info&quot;:false,&quot;available_multi_wishlist&quot;:false,&quot;form_action&quot;:&quot;https:\\\/\\\/nonsansraison.com\\\/en\\\/wishlist\\\/&quot;,&quot;item&quot;:&quot;wishlist&quot;}\"\n>\n\n\t<!-- TITLE -->\n\t\t\t<div class=\"wishlist-title-container\">\n\t\t\t<div class=\"wishlist-title \">\n\t\t\t\t<h2>My wishlist on Non Sans Raison Store - Porcelaine de Limoges<\/h2>\t\t\t\t\t\t\t<\/div>\n\t\t\t\t\t<\/div>\n\t\n\n<div class=\"container\">\n\n\t<div id=\"yith-wcwl-messages\"><\/div>\n\t\n\t\t\t\t<div class=\"help-bar clearfix\">\n\t\t\t\t<span>Vous avez besoin d'aide ? Contactez nous par mail \u00e0 l'adresse suivante : <a href=\"mailto:mail@nonsansraison.com\">mail@nonsansraison.com<\/a><br \/>  <\/span>\n\t\t\t\t<ul>\n\t\t\t\t    <li><a href=\"#email-form\" class=\"inline\" data-toggle=\"modal\">Email Customer Care<\/a><\/li>\n\t\t\t\t    <li><a href=\"#shipping-information\" class=\"inline\" data-toggle=\"modal\">Shipping Information<\/a><\/li>\n\t\t\t\t    <li><a href=\"#returns-exchange\" class=\"inline\" data-toggle=\"modal\">Returns & Exchange<\/a><\/li>\n\t\t\t\t    <li><a href=\"#faqs\" class=\"inline\" data-toggle=\"modal\">FAQs<\/a><\/li>\n\t\t\t\t<\/ul>\n\t\t\t<\/div>\n\n\t\t\t<div id=\"email-form\" class=\"modal hide fade\" tabindex=\"-1\" role=\"dialog\" aria-labelledby=\"email-form-modal\" aria-hidden=\"true\">\n\t\t\t\t<div class=\"modal-header\">\n\t\t\t\t\t<button type=\"button\" class=\"close\" data-dismiss=\"modal\" aria-hidden=\"true\">\u00d7<\/button>\n\t\t\t\t\t<h3 id=\"email-form-modal\">Email Customer Care<\/h3>\n\t\t\t\t<\/div>\n\t\t\t\t<div class=\"modal-body\">\n\n\t\t\t\t\tN'h\u00e9sitez pas \u00e0 nous contacter par mail \u00e0 l'adresse : <a href=\"mailto:mail@nonsansraison.com\">mail@nonsansraison.com<\/a> <br \/> Please do not hesitate to contact us at <a href=\"mailto:mail@nonsansraison.com\">mail@nonsansraison.com<\/a> \n\t\t\t\t<\/div>\n\t\t\t<\/div>\n\n\t\t\t<div id=\"shipping-information\" class=\"modal hide fade\" tabindex=\"-1\" role=\"dialog\" aria-labelledby=\"shipping-modal\" aria-hidden=\"true\">\n\t\t\t\t<div class=\"modal-header\">\n\t\t\t\t\t<button type=\"button\" class=\"close\" data-dismiss=\"modal\" aria-hidden=\"true\">\u00d7<\/button>\n\t\t\t\t\t<h3 id=\"shipping-modal\">Shipping Information<\/h3>\n\t\t\t\t<\/div>\n\t\t\t\t<div class=\"modal-body\">\n\n\t\t\t\t\tN'h\u00e9sitez pas \u00e0 vous rendre sur notre page <a href=\"http:\/\/store.nonsansraison.com\/livraison-retour\/\">Livraison<\/a>  <br \/> \r\nPlease read on this link all information about  <a href=\"http:\/\/store.nonsansraison.com\/livraison-retour\/\">Shipping and delivery <\/a> \n\t\t\t\t<\/div>\n\t\t\t<\/div>\n\n\t\t\t<div id=\"returns-exchange\" class=\"modal hide fade\" tabindex=\"-1\" role=\"dialog\" aria-labelledby=\"returns-modal\" aria-hidden=\"true\">\n\t\t\t\t<div class=\"modal-header\">\n\t\t\t\t\t<button type=\"button\" class=\"close\" data-dismiss=\"modal\" aria-hidden=\"true\">\u00d7<\/button>\n\t\t\t\t\t<h3 id=\"returns-modal\">Returns & Exchange<\/h3>\n\t\t\t\t<\/div>\n\t\t\t\t<div class=\"modal-body\">\n\n\t\t\t\t\tN'h\u00e9sitez pas \u00e0 vous rendre sur notre page <a href=\"http:\/\/store.nonsansraison.com\/livraison-retour\/\"> Retours et \u00e9changes<\/a> <br \/> \r\nPlease read on this link all information about  <a href=\"http:\/\/store.nonsansraison.com\/livraison-retour\/\"> Returns and exchange<\/a> \n\t\t\t\t<\/div>\n\t\t\t<\/div>\n\n\t\t\t<div id=\"faqs\" class=\"modal hide fade\" tabindex=\"-1\" role=\"dialog\" aria-labelledby=\"faqs-modal\" aria-hidden=\"true\">\n\t\t\t\t<div class=\"modal-header\">\n\t\t\t\t\t<button type=\"button\" class=\"close\" data-dismiss=\"modal\" aria-hidden=\"true\">\u00d7<\/button>\n\t\t\t\t\t<h3 id=\"faqs-modal\">FAQs<\/h3>\n\t\t\t\t<\/div>\n\t\t\t\t<div class=\"modal-body\">\n\n\t\t\t\t\tN'h\u00e9sitez pas \u00e0 vous rendre sur notre page <a href=http:\/\/store.nonsansraison.com\/faqs\/\">FAQS<\/a> <br \/> \r\nPlease read on this link all about  <a href=http:\/\/store.nonsansraison.com\/faqs\/\">FAQS<\/a> \n\t\t\t\t<\/div>\n\t\t\t<\/div>\n\n\t\t\t\n\t<div class=\"my-account-left\">\n\t\n\t\t<h4 class=\"lined-heading\"><span>My Account<\/span><\/h4>\n\t\t<ul class=\"nav my-account-nav\">\n\t\t\t\t\t\t<li><a href=\"https:\/\/nonsansraison.com\/en\/shop-3\/\">Shop<\/a><\/li>\t\t\n\t\t\t<li><a href=\"https:\/\/nonsansraison.com\/en\/my-account\/\">Create Account \/ Login<\/a><\/li>\t\n\t\t\t\t\t<\/ul>\n\t\n\t<\/div>\n\t\n\t<div class=\"my-account-right tab-content\">\n\t\n\t\t\n\t\t\t<form id=\"yith-wcwl-form\" action=\"https:\/\/nonsansraison.com\/en\/wishlist\/\" method=\"post\" class=\"woocommerce\">\n\n\t\t\t    <input type=\"hidden\" id=\"yith_wcwl_form_nonce\" name=\"yith_wcwl_form_nonce\" value=\"90bfda3790\" \/><input type=\"hidden\" name=\"_wp_http_referer\" value=\"\/en\/wp-json\/wp\/v2\/pages\/17\" \/>\n\t\t\t    <!-- WISHLIST TABLE -->\n\t\t\t\t<table class=\"shop_table cart wishlist_table\" data-pagination=\"no\" data-per-page=\"5\" data-page=\"1\" data-id=\"\" data-token=\"\">\n\n\t\t\t\t    \n\t\t\t        <thead>\n\t\t\t        <tr>\n\t\t\t\t        \n\t\t\t\t        \t\t\t\t\t        <th class=\"product-remove\"><\/th>\n\t\t\t\t        \n\t\t\t            <th class=\"product-thumbnail\"><\/th>\n\n\t\t\t            <th class=\"product-name\">\n\t\t\t                <span class=\"nobr\">Product Name<\/span>\n\t\t\t            <\/th>\n\n\t\t\t            \n\t\t\t                <th class=\"product-price\">\n\t\t\t                    <span class=\"nobr\">\n\t\t\t                        Unit Price\t\t\t                    <\/span>\n\t\t\t                <\/th>\n\n\t\t\t            \n\t\t\t            \n\t\t\t                <th class=\"product-stock-status\">\n\t\t\t                    <span class=\"nobr\">\n\t\t\t                        Stock Status\t\t\t                    <\/span>\n\t\t\t                <\/th>\n\n\t\t\t            \n\t\t\t            \n\t\t\t                <th class=\"product-add-to-cart\"><\/th>\n\n\t\t\t            \t\t\t        <\/tr>\n\t\t\t        <\/thead>\n\n\t\t\t        <tbody>\n\t\t\t        \t\t\t            <tr>\n\t\t\t                <td colspan=\"6\" class=\"wishlist-empty\">No products were added to the wishlist<\/td>\n\t\t\t            <\/tr>\n\t\t\t        \t\t\t        <\/tbody>\n\n\t\t\t        <tfoot>\n\t\t\t        <tr>\n\t\t\t\t        <td colspan=\"6\">\n\t\t\t\t            \n\t\t\t\t            \n\t\t\t\t\t        \t\t\t\t        <\/td>\n\t\t\t        <\/tr>\n\t\t\t        <\/tfoot>\n\n\t\t\t    <\/table>\n\n\t\t\t    <input type=\"hidden\" id=\"yith_wcwl_edit_wishlist\" name=\"yith_wcwl_edit_wishlist\" value=\"a9d24d0023\" \/><input type=\"hidden\" name=\"_wp_http_referer\" value=\"\/en\/wp-json\/wp\/v2\/pages\/17\" \/>\n\t\t\t    \n\t\t\t<\/form>\n\n\t\t\t\n\t\t\t<a class=\"continue-shopping accent\" href=\"https:\/\/nonsansraison.com\/en\/shop-3\/\">Continue shopping<\/a>\n\n\t\t\t<\/div>\n\n<\/div>\n\n<div class=\"yith_wcwl_wishlist_footer\">\n\t\n\n\t\n\n\t\n\t<\/div>\n\n<input type=\"hidden\" id=\"yith_wcwl_edit_wishlist\" name=\"yith_wcwl_edit_wishlist\" value=\"a9d24d0023\" \/><input type=\"hidden\" name=\"_wp_http_referer\" value=\"\/en\/wp-json\/wp\/v2\/pages\/17\" \/><input type=\"hidden\" value=\"\" name=\"wishlist_id\" id=\"wishlist_id\">\n\n\n<\/form>\n\n\n\n\n","protected":false},"excerpt":{"rendered":"","protected":false},"author":1,"featured_media":0,"parent":0,"menu_order":0,"comment_status":"closed","ping_status":"open","template":"","meta":{"footnotes":"","_links_to":"","_links_to_target":""},"class_list":["post-17","page","type-page","status-publish","hentry"],"yoast_head":"<!-- This site is optimized with the Yoast SEO plugin v27.1.1 - https:\/\/yoast.com\/product\/yoast-seo-wordpress\/ -->\n<title>Wishlist - Non Sans Raison<\/title>\n<meta name=\"description\" content=\"Non Sans Raison, cr\u00e9ateur, fabricant et \u00e9diteur d&#039;art de la table et d&#039;objets design de haute facture artisanale en porcelaine de Limoges commercialis\u00e9es dans le monde entier et r\u00e9alis\u00e9es \u00e0 partir de mat\u00e9riaux nobles. Vente en ligne d&#039;art de la table moderne, assiettes, objets cadeaux design, porcelaine contemporaine et Wall Plates.\" \/>\n<meta name=\"robots\" content=\"index, follow, max-snippet:-1, max-image-preview:large, max-video-preview:-1\" \/>\n<link rel=\"canonical\" href=\"https:\/\/nonsansraison.com\/en\/wishlist\/\" \/>\n<meta property=\"og:locale\" content=\"en_US\" \/>\n<meta property=\"og:type\" content=\"article\" \/>\n<meta property=\"og:title\" content=\"Wishlist - Non Sans Raison\" \/>\n<meta property=\"og:description\" content=\"Non Sans Raison, cr\u00e9ateur, fabricant et \u00e9diteur d&#039;art de la table et d&#039;objets design de haute facture artisanale en porcelaine de Limoges commercialis\u00e9es dans le monde entier et r\u00e9alis\u00e9es \u00e0 partir de mat\u00e9riaux nobles. Vente en ligne d&#039;art de la table moderne, assiettes, objets cadeaux design, porcelaine contemporaine et Wall Plates.\" \/>\n<meta property=\"og:url\" content=\"https:\/\/nonsansraison.com\/en\/wishlist\/\" \/>\n<meta property=\"og:site_name\" content=\"Non Sans Raison\" \/>\n<meta property=\"article:publisher\" content=\"https:\/\/www.facebook.com\/nonsansraison\" \/>\n<meta property=\"article:modified_time\" content=\"2013-10-16T16:39:13+00:00\" \/>\n<meta property=\"og:image\" content=\"https:\/\/nonsansraison.com\/wp-content\/uploads\/2024\/11\/nonsansraisonedito22-427-1-scaled.jpg\" \/>\n\t<meta property=\"og:image:width\" content=\"2048\" \/>\n\t<meta property=\"og:image:height\" content=\"1365\" \/>\n\t<meta property=\"og:image:type\" content=\"image\/jpeg\" \/>\n<meta name=\"twitter:card\" content=\"summary_large_image\" \/>\n<meta name=\"twitter:site\" content=\"@nonsansraison\" \/>\n<script type=\"application\/ld+json\" class=\"yoast-schema-graph\">{\"@context\":\"https:\/\/schema.org\",\"@graph\":[{\"@type\":\"WebPage\",\"@id\":\"https:\/\/nonsansraison.com\/en\/wishlist\/\",\"url\":\"https:\/\/nonsansraison.com\/en\/wishlist\/\",\"name\":\"Wishlist - Non Sans Raison\",\"isPartOf\":{\"@id\":\"https:\/\/nonsansraison.com\/#website\"},\"datePublished\":\"2013-10-09T16:14:46+00:00\",\"dateModified\":\"2013-10-16T16:39:13+00:00\",\"description\":\"Non Sans Raison, cr\u00e9ateur, fabricant et \u00e9diteur d'art de la table et d'objets design de haute facture artisanale en porcelaine de Limoges commercialis\u00e9es dans le monde entier et r\u00e9alis\u00e9es \u00e0 partir de mat\u00e9riaux nobles. Vente en ligne d'art de la table moderne, assiettes, objets cadeaux design, porcelaine contemporaine et Wall Plates.\",\"breadcrumb\":{\"@id\":\"https:\/\/nonsansraison.com\/en\/wishlist\/#breadcrumb\"},\"inLanguage\":\"en-US\",\"potentialAction\":[{\"@type\":\"ReadAction\",\"target\":[\"https:\/\/nonsansraison.com\/en\/wishlist\/\"]}]},{\"@type\":\"BreadcrumbList\",\"@id\":\"https:\/\/nonsansraison.com\/en\/wishlist\/#breadcrumb\",\"itemListElement\":[{\"@type\":\"ListItem\",\"position\":1,\"name\":\"Accueil\",\"item\":\"https:\/\/nonsansraison.com\/en\/\"},{\"@type\":\"ListItem\",\"position\":2,\"name\":\"Wishlist\"}]},{\"@type\":\"WebSite\",\"@id\":\"https:\/\/nonsansraison.com\/#website\",\"url\":\"https:\/\/nonsansraison.com\/\",\"name\":\"Non Sans Raison\",\"description\":\"Porcelaine de Limoges\",\"publisher\":{\"@id\":\"https:\/\/nonsansraison.com\/#organization\"},\"potentialAction\":[{\"@type\":\"SearchAction\",\"target\":{\"@type\":\"EntryPoint\",\"urlTemplate\":\"https:\/\/nonsansraison.com\/?s={search_term_string}\"},\"query-input\":{\"@type\":\"PropertyValueSpecification\",\"valueRequired\":true,\"valueName\":\"search_term_string\"}}],\"inLanguage\":\"en-US\"},{\"@type\":\"Organization\",\"@id\":\"https:\/\/nonsansraison.com\/#organization\",\"name\":\"Non Sans Raison\",\"url\":\"https:\/\/nonsansraison.com\/\",\"logo\":{\"@type\":\"ImageObject\",\"inLanguage\":\"en-US\",\"@id\":\"https:\/\/nonsansraison.com\/#\/schema\/logo\/image\/\",\"url\":\"https:\/\/nonsansraison.com\/wp-content\/uploads\/2021\/07\/logo-Non-Sans-Raison-porcelaine-Limoges-France.jpg\",\"contentUrl\":\"https:\/\/nonsansraison.com\/wp-content\/uploads\/2021\/07\/logo-Non-Sans-Raison-porcelaine-Limoges-France.jpg\",\"width\":500,\"height\":500,\"caption\":\"Non Sans Raison\"},\"image\":{\"@id\":\"https:\/\/nonsansraison.com\/#\/schema\/logo\/image\/\"},\"sameAs\":[\"https:\/\/www.facebook.com\/nonsansraison\",\"https:\/\/x.com\/nonsansraison\",\"https:\/\/www.instagram.com\/nonsansraison\/\",\"https:\/\/www.linkedin.com\/company\/non-sans-raison\",\"https:\/\/fr.pinterest.com\/nonsansraison\/\"]}]}<\/script>\n<!-- \/ Yoast SEO plugin. -->","yoast_head_json":{"title":"Wishlist - Non Sans Raison","description":"Non Sans Raison, cr\u00e9ateur, fabricant et \u00e9diteur d'art de la table et d'objets design de haute facture artisanale en porcelaine de Limoges commercialis\u00e9es dans le monde entier et r\u00e9alis\u00e9es \u00e0 partir de mat\u00e9riaux nobles. Vente en ligne d'art de la table moderne, assiettes, objets cadeaux design, porcelaine contemporaine et Wall Plates.","robots":{"index":"index","follow":"follow","max-snippet":"max-snippet:-1","max-image-preview":"max-image-preview:large","max-video-preview":"max-video-preview:-1"},"canonical":"https:\/\/nonsansraison.com\/en\/wishlist\/","og_locale":"en_US","og_type":"article","og_title":"Wishlist - Non Sans Raison","og_description":"Non Sans Raison, cr\u00e9ateur, fabricant et \u00e9diteur d'art de la table et d'objets design de haute facture artisanale en porcelaine de Limoges commercialis\u00e9es dans le monde entier et r\u00e9alis\u00e9es \u00e0 partir de mat\u00e9riaux nobles. Vente en ligne d'art de la table moderne, assiettes, objets cadeaux design, porcelaine contemporaine et Wall Plates.","og_url":"https:\/\/nonsansraison.com\/en\/wishlist\/","og_site_name":"Non Sans Raison","article_publisher":"https:\/\/www.facebook.com\/nonsansraison","article_modified_time":"2013-10-16T16:39:13+00:00","og_image":[{"width":2048,"height":1365,"url":"https:\/\/nonsansraison.com\/wp-content\/uploads\/2024\/11\/nonsansraisonedito22-427-1-scaled.jpg","type":"image\/jpeg"}],"twitter_card":"summary_large_image","twitter_site":"@nonsansraison","schema":{"@context":"https:\/\/schema.org","@graph":[{"@type":"WebPage","@id":"https:\/\/nonsansraison.com\/en\/wishlist\/","url":"https:\/\/nonsansraison.com\/en\/wishlist\/","name":"Wishlist - Non Sans Raison","isPartOf":{"@id":"https:\/\/nonsansraison.com\/#website"},"datePublished":"2013-10-09T16:14:46+00:00","dateModified":"2013-10-16T16:39:13+00:00","description":"Non Sans Raison, cr\u00e9ateur, fabricant et \u00e9diteur d'art de la table et d'objets design de haute facture artisanale en porcelaine de Limoges commercialis\u00e9es dans le monde entier et r\u00e9alis\u00e9es \u00e0 partir de mat\u00e9riaux nobles. Vente en ligne d'art de la table moderne, assiettes, objets cadeaux design, porcelaine contemporaine et Wall Plates.","breadcrumb":{"@id":"https:\/\/nonsansraison.com\/en\/wishlist\/#breadcrumb"},"inLanguage":"en-US","potentialAction":[{"@type":"ReadAction","target":["https:\/\/nonsansraison.com\/en\/wishlist\/"]}]},{"@type":"BreadcrumbList","@id":"https:\/\/nonsansraison.com\/en\/wishlist\/#breadcrumb","itemListElement":[{"@type":"ListItem","position":1,"name":"Accueil","item":"https:\/\/nonsansraison.com\/en\/"},{"@type":"ListItem","position":2,"name":"Wishlist"}]},{"@type":"WebSite","@id":"https:\/\/nonsansraison.com\/#website","url":"https:\/\/nonsansraison.com\/","name":"Non Sans Raison","description":"Porcelaine de Limoges","publisher":{"@id":"https:\/\/nonsansraison.com\/#organization"},"potentialAction":[{"@type":"SearchAction","target":{"@type":"EntryPoint","urlTemplate":"https:\/\/nonsansraison.com\/?s={search_term_string}"},"query-input":{"@type":"PropertyValueSpecification","valueRequired":true,"valueName":"search_term_string"}}],"inLanguage":"en-US"},{"@type":"Organization","@id":"https:\/\/nonsansraison.com\/#organization","name":"Non Sans Raison","url":"https:\/\/nonsansraison.com\/","logo":{"@type":"ImageObject","inLanguage":"en-US","@id":"https:\/\/nonsansraison.com\/#\/schema\/logo\/image\/","url":"https:\/\/nonsansraison.com\/wp-content\/uploads\/2021\/07\/logo-Non-Sans-Raison-porcelaine-Limoges-France.jpg","contentUrl":"https:\/\/nonsansraison.com\/wp-content\/uploads\/2021\/07\/logo-Non-Sans-Raison-porcelaine-Limoges-France.jpg","width":500,"height":500,"caption":"Non Sans Raison"},"image":{"@id":"https:\/\/nonsansraison.com\/#\/schema\/logo\/image\/"},"sameAs":["https:\/\/www.facebook.com\/nonsansraison","https:\/\/x.com\/nonsansraison","https:\/\/www.instagram.com\/nonsansraison\/","https:\/\/www.linkedin.com\/company\/non-sans-raison","https:\/\/fr.pinterest.com\/nonsansraison\/"]}]}},"_links":{"self":[{"href":"https:\/\/nonsansraison.com\/en\/wp-json\/wp\/v2\/pages\/17","targetHints":{"allow":["GET"]}}],"collection":[{"href":"https:\/\/nonsansraison.com\/en\/wp-json\/wp\/v2\/pages"}],"about":[{"href":"https:\/\/nonsansraison.com\/en\/wp-json\/wp\/v2\/types\/page"}],"author":[{"embeddable":true,"href":"https:\/\/nonsansraison.com\/en\/wp-json\/wp\/v2\/users\/1"}],"replies":[{"embeddable":true,"href":"https:\/\/nonsansraison.com\/en\/wp-json\/wp\/v2\/comments?post=17"}],"version-history":[{"count":1,"href":"https:\/\/nonsansraison.com\/en\/wp-json\/wp\/v2\/pages\/17\/revisions"}],"predecessor-version":[{"id":249,"href":"https:\/\/nonsansraison.com\/en\/wp-json\/wp\/v2\/pages\/17\/revisions\/249"}],"wp:attachment":[{"href":"https:\/\/nonsansraison.com\/en\/wp-json\/wp\/v2\/media?parent=17"}],"curies":[{"name":"wp","href":"https:\/\/api.w.org\/{rel}","templated":true}]}}