{"id":13076,"date":"2016-12-08T19:43:36","date_gmt":"2016-12-08T18:43:36","guid":{"rendered":"https:\/\/nonsansraison.com\/manifeste\/"},"modified":"2022-06-16T13:21:10","modified_gmt":"2022-06-16T12:21:10","slug":"commitments","status":"publish","type":"page","link":"https:\/\/nonsansraison.com\/en\/commitments\/","title":{"rendered":"Our Commitments"},"content":{"rendered":"[fullwidth_text alt_background=&#8221;none&#8221; width=&#8221;1\/1&#8243; el_position=&#8221;first last&#8221;]\n<h2 style=\"text-align: center;\"><span style=\"color: #00b6ed;\">Our Commitments<br \/>\n<\/span><\/h2>\n<p style=\"text-align: center;\"><div class=\"horizontal-break\"> <\/div>\n<div class=\"one_half\">\n<p>Of all the European countries, France remained for a long time the most refractory nation to contemporary dishes. Producing a real contemporary collection did not hold the real attention of the industrialists and the general public. In the past, critics have claimed that porcelain does not value contemporary creation, quality for everyday use, and that the work of decoration ignores or neglects the intrinsic qualities of porcelain. For many of his contemporaries, porcelain is tinged with a pastist connotation, like traditional rites and tableware services of a length to pale the minimalists. This is how Non Sans Raison engages in a modern approach in the same purpose, that of awakening the sleeping beauty that is porcelain.<\/p>\n<\/div>\n<div class=\"one_half last\">\n<p>through creative valorization while increasing its quality grades. For the creation of our tableware sets, we start from its primary function and ease of handling pieces. The team makes the most of the product and exalts its natural qualities while perpetuating a production in the image of the ancestral know-how. Quality is preferred to quantity. Short tableware sets, high-fired decorations for optimal holding, multi-functional and modular pieces between them, patterns with formalized interactions, place Non Sans Raison in a contemporary creativity. In close relationship with the know-how of the most skilled craftsmen, we rely on artistic innovation as a vector of valorization and development of products around the creative potential of the white gold from Limoges.<\/p>\n<\/div><div class=\"clearboth\"><\/div>\n[\/fullwidth_text] [blank_spacer height=&#8221;30px&#8221; width=&#8221;1\/1&#8243; el_position=&#8221;first last&#8221;] [portfolio display_type=&#8221;gallery&#8221; columns=&#8221;3&#8243; show_title=&#8221;no&#8221; show_subtitle=&#8221;no&#8221; show_excerpt=&#8221;no&#8221; excerpt_length=&#8221;60&#8243; item_count=&#8221;12&#8243; category=&#8221;our-commitments&#8221; portfolio_filter=&#8221;no&#8221; pagination=&#8221;no&#8221; width=&#8221;1\/1&#8243; el_position=&#8221;first last&#8221;] [blank_spacer height=&#8221;20px&#8221; width=&#8221;1\/1&#8243; el_position=&#8221;first last&#8221;] [fullwidth_text alt_background=&#8221;none&#8221; width=&#8221;1\/1&#8243; el_position=&#8221;first last&#8221;]\n<div class=\"one_half\">\n<p>To know how to manage the relationship of the present with the past, the tradition and the change, are tasks which belong to our generation as well as to the previous ones; to do so, ethically, reasonably and in a balanced way, is first and foremost a mark of intelligence. It is a way to enrich our heritage and deepen this honest pleasure.<\/p>\n<\/div>\n<div class=\"one_half last\">\n<p>The stamp Non Sans Raison is thus a declaration of intention of perfection and a manifest to the radiance of know-how of Limoges porcelain makers. Inscribing one&#8217;s imprint on performance, modernity, innovation and know-how corresponds to the creations and speeches in which Non Sans Raison enjoys evolving.<\/p>\n<\/div><div class=\"clearboth\"><\/div>\n[\/fullwidth_text] [blank_spacer height=&#8221;20px&#8221; width=&#8221;1\/1&#8243; el_position=&#8221;first last&#8221;] [portfolio display_type=&#8221;gallery&#8221; columns=&#8221;3&#8243; show_title=&#8221;no&#8221; show_subtitle=&#8221;no&#8221; show_excerpt=&#8221;no&#8221; excerpt_length=&#8221;60&#8243; item_count=&#8221;12&#8243; category=&#8221;notre-manifeste&#8221; portfolio_filter=&#8221;no&#8221; pagination=&#8221;no&#8221; width=&#8221;1\/1&#8243; el_position=&#8221;first last&#8221;] [testimonial_slider title=&#8221;Instantan\u00e9s&#8221; text_size=&#8221;large&#8221; item_count=&#8221;10&#8243; order=&#8221;rand&#8221; category=&#8221;citations&#8221; animation=&#8221;slide&#8221; autoplay=&#8221;yes&#8221; alt_background=&#8221;alt-nine&#8221; el_class=&#8221;mt0 bt0 no-arrow&#8221; width=&#8221;1\/1&#8243; el_position=&#8221;first last&#8221;] [blank_spacer height=&#8221;20px&#8221; width=&#8221;1\/1&#8243; el_position=&#8221;first last&#8221;] [portfolio display_type=&#8221;standard&#8221; columns=&#8221;2&#8243; show_title=&#8221;no&#8221; show_subtitle=&#8221;no&#8221; show_excerpt=&#8221;no&#8221; excerpt_length=&#8221;20&#8243; item_count=&#8221;12&#8243; category=&#8221;nos-actions&#8221; portfolio_filter=&#8221;no&#8221; pagination=&#8221;no&#8221; width=&#8221;1\/1&#8243; el_position=&#8221;first last&#8221;] [blank_spacer height=&#8221;20px&#8221; width=&#8221;1\/1&#8243; el_position=&#8221;first last&#8221;] [spb_text_block pb_margin_bottom=&#8221;no&#8221; pb_border_bottom=&#8221;no&#8221; width=&#8221;1\/4&#8243; el_position=&#8221;first&#8221;]\n<div class=\"chart-shortcode chart-170 chart-center\" data-linewidth=\"12\" data-percent=\"0\" data-animatepercent=\"100\" data-size=\"170\" data-barcolor=\"#00b5ec\" data-trackcolor=\"#00b5ec\"><span><i class=\"fa-pencil\"><\/i><\/span><\/div>\n<h3 style=\"text-align: center;\">Sustainable objects<\/h3>\n<p style=\"text-align: center;\">We seek above all the best qualities and test each creation to offer objects that last and are transmitted, especially with the choice of the high-fired porcelain for the majority of our decorations, prerequisite essential to any sincere responsible action.<\/p>\n[\/spb_text_block] [spb_text_block pb_margin_bottom=&#8221;no&#8221; pb_border_bottom=&#8221;no&#8221; width=&#8221;1\/4&#8243;]\n<div class=\"chart-shortcode chart-170 chart-center\" data-linewidth=\"12\" data-percent=\"0\" data-animatepercent=\"100\" data-size=\"170\" data-barcolor=\"#00b5ec\" data-trackcolor=\"#00b5ec\"><span><i class=\"fa-industry\"><\/i><\/span><\/div>\n<h3 style=\"text-align: center;\">100 % made in France<\/h3>\n<p>Our high quality artisan products are made in Limoges porcelain. Our workshops and manufacture are based in Limoges and all our suppliers, from raw material to packaging, are located in France and selected with the greatest care.<\/p>\n<p>&nbsp;<\/p>\n[\/spb_text_block] [spb_text_block pb_margin_bottom=&#8221;no&#8221; pb_border_bottom=&#8221;no&#8221; width=&#8221;1\/4&#8243;]\n<div class=\"chart-shortcode chart-170 chart-center\" data-linewidth=\"12\" data-percent=\"0\" data-animatepercent=\"100\" data-size=\"170\" data-barcolor=\"#00b5ec\" data-trackcolor=\"#00b5ec\"><span><i class=\"fa-eye\"><\/i><\/span><\/div>\n<h3 style=\"text-align: center;\">At the forefront of innovation<\/h3>\n<p style=\"text-align: center;\">Attentive to new technologies and particularly digital, we offer a place to experiment and develop new tools applied to ceramics. Turning to contemporary technology while safeguarding manual skills is one of our challenges.<\/p>\n[\/spb_text_block] [spb_text_block pb_margin_bottom=&#8221;no&#8221; pb_border_bottom=&#8221;no&#8221; width=&#8221;1\/4&#8243; el_position=&#8221;last&#8221;]\n<div class=\"chart-shortcode chart-170 chart-center\" data-linewidth=\"12\" data-percent=\"0\" data-animatepercent=\"100\" data-size=\"170\" data-barcolor=\"#00b5ec\" data-trackcolor=\"#00b5ec\"><span><i class=\"fa-recycle\"><\/i><\/span><\/div>\n<h3 style=\"text-align: center;\">Recycled<\/h3>\n<p>Recycling is today a reflection at the heart of our company. Our pieces from shoots, tests or defects are reused for public or charities events as partners. They are also sometimes crushed for our scenography and thus find a second life.<\/p>\n[\/spb_text_block] [blank_spacer height=&#8221;40px&#8221; width=&#8221;1\/1&#8243; el_position=&#8221;first last&#8221;] [divider type=&#8221;thin&#8221; text=&#8221;Go to top&#8221; full_width=&#8221;yes&#8221; width=&#8221;1\/1&#8243; el_position=&#8221;first last&#8221;] [fullwidth_text alt_background=&#8221;none&#8221; width=&#8221;1\/1&#8243; el_position=&#8221;first last&#8221;]\n<p style=\"text-align: center;\"><a href=\"https:\/\/nonsansraison.com\/wp-content\/uploads\/2013\/10\/Manifeste-Non-Sans-Raison.pdf\">Manifeste Non Sans Raison here<\/a><\/p>\n<p style=\"text-align: center;\">\u00c9ditions Non Sans Raison September 2010\u00a0\u2013\u00a0Manifeste printed by Otrad Paris.<\/p>\n[\/fullwidth_text] [blank_spacer height=&#8221;18px&#8221; width=&#8221;1\/1&#8243; el_position=&#8221;first last&#8221;]\n","protected":false},"excerpt":{"rendered":"<p>[fullwidth_text alt_background=&#8221;none&#8221; width=&#8221;1\/1&#8243; el_position=&#8221;first last&#8221;] Our Commitments [\/fullwidth_text] [blank_spacer height=&#8221;30px&#8221; width=&#8221;1\/1&#8243; el_position=&#8221;first last&#8221;] [portfolio display_type=&#8221;gallery&#8221; columns=&#8221;3&#8243; show_title=&#8221;no&#8221; show_subtitle=&#8221;no&#8221; show_excerpt=&#8221;no&#8221; excerpt_length=&#8221;60&#8243; item_count=&#8221;12&#8243; category=&#8221;our-commitments&#8221; portfolio_filter=&#8221;no&#8221; pagination=&#8221;no&#8221; width=&#8221;1\/1&#8243; el_position=&#8221;first last&#8221;] [blank_spacer height=&#8221;20px&#8221; width=&#8221;1\/1&#8243; el_position=&#8221;first last&#8221;] [fullwidth_text alt_background=&#8221;none&#8221; width=&#8221;1\/1&#8243; el_position=&#8221;first last&#8221;] [\/fullwidth_text] [blank_spacer height=&#8221;20px&#8221; width=&#8221;1\/1&#8243; el_position=&#8221;first last&#8221;] [portfolio display_type=&#8221;gallery&#8221; columns=&#8221;3&#8243; show_title=&#8221;no&#8221; show_subtitle=&#8221;no&#8221; show_excerpt=&#8221;no&#8221; excerpt_length=&#8221;60&#8243; item_count=&#8221;12&#8243; category=&#8221;notre-manifeste&#8221; portfolio_filter=&#8221;no&#8221; pagination=&#8221;no&#8221; width=&#8221;1\/1&#8243; el_position=&#8221;first last&#8221;] [testimonial_slider title=&#8221;Instantan\u00e9s&#8221; text_size=&#8221;large&#8221; [&hellip;]<\/p>\n","protected":false},"author":1,"featured_media":0,"parent":0,"menu_order":0,"comment_status":"closed","ping_status":"closed","template":"","meta":{"footnotes":"","_links_to":"","_links_to_target":""},"class_list":["post-13076","page","type-page","status-publish","hentry"],"yoast_head":"<!-- This site is optimized with the Yoast SEO plugin v27.1.1 - https:\/\/yoast.com\/product\/yoast-seo-wordpress\/ -->\n<title>Notre manifeste<\/title>\n<meta name=\"description\" content=\"Vous souhaitez en savoir plus sur nos motivations et notre \u00e9thique. Nous vous invitons \u00e0 lire notre manifeste que nous avons r\u00e9alis\u00e9 \u00e0 la cr\u00e9ation de notre entreprise.\" \/>\n<meta name=\"robots\" content=\"index, follow, max-snippet:-1, max-image-preview:large, max-video-preview:-1\" \/>\n<link rel=\"canonical\" href=\"https:\/\/nonsansraison.com\/en\/commitments\/\" \/>\n<meta property=\"og:locale\" content=\"en_US\" \/>\n<meta property=\"og:type\" content=\"article\" \/>\n<meta property=\"og:title\" content=\"Notre manifeste\" \/>\n<meta property=\"og:description\" content=\"Vous souhaitez en savoir plus sur nos motivations et notre \u00e9thique. Nous vous invitons \u00e0 lire notre manifeste que nous avons r\u00e9alis\u00e9 \u00e0 la cr\u00e9ation de notre entreprise.\" \/>\n<meta property=\"og:url\" content=\"https:\/\/nonsansraison.com\/en\/commitments\/\" \/>\n<meta property=\"og:site_name\" content=\"Non Sans Raison\" \/>\n<meta property=\"article:publisher\" content=\"https:\/\/www.facebook.com\/nonsansraison\" \/>\n<meta property=\"article:modified_time\" content=\"2022-06-16T12:21:10+00:00\" \/>\n<meta property=\"og:image\" content=\"https:\/\/nonsansraison.com\/wp-content\/uploads\/2024\/11\/nonsansraisonedito22-427-1-scaled.jpg\" \/>\n\t<meta property=\"og:image:width\" content=\"2048\" \/>\n\t<meta property=\"og:image:height\" content=\"1365\" \/>\n\t<meta property=\"og:image:type\" content=\"image\/jpeg\" \/>\n<meta name=\"twitter:card\" content=\"summary_large_image\" \/>\n<meta name=\"twitter:site\" content=\"@nonsansraison\" \/>\n<meta name=\"twitter:label1\" content=\"Est. reading time\" \/>\n\t<meta name=\"twitter:data1\" content=\"4 minutes\" \/>\n<script type=\"application\/ld+json\" class=\"yoast-schema-graph\">{\"@context\":\"https:\/\/schema.org\",\"@graph\":[{\"@type\":\"WebPage\",\"@id\":\"https:\/\/nonsansraison.com\/en\/commitments\/\",\"url\":\"https:\/\/nonsansraison.com\/en\/commitments\/\",\"name\":\"Notre manifeste\",\"isPartOf\":{\"@id\":\"https:\/\/nonsansraison.com\/#website\"},\"datePublished\":\"2016-12-08T18:43:36+00:00\",\"dateModified\":\"2022-06-16T12:21:10+00:00\",\"description\":\"Vous souhaitez en savoir plus sur nos motivations et notre \u00e9thique. Nous vous invitons \u00e0 lire notre manifeste que nous avons r\u00e9alis\u00e9 \u00e0 la cr\u00e9ation de notre entreprise.\",\"breadcrumb\":{\"@id\":\"https:\/\/nonsansraison.com\/en\/commitments\/#breadcrumb\"},\"inLanguage\":\"en-US\",\"potentialAction\":[{\"@type\":\"ReadAction\",\"target\":[\"https:\/\/nonsansraison.com\/en\/commitments\/\"]}]},{\"@type\":\"BreadcrumbList\",\"@id\":\"https:\/\/nonsansraison.com\/en\/commitments\/#breadcrumb\",\"itemListElement\":[{\"@type\":\"ListItem\",\"position\":1,\"name\":\"Accueil\",\"item\":\"https:\/\/nonsansraison.com\/en\/\"},{\"@type\":\"ListItem\",\"position\":2,\"name\":\"Our Commitments\"}]},{\"@type\":\"WebSite\",\"@id\":\"https:\/\/nonsansraison.com\/#website\",\"url\":\"https:\/\/nonsansraison.com\/\",\"name\":\"Non Sans Raison\",\"description\":\"Porcelaine de Limoges\",\"publisher\":{\"@id\":\"https:\/\/nonsansraison.com\/#organization\"},\"potentialAction\":[{\"@type\":\"SearchAction\",\"target\":{\"@type\":\"EntryPoint\",\"urlTemplate\":\"https:\/\/nonsansraison.com\/?s={search_term_string}\"},\"query-input\":{\"@type\":\"PropertyValueSpecification\",\"valueRequired\":true,\"valueName\":\"search_term_string\"}}],\"inLanguage\":\"en-US\"},{\"@type\":\"Organization\",\"@id\":\"https:\/\/nonsansraison.com\/#organization\",\"name\":\"Non Sans Raison\",\"url\":\"https:\/\/nonsansraison.com\/\",\"logo\":{\"@type\":\"ImageObject\",\"inLanguage\":\"en-US\",\"@id\":\"https:\/\/nonsansraison.com\/#\/schema\/logo\/image\/\",\"url\":\"https:\/\/nonsansraison.com\/wp-content\/uploads\/2021\/07\/logo-Non-Sans-Raison-porcelaine-Limoges-France.jpg\",\"contentUrl\":\"https:\/\/nonsansraison.com\/wp-content\/uploads\/2021\/07\/logo-Non-Sans-Raison-porcelaine-Limoges-France.jpg\",\"width\":500,\"height\":500,\"caption\":\"Non Sans Raison\"},\"image\":{\"@id\":\"https:\/\/nonsansraison.com\/#\/schema\/logo\/image\/\"},\"sameAs\":[\"https:\/\/www.facebook.com\/nonsansraison\",\"https:\/\/x.com\/nonsansraison\",\"https:\/\/www.instagram.com\/nonsansraison\/\",\"https:\/\/www.linkedin.com\/company\/non-sans-raison\",\"https:\/\/fr.pinterest.com\/nonsansraison\/\"]}]}<\/script>\n<!-- \/ Yoast SEO plugin. -->","yoast_head_json":{"title":"Notre manifeste","description":"Vous souhaitez en savoir plus sur nos motivations et notre \u00e9thique. Nous vous invitons \u00e0 lire notre manifeste que nous avons r\u00e9alis\u00e9 \u00e0 la cr\u00e9ation de notre entreprise.","robots":{"index":"index","follow":"follow","max-snippet":"max-snippet:-1","max-image-preview":"max-image-preview:large","max-video-preview":"max-video-preview:-1"},"canonical":"https:\/\/nonsansraison.com\/en\/commitments\/","og_locale":"en_US","og_type":"article","og_title":"Notre manifeste","og_description":"Vous souhaitez en savoir plus sur nos motivations et notre \u00e9thique. Nous vous invitons \u00e0 lire notre manifeste que nous avons r\u00e9alis\u00e9 \u00e0 la cr\u00e9ation de notre entreprise.","og_url":"https:\/\/nonsansraison.com\/en\/commitments\/","og_site_name":"Non Sans Raison","article_publisher":"https:\/\/www.facebook.com\/nonsansraison","article_modified_time":"2022-06-16T12:21:10+00:00","og_image":[{"width":2048,"height":1365,"url":"https:\/\/nonsansraison.com\/wp-content\/uploads\/2024\/11\/nonsansraisonedito22-427-1-scaled.jpg","type":"image\/jpeg"}],"twitter_card":"summary_large_image","twitter_site":"@nonsansraison","twitter_misc":{"Est. reading time":"4 minutes"},"schema":{"@context":"https:\/\/schema.org","@graph":[{"@type":"WebPage","@id":"https:\/\/nonsansraison.com\/en\/commitments\/","url":"https:\/\/nonsansraison.com\/en\/commitments\/","name":"Notre manifeste","isPartOf":{"@id":"https:\/\/nonsansraison.com\/#website"},"datePublished":"2016-12-08T18:43:36+00:00","dateModified":"2022-06-16T12:21:10+00:00","description":"Vous souhaitez en savoir plus sur nos motivations et notre \u00e9thique. Nous vous invitons \u00e0 lire notre manifeste que nous avons r\u00e9alis\u00e9 \u00e0 la cr\u00e9ation de notre entreprise.","breadcrumb":{"@id":"https:\/\/nonsansraison.com\/en\/commitments\/#breadcrumb"},"inLanguage":"en-US","potentialAction":[{"@type":"ReadAction","target":["https:\/\/nonsansraison.com\/en\/commitments\/"]}]},{"@type":"BreadcrumbList","@id":"https:\/\/nonsansraison.com\/en\/commitments\/#breadcrumb","itemListElement":[{"@type":"ListItem","position":1,"name":"Accueil","item":"https:\/\/nonsansraison.com\/en\/"},{"@type":"ListItem","position":2,"name":"Our Commitments"}]},{"@type":"WebSite","@id":"https:\/\/nonsansraison.com\/#website","url":"https:\/\/nonsansraison.com\/","name":"Non Sans Raison","description":"Porcelaine de Limoges","publisher":{"@id":"https:\/\/nonsansraison.com\/#organization"},"potentialAction":[{"@type":"SearchAction","target":{"@type":"EntryPoint","urlTemplate":"https:\/\/nonsansraison.com\/?s={search_term_string}"},"query-input":{"@type":"PropertyValueSpecification","valueRequired":true,"valueName":"search_term_string"}}],"inLanguage":"en-US"},{"@type":"Organization","@id":"https:\/\/nonsansraison.com\/#organization","name":"Non Sans Raison","url":"https:\/\/nonsansraison.com\/","logo":{"@type":"ImageObject","inLanguage":"en-US","@id":"https:\/\/nonsansraison.com\/#\/schema\/logo\/image\/","url":"https:\/\/nonsansraison.com\/wp-content\/uploads\/2021\/07\/logo-Non-Sans-Raison-porcelaine-Limoges-France.jpg","contentUrl":"https:\/\/nonsansraison.com\/wp-content\/uploads\/2021\/07\/logo-Non-Sans-Raison-porcelaine-Limoges-France.jpg","width":500,"height":500,"caption":"Non Sans Raison"},"image":{"@id":"https:\/\/nonsansraison.com\/#\/schema\/logo\/image\/"},"sameAs":["https:\/\/www.facebook.com\/nonsansraison","https:\/\/x.com\/nonsansraison","https:\/\/www.instagram.com\/nonsansraison\/","https:\/\/www.linkedin.com\/company\/non-sans-raison","https:\/\/fr.pinterest.com\/nonsansraison\/"]}]}},"_links":{"self":[{"href":"https:\/\/nonsansraison.com\/en\/wp-json\/wp\/v2\/pages\/13076","targetHints":{"allow":["GET"]}}],"collection":[{"href":"https:\/\/nonsansraison.com\/en\/wp-json\/wp\/v2\/pages"}],"about":[{"href":"https:\/\/nonsansraison.com\/en\/wp-json\/wp\/v2\/types\/page"}],"author":[{"embeddable":true,"href":"https:\/\/nonsansraison.com\/en\/wp-json\/wp\/v2\/users\/1"}],"replies":[{"embeddable":true,"href":"https:\/\/nonsansraison.com\/en\/wp-json\/wp\/v2\/comments?post=13076"}],"version-history":[{"count":6,"href":"https:\/\/nonsansraison.com\/en\/wp-json\/wp\/v2\/pages\/13076\/revisions"}],"predecessor-version":[{"id":15466,"href":"https:\/\/nonsansraison.com\/en\/wp-json\/wp\/v2\/pages\/13076\/revisions\/15466"}],"wp:attachment":[{"href":"https:\/\/nonsansraison.com\/en\/wp-json\/wp\/v2\/media?parent=13076"}],"curies":[{"name":"wp","href":"https:\/\/api.w.org\/{rel}","templated":true}]}}