{"id":128,"date":"2013-10-11T16:38:15","date_gmt":"2013-10-11T15:38:15","guid":{"rendered":"http:\/\/store.nonsansraison.com\/?page_id=128"},"modified":"2025-04-02T08:08:03","modified_gmt":"2025-04-02T07:08:03","slug":"where-to-find-us","status":"publish","type":"page","link":"https:\/\/nonsansraison.com\/en\/where-to-find-us\/","title":{"rendered":"Where to find us"},"content":{"rendered":"[spb_accordion width=&#8221;1\/1&#8243; el_position=&#8221;first last&#8221;] [spb_accordion_tab title=&#8221;Our store in Limoges&#8221; accordion_id=&#8221;our-store-in-limoges&#8221; icon=&#8221;&#8221;] [spb_text_block pb_margin_bottom=&#8221;no&#8221; pb_border_bottom=&#8221;no&#8221; width=&#8221;1\/1&#8243; el_position=&#8221;first last&#8221;]\n<p>Non Sans Raison,\u00a05 Impasse d\u2019Isly, 87000 Limoges, FRANCE<\/p>\n<p>Opening hours: 10:00 AM &#8211; 1:00 PM \/ 2:00 PM &#8211; 7:00 PM<\/p>\n<p>Phone: +33(0)5 55 10 93 13<\/p>\n<p>Feel free to order online and pick up your purchase at our store in Limoges by selecting the &#8220;in-store pickup&#8221; delivery method.<\/p>\n[\/spb_text_block] [spb_text_block pb_margin_bottom=&#8221;no&#8221; pb_border_bottom=&#8221;no&#8221; width=&#8221;1\/1&#8243; el_position=&#8221;first last&#8221;]\n<p><iframe loading=\"lazy\" title=\"NON SANS RAISON, Discover Our Boutique &amp; Workshops in Limoges\" width=\"500\" height=\"281\" src=\"https:\/\/www.youtube.com\/embed\/2zICtDOSmmk?feature=oembed&#038;enablejsapi=1&#038;origin=https:\/\/nonsansraison.com\" frameborder=\"0\" allow=\"accelerometer; autoplay; clipboard-write; encrypted-media; gyroscope; picture-in-picture; web-share\" referrerpolicy=\"strict-origin-when-cross-origin\" allowfullscreen><\/iframe><\/p>\n<p>&nbsp;<\/p>\n[\/spb_text_block] [\/spb_accordion_tab] [spb_accordion_tab title=&#8221;FRANCE &#8211; Paris&#8221; accordion_id=&#8221;&#8221; icon=&#8221;&#8221;] [spb_text_block pb_margin_bottom=&#8221;no&#8221; pb_border_bottom=&#8221;no&#8221; width=&#8221;1\/1&#8243; el_position=&#8221;first last&#8221;]\n<h4><strong>PARIS 1<\/strong><\/h4>\n<p>THINK &amp; MORE 108 rue Saint Honor\u00e9 75001 Paris FRANCE<\/p>\n<h4 class=\"line margin\"><strong>PARIS 2\u00a0<\/strong><\/h4>\n<p>SECRETS D\u2019INT\u00c9RIEUR 58, Galerie Vivienne 75002 Paris FRANCE<\/p>\n<h4 class=\"line margin\"><strong>PARIS 3\u00a0<\/strong><\/h4>\n<p>CO\u00cfNCIDENCE PARIS 11 rue chapon 75003 Paris FRANCE<\/p>\n<p>RICHARD ORF\u00c9VRE 30 rue des Gravilliers 75003 Paris FRANCE<\/p>\n<h4 class=\"line margin\"><strong>PARIS\u00a06<\/strong><\/h4>\n<p>XANADOU\u00a010 Rue Saint-Sulpice, 75006 Paris FRANCE<\/p>\n<h4 class=\"line margin\"><strong>PARIS 7\u00a0<\/strong><\/h4>\n<p>LE BON MARCH\u00c9 24 rue de s\u00e8vres 75007 Paris FRANCE<\/p>\n<p>DESIGN ET NOUS 16 rue d\u2019Augureau 75007 Paris FRANCE<\/p>\n<p><strong>\u00a0<\/strong>GALERIE HSP\u00a0Village Suisse, 13 rue Alasseur, 75015 Paris FRANCE<\/p>\n<h4 class=\"line margin\"><strong>PARIS 9\u00a0<\/strong><\/h4>\n<p>MAISON DU LIMOUSIN 30 rue Caumartin 75009 Paris<\/p>\n<p>A MA TABLE 72 rue des Martyrs 75009 Paris<\/p>\n<p>Showroom ZWILLING Interior Design 33, rue de la Rochefoucauld 75009 Paris<\/p>\n<h4 class=\"line margin\"><strong>PARIS 10\u00a0<\/strong><\/h4>\n<p>CHOSES 86 Quai de Jemmapes, 75010 Paris FRANCE<\/p>\n<h4 class=\"line margin\"><strong>PARIS 15\u00a0<\/strong><\/h4>\n<p><span class=\"_xdb\">GALERIE HSP\u00a0Village Suisse, 13 rue Alasseur, 75015 Paris FRANCE<\/span><\/p>\n<p><span class=\"_xdb\">SAPRISTA\u00a0<\/span><span class=\"_Xbe\">11 Place Adolphe Ch\u00e9rioux, 75015 Paris<\/span><\/p>\n<h4 class=\"line margin\"><strong>PARIS 16\u00a0<\/strong><\/h4>\n<p>SILVERA WAGRAM 39-41 avenue de Wagram 75017 Paris FRANCE<\/p>\n<div class=\"line margin\"><\/div>\n[\/spb_text_block] [\/spb_accordion_tab] [spb_accordion_tab title=&#8221;FRANCE &#8211; Province &amp; Monaco&#8221; accordion_id=&#8221;&#8221; icon=&#8221;&#8221;] [spb_text_block pb_margin_bottom=&#8221;no&#8221; pb_border_bottom=&#8221;no&#8221; width=&#8221;1\/1&#8243; el_position=&#8221;first last&#8221;]\n<h4><strong>PROVINCE 04\u00a0<\/strong><\/h4>\n<p>LA BASTIDE DE MOUSTIERS Chemin de Quinson, 04360 Moustiers-Sainte-Marie FRANCE<\/p>\n<h4><strong>PROVINCE 06\u00a0<\/strong><\/h4>\n<p>CASA D\u2019AMOR DESIGN 84 rue Grande 06570 Saint-Paul de Vence FRANCE<\/p>\n<h4 class=\"line margin\"><strong>PROVINCE 13\u00a0<\/strong><\/h4>\n<p>L\u2019AUTRE ORNITHORYNQUE 55 rue Sainte 13001 Marseille FRANCE<\/p>\n<p>LA MAISON MONTIGNY 5 rue Lucas de Montigny 13100 Aix-en-Provence FRANCE<\/p>\n<h4 class=\"line margin\"><strong>PROVINCE 28\u00a0<\/strong><\/h4>\n<p>TERRE DE FEMME 31 rue Saint-Martin 28100 Dreux FRANCE<\/p>\n<h4 class=\"line margin\"><strong>PROVINCE 31\u00a0<\/strong><\/h4>\n<p>TRENTOTTO 14 rue Paul Vidal 31000 Toulouse FRANCE<\/p>\n<p>MOUVANCE 17 Rue Antonin Merci\u00e9, 31000 Toulouse FRANCE (collections kids)<\/p>\n<h4 class=\"line margin\"><strong>PROVINCE 33\u00a0<\/strong><\/h4>\n<p>VIGNOBLES &amp; CHATEAU TANT QU\u2019IL Y AURA DU VIN 1 rue du clocher 33330 Saint-\u00c9milion FRANCE<\/p>\n<h4 class=\"line margin\"><strong>PROVINCE 56\u00a0<\/strong><\/h4>\n<p>ART\u2019HOME ZA de Montauban 56340\u00a0Carnac FRANCE<\/p>\n<h4 class=\"line margin\"><strong>PROVINCE 59<\/strong><\/h4>\n<p>VILLA CARVOIS 60 Avenue John Fitzgerald Kennedy, 59170 Croix FRANCE<\/p>\n<h4 class=\"line margin\"><strong>PROVINCE 63<\/strong><\/h4>\n<p>MONNERET 35 Rue du 11 Novembre, 63000 Clermont-Ferrand FRANCE<\/p>\n<h4 class=\"line margin\"><strong>PROVINCE 69\u00a0<\/strong><\/h4>\n<p>HYGGELIG 13 rue Auguste Comte 69000 Lyon FRANCE<\/p>\n<p>AMAL GALLERY 18 Rue de S\u00e8ze, 69006 Lyon FRANCE<\/p>\n<p><strong>PROVINCE 74<\/strong><\/p>\n<p>UTILE ET FUTILE 25 Rue Jean-Jacques Rousseau, 74000 Annecy FRANCE<\/p>\n<p><strong>PROVINCE 87\u00a0<\/strong><\/p>\n<p>GALERIE LACHANIETTE &amp; LACHANIETTE PRESTIGE 2 &amp; 27 boulevard Louis Blanc 87000 Limoges FRANCE<\/p>\n<p>GALERIE HUIT SEPT\u00a09, rue Jeanty Sarre 87000 Limoges FRANCE<\/p>\n<p>DESIGN DIFFUSION 12 rue Jean Jaur\u00e8s Limoges FRANCE<\/p>\n<p>MUSEE NATIONAL ADRIEN DUBOUCHE 8 Place Winston Churchill, 87000 Limoges FRANCE<\/p>\n<h4 class=\"line margin\"><strong>PROVINCE 90\u00a0<\/strong><\/h4>\n<p>MANDARINE 18 Faubourg des Anc\u00eatres 90000 Belfort FRANCE<\/p>\n<h4><strong>MONACO<\/strong><\/h4>\n<p>TOP CUISINE 19 RUE PRINCESSE CAROLINE 98000 Monaco MONACO<\/p>\n<p><span style=\"color: #777777; font-family: Arial, Verdana, 'Helvetica san-serif'; font-size: 12px;\">\u00a0<\/span><\/p>\n[\/spb_text_block] [\/spb_accordion_tab] [spb_accordion_tab title=&#8221;EUROPE&#8221; accordion_id=&#8221;&#8221; icon=&#8221;&#8221;] [spb_text_block pb_margin_bottom=&#8221;no&#8221; pb_border_bottom=&#8221;no&#8221; width=&#8221;1\/1&#8243; el_position=&#8221;first last&#8221;]\n<h4><strong>BELGIUM<\/strong><\/h4>\n<p>AZ DESIGN Zoning Artisanal de Waterloo Avenue des P\u00e2querettes 55, b\u00e2timent 7 1410 Waterloo BELGIUM<\/p>\n<p>PLEIN 30 Plein 30 8500 Kortrijk BELGIUM<\/p>\n<h4 class=\"line margin\"><strong>DANEMARK<\/strong><\/h4>\n<p>STILLEBEN Niels Hemmingsens Gade 3 DK-1153 Copenhagen K<\/p>\n<h4 class=\"line margin\"><strong>GERMANY<\/strong><\/h4>\n<p>F95 Luckenwalder strasse 4-6 10963 Berlin<\/p>\n<p>BLUMEN Trankgasse 1-5 50667 K\u00f6ln<\/p>\n<h4 class=\"line margin\"><strong>GRECE\u00a0<\/strong><\/h4>\n<p>DELOUDIS 225-227 Kifissias Ave, Kifissia, 14561, 145 61, Gr\u00e8ce<\/p>\n<h4><strong>ITALY<\/strong><\/h4>\n<p>DOVETUSAI Via sigieri 24 20135 Milano ITALY<\/p>\n<p>GALLERIA LUISA DELLE PIANE Via Montebello 14 20212 Milano ITALY<\/p>\n<p>ENTRATA LIBERA Corso independanza 16 20129 Milano ITALY<\/p>\n<p>SHOP SAMAN Via Fiamma 5 20129 Milano ITALY<\/p>\n<h4 class=\"line margin\"><strong>LUXEMBOURG\u00a0<\/strong><\/h4>\n<p>MUDAM SHOP 3, Park Dr\u00e4i Eechelen L-1499 Luxembourg LUXEMBOURG<\/p>\n<p>BONN 9 rue Philippe II\u00a0B.P 333 L-2013 Luxembourg LUXEMBOURG<\/p>\n<h4><strong>NORWAY<\/strong><\/h4>\n<p>NORDEN &amp; VERDEN O.J.Brochgate 10 A 5 etg. 5006 Bergen NORWAY<\/p>\n<h4 class=\"line margin\"><strong>SWEDEN<\/strong><\/h4>\n<p><span class=\"_xdb\">ARTILLERIET\u00a0<\/span><span class=\"_Xbe\">Magasinsgatan 19, 411 18 G\u00f6teborg SWEDEN<\/span><\/p>\n<p><span class=\"_Xbe\">TAMBUR<\/span> Konsumentv\u00e4gen 8A 125 30 \u00c4lvsj\u00f6\u00a0SWEDEN<\/p>\n<h4 class=\"line margin\"><strong>SWITZERLAND\u00a0<\/strong><\/h4>\n<p>SEVEN SISTERS Spalenberg 38 CH \u2013 4051 Basel SWITZERLAND<\/p>\n<p>TIP\u2019S 19 Grande Rue 1204 Gen\u00e8ve SWITZERLAND<\/p>\n<p>ABYSSE GALERIE BOUTIQUE 88 rue Louis de Savoie CH-1100 Morges SWITZERLAND<\/p>\n<p>BONGENIE GRIEDER 8001 CONCEPT Bahnhofstrasse 30 CH- 8001 Zurick SWITZERLAND<\/p>\n<h4 class=\"line margin\"><strong>UKRAINE<\/strong><\/h4>\n<p>TANDEM frunze str. 5, k.10 61002 \u2013 KHARKOV<\/p>\n<h4><strong>UK<\/strong><\/h4>\n<p>KEVIN GLANCY 2 lund Street Old Trafford Manchester ENGLAND<\/p>\n<p><span style=\"color: #777777; font-family: Arial, Verdana, 'Helvetica san-serif'; font-size: 12px;\">\u00a0<\/span><\/p>\n<p><span style=\"color: #777777; font-family: Arial, Verdana, 'Helvetica san-serif'; font-size: 12px;\">\u00a0<\/span><\/p>\n[\/spb_text_block] [\/spb_accordion_tab] [spb_accordion_tab title=&#8221;WORLD&#8221; accordion_id=&#8221;&#8221; icon=&#8221;&#8221;] [spb_text_block pb_margin_bottom=&#8221;no&#8221; pb_border_bottom=&#8221;no&#8221; width=&#8221;1\/1&#8243; el_position=&#8221;first last&#8221;]\n<h4><strong>AUSTRALIA<\/strong><\/h4>\n<p>FRANQUE 811 High Street, Armadale 3143 Melbourne Victoria AUSTRALIA<\/p>\n<h4><strong>BAHRAIN<\/strong><\/h4>\n<p>NEST #10, 1321 Place, Road 2527 Saar 525, Kingdom of Bahrain<\/p>\n<h4><strong>ISRAEL\u00a0<\/strong><\/h4>\n<p>AURELIA PARADIS 18 Heh Biyar 620923 Tel Aviv ISRAEL<\/p>\n<h4><strong>USA<\/strong><\/h4>\n<p>FORTY FIVE TEN 4510 McKinney Ave, Dallas, TX 75205<\/p>\n<p>MAINDISH\u00a04120 N Marshall Way\u00a0Scottsdale \/ Phoenix , AZ 85251<\/p>\n<p>TABLEART 7977 Melrose Avenue Los Angeles CA 90046<\/p>\n<p>VAUDEVILLE LIVING\u00a0230 E Main St, Fredericksburg, TX 78624<\/p>\n<p>THE WEBSTER 1220 Collins Ave, Miami Beach, FL 33139<\/p>\n<p>THE WEBSTER 2508, 29 Greene St, New York, NY 10013<\/p>\n<p><span style=\"color: #777777; font-family: Arial, Verdana, 'Helvetica san-serif'; font-size: 12px;\">\u00a0<\/span><\/p>\n<p><span style=\"color: #777777; font-family: Arial, Verdana, 'Helvetica san-serif'; font-size: 12px;\">\u00a0<\/span><\/p>\n<p><span style=\"color: #777777; font-family: Arial, Verdana, 'Helvetica san-serif'; font-size: 12px;\">\u00a0<\/span><\/p>\n[\/spb_text_block] [\/spb_accordion_tab] [spb_accordion_tab title=&#8221;ONLINE SHOP&#8221; accordion_id=&#8221;&#8221; icon=&#8221;&#8221;] [spb_text_block pb_margin_bottom=&#8221;no&#8221; pb_border_bottom=&#8221;no&#8221; width=&#8221;1\/1&#8243; el_position=&#8221;first last&#8221;]\n<p>Utile et Futile\u00a0http:\/\/www.utileetfutile.fr<\/p>\n<p>Galerie HSP\u00a0<a href=\"https:\/\/www.nou-design.fr\/fr\/\">https:\/\/www.nou-design.fr\/fr\/<\/a><\/p>\n<p>Pamono\u00a0https:\/\/www.pamono.fr<\/p>\n[\/spb_text_block] [\/spb_accordion_tab] [\/spb_accordion]\n","protected":false},"excerpt":{"rendered":"<p>[spb_accordion width=&#8221;1\/1&#8243; el_position=&#8221;first last&#8221;] [spb_accordion_tab title=&#8221;Our store in Limoges&#8221; accordion_id=&#8221;our-store-in-limoges&#8221; icon=&#8221;&#8221;] [spb_text_block pb_margin_bottom=&#8221;no&#8221; pb_border_bottom=&#8221;no&#8221; width=&#8221;1\/1&#8243; el_position=&#8221;first last&#8221;] Non Sans Raison,\u00a05 Impasse d\u2019Isly, 87000 Limoges, FRANCE Opening hours: 10:00 AM &#8211; 1:00 PM \/ 2:00 PM &#8211; 7:00 PM Phone: +33(0)5 55 10 93 13 Feel free to order online and pick up your purchase at our store in Limoges by [&hellip;]<\/p>\n","protected":false},"author":1,"featured_media":0,"parent":0,"menu_order":0,"comment_status":"closed","ping_status":"closed","template":"","meta":{"footnotes":"","_links_to":"","_links_to_target":""},"class_list":["post-128","page","type-page","status-publish","hentry"],"yoast_head":"<!-- This site is optimized with the Yoast SEO plugin v27.1.1 - https:\/\/yoast.com\/product\/yoast-seo-wordpress\/ -->\n<title>Where to find us - Non Sans Raison<\/title>\n<meta name=\"description\" content=\"Non Sans Raison, cr\u00e9ateur, fabricant et \u00e9diteur d&#039;art de la table et d&#039;objets design de haute facture artisanale en porcelaine de Limoges commercialis\u00e9es dans le monde entier et r\u00e9alis\u00e9es \u00e0 partir de mat\u00e9riaux nobles. Vente en ligne d&#039;art de la table moderne, assiettes, objets cadeaux design, porcelaine contemporaine et Wall Plates.\" \/>\n<meta name=\"robots\" content=\"index, follow, max-snippet:-1, max-image-preview:large, max-video-preview:-1\" \/>\n<link rel=\"canonical\" href=\"https:\/\/nonsansraison.com\/en\/where-to-find-us\/\" \/>\n<meta property=\"og:locale\" content=\"en_US\" \/>\n<meta property=\"og:type\" content=\"article\" \/>\n<meta property=\"og:title\" content=\"Where to find us - Non Sans Raison\" \/>\n<meta property=\"og:description\" content=\"Non Sans Raison, cr\u00e9ateur, fabricant et \u00e9diteur d&#039;art de la table et d&#039;objets design de haute facture artisanale en porcelaine de Limoges commercialis\u00e9es dans le monde entier et r\u00e9alis\u00e9es \u00e0 partir de mat\u00e9riaux nobles. Vente en ligne d&#039;art de la table moderne, assiettes, objets cadeaux design, porcelaine contemporaine et Wall Plates.\" \/>\n<meta property=\"og:url\" content=\"https:\/\/nonsansraison.com\/en\/where-to-find-us\/\" \/>\n<meta property=\"og:site_name\" content=\"Non Sans Raison\" \/>\n<meta property=\"article:publisher\" content=\"https:\/\/www.facebook.com\/nonsansraison\" \/>\n<meta property=\"article:modified_time\" content=\"2025-04-02T07:08:03+00:00\" \/>\n<meta property=\"og:image\" content=\"https:\/\/nonsansraison.com\/wp-content\/uploads\/2024\/11\/nonsansraisonedito22-427-1-scaled.jpg\" \/>\n\t<meta property=\"og:image:width\" content=\"2048\" \/>\n\t<meta property=\"og:image:height\" content=\"1365\" \/>\n\t<meta property=\"og:image:type\" content=\"image\/jpeg\" \/>\n<meta name=\"twitter:card\" content=\"summary_large_image\" \/>\n<meta name=\"twitter:site\" content=\"@nonsansraison\" \/>\n<meta name=\"twitter:label1\" content=\"Est. reading time\" \/>\n\t<meta name=\"twitter:data1\" content=\"4 minutes\" \/>\n<script type=\"application\/ld+json\" class=\"yoast-schema-graph\">{\"@context\":\"https:\/\/schema.org\",\"@graph\":[{\"@type\":\"WebPage\",\"@id\":\"https:\/\/nonsansraison.com\/en\/where-to-find-us\/\",\"url\":\"https:\/\/nonsansraison.com\/en\/where-to-find-us\/\",\"name\":\"Where to find us - Non Sans Raison\",\"isPartOf\":{\"@id\":\"https:\/\/nonsansraison.com\/#website\"},\"datePublished\":\"2013-10-11T15:38:15+00:00\",\"dateModified\":\"2025-04-02T07:08:03+00:00\",\"description\":\"Non Sans Raison, cr\u00e9ateur, fabricant et \u00e9diteur d'art de la table et d'objets design de haute facture artisanale en porcelaine de Limoges commercialis\u00e9es dans le monde entier et r\u00e9alis\u00e9es \u00e0 partir de mat\u00e9riaux nobles. Vente en ligne d'art de la table moderne, assiettes, objets cadeaux design, porcelaine contemporaine et Wall Plates.\",\"breadcrumb\":{\"@id\":\"https:\/\/nonsansraison.com\/en\/where-to-find-us\/#breadcrumb\"},\"inLanguage\":\"en-US\",\"potentialAction\":[{\"@type\":\"ReadAction\",\"target\":[\"https:\/\/nonsansraison.com\/en\/where-to-find-us\/\"]}]},{\"@type\":\"BreadcrumbList\",\"@id\":\"https:\/\/nonsansraison.com\/en\/where-to-find-us\/#breadcrumb\",\"itemListElement\":[{\"@type\":\"ListItem\",\"position\":1,\"name\":\"Accueil\",\"item\":\"https:\/\/nonsansraison.com\/en\/\"},{\"@type\":\"ListItem\",\"position\":2,\"name\":\"Where to find us\"}]},{\"@type\":\"WebSite\",\"@id\":\"https:\/\/nonsansraison.com\/#website\",\"url\":\"https:\/\/nonsansraison.com\/\",\"name\":\"Non Sans Raison\",\"description\":\"Porcelaine de Limoges\",\"publisher\":{\"@id\":\"https:\/\/nonsansraison.com\/#organization\"},\"potentialAction\":[{\"@type\":\"SearchAction\",\"target\":{\"@type\":\"EntryPoint\",\"urlTemplate\":\"https:\/\/nonsansraison.com\/?s={search_term_string}\"},\"query-input\":{\"@type\":\"PropertyValueSpecification\",\"valueRequired\":true,\"valueName\":\"search_term_string\"}}],\"inLanguage\":\"en-US\"},{\"@type\":\"Organization\",\"@id\":\"https:\/\/nonsansraison.com\/#organization\",\"name\":\"Non Sans Raison\",\"url\":\"https:\/\/nonsansraison.com\/\",\"logo\":{\"@type\":\"ImageObject\",\"inLanguage\":\"en-US\",\"@id\":\"https:\/\/nonsansraison.com\/#\/schema\/logo\/image\/\",\"url\":\"https:\/\/nonsansraison.com\/wp-content\/uploads\/2021\/07\/logo-Non-Sans-Raison-porcelaine-Limoges-France.jpg\",\"contentUrl\":\"https:\/\/nonsansraison.com\/wp-content\/uploads\/2021\/07\/logo-Non-Sans-Raison-porcelaine-Limoges-France.jpg\",\"width\":500,\"height\":500,\"caption\":\"Non Sans Raison\"},\"image\":{\"@id\":\"https:\/\/nonsansraison.com\/#\/schema\/logo\/image\/\"},\"sameAs\":[\"https:\/\/www.facebook.com\/nonsansraison\",\"https:\/\/x.com\/nonsansraison\",\"https:\/\/www.instagram.com\/nonsansraison\/\",\"https:\/\/www.linkedin.com\/company\/non-sans-raison\",\"https:\/\/fr.pinterest.com\/nonsansraison\/\"]}]}<\/script>\n<!-- \/ Yoast SEO plugin. -->","yoast_head_json":{"title":"Where to find us - Non Sans Raison","description":"Non Sans Raison, cr\u00e9ateur, fabricant et \u00e9diteur d'art de la table et d'objets design de haute facture artisanale en porcelaine de Limoges commercialis\u00e9es dans le monde entier et r\u00e9alis\u00e9es \u00e0 partir de mat\u00e9riaux nobles. Vente en ligne d'art de la table moderne, assiettes, objets cadeaux design, porcelaine contemporaine et Wall Plates.","robots":{"index":"index","follow":"follow","max-snippet":"max-snippet:-1","max-image-preview":"max-image-preview:large","max-video-preview":"max-video-preview:-1"},"canonical":"https:\/\/nonsansraison.com\/en\/where-to-find-us\/","og_locale":"en_US","og_type":"article","og_title":"Where to find us - Non Sans Raison","og_description":"Non Sans Raison, cr\u00e9ateur, fabricant et \u00e9diteur d'art de la table et d'objets design de haute facture artisanale en porcelaine de Limoges commercialis\u00e9es dans le monde entier et r\u00e9alis\u00e9es \u00e0 partir de mat\u00e9riaux nobles. Vente en ligne d'art de la table moderne, assiettes, objets cadeaux design, porcelaine contemporaine et Wall Plates.","og_url":"https:\/\/nonsansraison.com\/en\/where-to-find-us\/","og_site_name":"Non Sans Raison","article_publisher":"https:\/\/www.facebook.com\/nonsansraison","article_modified_time":"2025-04-02T07:08:03+00:00","og_image":[{"width":2048,"height":1365,"url":"https:\/\/nonsansraison.com\/wp-content\/uploads\/2024\/11\/nonsansraisonedito22-427-1-scaled.jpg","type":"image\/jpeg"}],"twitter_card":"summary_large_image","twitter_site":"@nonsansraison","twitter_misc":{"Est. reading time":"4 minutes"},"schema":{"@context":"https:\/\/schema.org","@graph":[{"@type":"WebPage","@id":"https:\/\/nonsansraison.com\/en\/where-to-find-us\/","url":"https:\/\/nonsansraison.com\/en\/where-to-find-us\/","name":"Where to find us - Non Sans Raison","isPartOf":{"@id":"https:\/\/nonsansraison.com\/#website"},"datePublished":"2013-10-11T15:38:15+00:00","dateModified":"2025-04-02T07:08:03+00:00","description":"Non Sans Raison, cr\u00e9ateur, fabricant et \u00e9diteur d'art de la table et d'objets design de haute facture artisanale en porcelaine de Limoges commercialis\u00e9es dans le monde entier et r\u00e9alis\u00e9es \u00e0 partir de mat\u00e9riaux nobles. Vente en ligne d'art de la table moderne, assiettes, objets cadeaux design, porcelaine contemporaine et Wall Plates.","breadcrumb":{"@id":"https:\/\/nonsansraison.com\/en\/where-to-find-us\/#breadcrumb"},"inLanguage":"en-US","potentialAction":[{"@type":"ReadAction","target":["https:\/\/nonsansraison.com\/en\/where-to-find-us\/"]}]},{"@type":"BreadcrumbList","@id":"https:\/\/nonsansraison.com\/en\/where-to-find-us\/#breadcrumb","itemListElement":[{"@type":"ListItem","position":1,"name":"Accueil","item":"https:\/\/nonsansraison.com\/en\/"},{"@type":"ListItem","position":2,"name":"Where to find us"}]},{"@type":"WebSite","@id":"https:\/\/nonsansraison.com\/#website","url":"https:\/\/nonsansraison.com\/","name":"Non Sans Raison","description":"Porcelaine de Limoges","publisher":{"@id":"https:\/\/nonsansraison.com\/#organization"},"potentialAction":[{"@type":"SearchAction","target":{"@type":"EntryPoint","urlTemplate":"https:\/\/nonsansraison.com\/?s={search_term_string}"},"query-input":{"@type":"PropertyValueSpecification","valueRequired":true,"valueName":"search_term_string"}}],"inLanguage":"en-US"},{"@type":"Organization","@id":"https:\/\/nonsansraison.com\/#organization","name":"Non Sans Raison","url":"https:\/\/nonsansraison.com\/","logo":{"@type":"ImageObject","inLanguage":"en-US","@id":"https:\/\/nonsansraison.com\/#\/schema\/logo\/image\/","url":"https:\/\/nonsansraison.com\/wp-content\/uploads\/2021\/07\/logo-Non-Sans-Raison-porcelaine-Limoges-France.jpg","contentUrl":"https:\/\/nonsansraison.com\/wp-content\/uploads\/2021\/07\/logo-Non-Sans-Raison-porcelaine-Limoges-France.jpg","width":500,"height":500,"caption":"Non Sans Raison"},"image":{"@id":"https:\/\/nonsansraison.com\/#\/schema\/logo\/image\/"},"sameAs":["https:\/\/www.facebook.com\/nonsansraison","https:\/\/x.com\/nonsansraison","https:\/\/www.instagram.com\/nonsansraison\/","https:\/\/www.linkedin.com\/company\/non-sans-raison","https:\/\/fr.pinterest.com\/nonsansraison\/"]}]}},"_links":{"self":[{"href":"https:\/\/nonsansraison.com\/en\/wp-json\/wp\/v2\/pages\/128","targetHints":{"allow":["GET"]}}],"collection":[{"href":"https:\/\/nonsansraison.com\/en\/wp-json\/wp\/v2\/pages"}],"about":[{"href":"https:\/\/nonsansraison.com\/en\/wp-json\/wp\/v2\/types\/page"}],"author":[{"embeddable":true,"href":"https:\/\/nonsansraison.com\/en\/wp-json\/wp\/v2\/users\/1"}],"replies":[{"embeddable":true,"href":"https:\/\/nonsansraison.com\/en\/wp-json\/wp\/v2\/comments?post=128"}],"version-history":[{"count":7,"href":"https:\/\/nonsansraison.com\/en\/wp-json\/wp\/v2\/pages\/128\/revisions"}],"predecessor-version":[{"id":19752,"href":"https:\/\/nonsansraison.com\/en\/wp-json\/wp\/v2\/pages\/128\/revisions\/19752"}],"wp:attachment":[{"href":"https:\/\/nonsansraison.com\/en\/wp-json\/wp\/v2\/media?parent=128"}],"curies":[{"name":"wp","href":"https:\/\/api.w.org\/{rel}","templated":true}]}}